{"id":1342,"date":"2025-04-29T15:07:17","date_gmt":"2025-04-29T13:07:17","guid":{"rendered":"https:\/\/olog.no\/?page_id=1342"},"modified":"2025-04-29T15:34:01","modified_gmt":"2025-04-29T13:34:01","slug":"kontakt-oss","status":"publish","type":"page","link":"https:\/\/olog.no\/en\/kontakt-oss\/","title":{"rendered":"Contact"},"content":{"rendered":"<div data-elementor-type=\"wp-page\" data-elementor-id=\"1342\" class=\"elementor elementor-1342\" data-elementor-settings=\"{&quot;ha_cmc_init_switcher&quot;:&quot;no&quot;}\" data-elementor-post-type=\"page\">\n\t\t\t\t\t\t<section class=\"elementor-section elementor-top-section elementor-element elementor-element-9be757e elementor-section-height-min-height elementor-section-boxed elementor-section-height-default elementor-section-items-middle\" data-id=\"9be757e\" data-element_type=\"section\" data-e-type=\"section\" data-settings=\"{&quot;background_background&quot;:&quot;classic&quot;,&quot;shape_divider_bottom&quot;:&quot;opacity-tilt&quot;,&quot;_ha_eqh_enable&quot;:false}\">\n\t\t\t\t\t<div class=\"elementor-shape elementor-shape-bottom\" aria-hidden=\"true\" data-negative=\"false\">\n\t\t\t<svg xmlns=\"http:\/\/www.w3.org\/2000\/svg\" viewbox=\"0 0 2600 131.1\" preserveaspectratio=\"none\">\n\t<path class=\"elementor-shape-fill\" d=\"M0 0L2600 0 2600 69.1 0 0z\"\/>\n\t<path class=\"elementor-shape-fill\" style=\"opacity:0.5\" d=\"M0 0L2600 0 2600 69.1 0 69.1z\"\/>\n\t<path class=\"elementor-shape-fill\" style=\"opacity:0.25\" d=\"M2600 0L0 0 0 130.1 2600 69.1z\"\/>\n<\/svg>\t\t<\/div>\n\t\t\t\t\t<div class=\"elementor-container elementor-column-gap-wide\">\n\t\t\t\t\t<div class=\"elementor-column elementor-col-50 elementor-top-column elementor-element elementor-element-ac71939\" data-id=\"ac71939\" data-element_type=\"column\" data-e-type=\"column\">\n\t\t\t<div class=\"elementor-widget-wrap elementor-element-populated\">\n\t\t\t\t\t\t<div class=\"elementor-element elementor-element-b5673d4 elementor-widget elementor-widget-heading\" data-id=\"b5673d4\" data-element_type=\"widget\" data-e-type=\"widget\" data-widget_type=\"heading.default\">\n\t\t\t\t<div class=\"elementor-widget-container\">\n\t\t\t\t\t<h1 class=\"elementor-heading-title elementor-size-default\">Contact us<\/h1>\t\t\t\t<\/div>\n\t\t\t\t<\/div>\n\t\t\t\t<div class=\"elementor-element elementor-element-7ceb1fd elementor-widget-divider--view-line elementor-widget elementor-widget-divider\" data-id=\"7ceb1fd\" data-element_type=\"widget\" data-e-type=\"widget\" data-widget_type=\"divider.default\">\n\t\t\t\t<div class=\"elementor-widget-container\">\n\t\t\t\t\t\t\t<div class=\"elementor-divider\">\n\t\t\t<span class=\"elementor-divider-separator\">\n\t\t\t\t\t\t<\/span>\n\t\t<\/div>\n\t\t\t\t\t\t<\/div>\n\t\t\t\t<\/div>\n\t\t\t\t<div class=\"elementor-element elementor-element-68bf36b elementor-widget elementor-widget-text-editor\" data-id=\"68bf36b\" data-element_type=\"widget\" data-e-type=\"widget\" data-widget_type=\"text-editor.default\">\n\t\t\t\t<div class=\"elementor-widget-container\">\n\t\t\t\t\t\t\t\t\t<p class=\"translation-block\">Do you have questions about our services, or do you need a quote? \nFeel free to contact us \u2013 we are happy to help!<\/p>\t\t\t\t\t\t\t\t<\/div>\n\t\t\t\t<\/div>\n\t\t\t\t\t<\/div>\n\t\t<\/div>\n\t\t\t\t<div class=\"elementor-column elementor-col-50 elementor-top-column elementor-element elementor-element-e1bfb84\" data-id=\"e1bfb84\" data-element_type=\"column\" data-e-type=\"column\">\n\t\t\t<div class=\"elementor-widget-wrap elementor-element-populated\">\n\t\t\t\t\t\t<div class=\"elementor-element elementor-element-0ed7f6b elementor-widget__width-initial animated-slow elementor-invisible elementor-widget elementor-widget-image\" data-id=\"0ed7f6b\" data-element_type=\"widget\" data-e-type=\"widget\" data-settings=\"{&quot;_animation&quot;:&quot;bounceInRight&quot;}\" data-widget_type=\"image.default\">\n\t\t\t\t<div class=\"elementor-widget-container\">\n\t\t\t\t\t\t\t\t\t\t\t\t\t\t\t<img decoding=\"async\" src=\"https:\/\/olog.no\/wp-content\/uploads\/elementor\/thumbs\/RING-OSS-scaled-r2gq92oovjnwmkhl1jvos5ib4ih6ja28onq77mu2ps.jpg\" title=\"RING OSS\" alt=\"RING ELLER SEND MAIL\" loading=\"lazy\" \/>\t\t\t\t\t\t\t\t\t\t\t\t\t\t\t<\/div>\n\t\t\t\t<\/div>\n\t\t\t\t\t<\/div>\n\t\t<\/div>\n\t\t\t\t\t<\/div>\n\t\t<\/section>\n\t\t\t\t<section class=\"elementor-section elementor-top-section elementor-element elementor-element-c23190e elementor-section-boxed elementor-section-height-default elementor-section-height-default\" data-id=\"c23190e\" data-element_type=\"section\" data-e-type=\"section\" data-settings=\"{&quot;_ha_eqh_enable&quot;:false}\">\n\t\t\t\t\t\t<div class=\"elementor-container elementor-column-gap-default\">\n\t\t\t\t\t<div class=\"elementor-column elementor-col-100 elementor-top-column elementor-element elementor-element-f8d6d1b\" data-id=\"f8d6d1b\" data-element_type=\"column\" data-e-type=\"column\">\n\t\t\t<div class=\"elementor-widget-wrap elementor-element-populated\">\n\t\t\t\t\t\t<div class=\"elementor-element elementor-element-1e6e6e4 elementor-widget elementor-widget-spacer\" data-id=\"1e6e6e4\" data-element_type=\"widget\" data-e-type=\"widget\" data-widget_type=\"spacer.default\">\n\t\t\t\t<div class=\"elementor-widget-container\">\n\t\t\t\t\t\t\t<div class=\"elementor-spacer\">\n\t\t\t<div class=\"elementor-spacer-inner\"><\/div>\n\t\t<\/div>\n\t\t\t\t\t\t<\/div>\n\t\t\t\t<\/div>\n\t\t\t\t\t<\/div>\n\t\t<\/div>\n\t\t\t\t\t<\/div>\n\t\t<\/section>\n\t\t\t\t<section class=\"elementor-section elementor-top-section elementor-element elementor-element-8414451 elementor-section-boxed elementor-section-height-default elementor-section-height-default\" data-id=\"8414451\" data-element_type=\"section\" data-e-type=\"section\" data-settings=\"{&quot;_ha_eqh_enable&quot;:false}\">\n\t\t\t\t\t\t<div class=\"elementor-container elementor-column-gap-default\">\n\t\t\t\t\t<div class=\"elementor-column elementor-col-50 elementor-top-column elementor-element elementor-element-62a0e63\" data-id=\"62a0e63\" data-element_type=\"column\" data-e-type=\"column\">\n\t\t\t<div class=\"elementor-widget-wrap elementor-element-populated\">\n\t\t\t\t\t\t<div class=\"elementor-element elementor-element-942a64d elementor-widget elementor-widget-text-editor\" data-id=\"942a64d\" data-element_type=\"widget\" data-e-type=\"widget\" data-widget_type=\"text-editor.default\">\n\t\t\t\t<div class=\"elementor-widget-container\">\n\t\t\t\t\t\t\t\t\t<p><strong data-start=\"1483\" data-end=\"1495\">Address:<\/strong><br \/>Overseas Logistics,<br \/>Brages veg 8,<br \/>2060 Gardermoen,<br \/>Norway<br \/><br data-start=\"1539\" data-end=\"1542\" \/><strong data-start=\"1545\" data-end=\"1557\">Phone:<\/strong>\u00a0+47 672 04 100<\/p>\t\t\t\t\t\t\t\t<\/div>\n\t\t\t\t<\/div>\n\t\t\t\t\t<\/div>\n\t\t<\/div>\n\t\t\t\t<div class=\"elementor-column elementor-col-50 elementor-top-column elementor-element elementor-element-0d9a09a\" data-id=\"0d9a09a\" data-element_type=\"column\" data-e-type=\"column\">\n\t\t\t<div class=\"elementor-widget-wrap elementor-element-populated\">\n\t\t\t\t\t\t<div class=\"elementor-element elementor-element-02713be elementor-widget elementor-widget-text-editor\" data-id=\"02713be\" data-element_type=\"widget\" data-e-type=\"widget\" data-widget_type=\"text-editor.default\">\n\t\t\t\t<div class=\"elementor-widget-container\">\n\t\t\t\t\t\t\t\t\t<p><strong data-start=\"1578\" data-end=\"1589\">E-mail:<\/strong>\u00a0<a rel=\"noopener\" data-start=\"1590\" data-end=\"1618\"><br \/><\/a>\u00a0 \u00a0<strong data-start=\"432\" data-end=\"445\">Air freight:<\/strong>\u00a0<a href=\"mailto:air@olog.no\" rel=\"noopener\" data-start=\"446\" data-end=\"479\">air@olog.no<\/a><br data-start=\"479\" data-end=\"482\" \/>\u00a0 \u00a0<strong data-start=\"485\" data-end=\"498\">Sea freight:<\/strong>\u00a0<a href=\"mailto:sea@olog.no\" rel=\"noopener\" data-start=\"499\" data-end=\"532\">sea@olog.no<\/a><br data-start=\"532\" data-end=\"535\" \/>\u00a0 \u00a0<strong data-start=\"538\" data-end=\"551\">Train freight:<\/strong>\u00a0<a href=\"mailto:train@olog.no\" rel=\"noopener\" data-start=\"552\" data-end=\"589\">train@olog.no<\/a><\/p>\t\t\t\t\t\t\t\t<\/div>\n\t\t\t\t<\/div>\n\t\t\t\t\t<\/div>\n\t\t<\/div>\n\t\t\t\t\t<\/div>\n\t\t<\/section>\n\t\t\t\t<section class=\"elementor-section elementor-top-section elementor-element elementor-element-102fc2c elementor-section-boxed elementor-section-height-default elementor-section-height-default\" data-id=\"102fc2c\" data-element_type=\"section\" data-e-type=\"section\" data-settings=\"{&quot;_ha_eqh_enable&quot;:false}\">\n\t\t\t\t\t\t<div class=\"elementor-container elementor-column-gap-default\">\n\t\t\t\t\t<div class=\"elementor-column elementor-col-100 elementor-top-column elementor-element elementor-element-78e1f37\" data-id=\"78e1f37\" data-element_type=\"column\" data-e-type=\"column\">\n\t\t\t<div class=\"elementor-widget-wrap elementor-element-populated\">\n\t\t\t\t\t\t<div class=\"elementor-element elementor-element-e1da619 elementor-widget elementor-widget-spacer\" data-id=\"e1da619\" data-element_type=\"widget\" data-e-type=\"widget\" data-widget_type=\"spacer.default\">\n\t\t\t\t<div class=\"elementor-widget-container\">\n\t\t\t\t\t\t\t<div class=\"elementor-spacer\">\n\t\t\t<div class=\"elementor-spacer-inner\"><\/div>\n\t\t<\/div>\n\t\t\t\t\t\t<\/div>\n\t\t\t\t<\/div>\n\t\t\t\t\t<\/div>\n\t\t<\/div>\n\t\t\t\t\t<\/div>\n\t\t<\/section>\n\t\t\t\t<section class=\"elementor-section elementor-top-section elementor-element elementor-element-c907287 elementor-section-boxed elementor-section-height-default elementor-section-height-default\" data-id=\"c907287\" data-element_type=\"section\" data-e-type=\"section\" data-settings=\"{&quot;_ha_eqh_enable&quot;:false}\">\n\t\t\t\t\t\t<div class=\"elementor-container elementor-column-gap-default\">\n\t\t\t\t\t<div class=\"elementor-column elementor-col-50 elementor-top-column elementor-element elementor-element-9cf3ce9\" data-id=\"9cf3ce9\" data-element_type=\"column\" data-e-type=\"column\">\n\t\t\t<div class=\"elementor-widget-wrap elementor-element-populated\">\n\t\t\t\t\t\t<div class=\"elementor-element elementor-element-a5de0cb elementor-widget elementor-widget-text-editor\" data-id=\"a5de0cb\" data-element_type=\"widget\" data-e-type=\"widget\" data-widget_type=\"text-editor.default\">\n\t\t\t\t<div class=\"elementor-widget-container\">\n\t\t\t\t\t\t\t\t\t<p data-start=\"699\" data-end=\"803\" class=\"translation-block\">\ud83d\udc64 <strong data-start=\"702\" data-end=\"735\">Do you have an important inquiry?<\/strong><\/p><p data-start=\"699\" data-end=\"803\">You are also welcome to contact our managing director:<\/p><p data-start=\"805\" data-end=\"943\"><strong data-start=\"808\" data-end=\"824\">Ken Gjertsen<\/strong><br data-start=\"824\" data-end=\"827\" \/><strong data-start=\"830\" data-end=\"842\">Phone:<\/strong>\u00a0+47 469 48 549<br data-start=\"872\" data-end=\"875\" \/><strong data-start=\"878\" data-end=\"889\">E-mail:<\/strong> <a href=\"mailto:ken.gjertsen@olog.no\" rel=\"noopener\" data-start=\"890\" data-end=\"941\">ken.gjertsen@olog.no<\/a><\/p>\t\t\t\t\t\t\t\t<\/div>\n\t\t\t\t<\/div>\n\t\t\t\t\t<\/div>\n\t\t<\/div>\n\t\t\t\t<div class=\"elementor-column elementor-col-50 elementor-top-column elementor-element elementor-element-a56769f\" data-id=\"a56769f\" data-element_type=\"column\" data-e-type=\"column\">\n\t\t\t<div class=\"elementor-widget-wrap elementor-element-populated\">\n\t\t\t\t\t\t<div class=\"elementor-element elementor-element-d563431 elementor-widget elementor-widget-text-editor\" data-id=\"d563431\" data-element_type=\"widget\" data-e-type=\"widget\" data-widget_type=\"text-editor.default\">\n\t\t\t\t<div class=\"elementor-widget-container\">\n\t\t\t\t\t\t\t\t\t<p><span style=\"font-weight: bolder;\" data-start=\"702\" data-end=\"735\">Do you have questions about accounting?<\/span><br data-start=\"735\" data-end=\"738\" \/>Feel free to contact us at:\u00a0<br \/><strong>E-mail:<\/strong> <a href=\"mailto:invoice@olog.no\">invoice@olog.no<\/a><\/p>\t\t\t\t\t\t\t\t<\/div>\n\t\t\t\t<\/div>\n\t\t\t\t\t<\/div>\n\t\t<\/div>\n\t\t\t\t\t<\/div>\n\t\t<\/section>\n\t\t\t\t<\/div>","protected":false},"excerpt":{"rendered":"<p>Kontakt oss Har du sp\u00f8rsm\u00e5l om v\u00e5re tjenester, eller trenger du et tilbud? Ta gjerne kontakt med oss \u2013 vi hjelper deg gjerne! Adresse:Overseas Logistics,Brages veg 8,2060 Gardermoen,NorgeTelefon:\u00a0+47 672 04 100 E-post:\u00a0\u00a0 \u00a0Flyfrakt:\u00a0air@olog.no\u00a0 \u00a0Sj\u00f8frakt:\u00a0sea@olog.no\u00a0 \u00a0Togfrakt:\u00a0train@olog.no \ud83d\udc64 Har du en viktig henvendelse? Du er ogs\u00e5 velkommen til \u00e5 ta direkte kontakt med v\u00e5r direkt\u00f8r: Ken GjertsenTelefon:\u00a0+47 [&hellip;]<\/p>\n","protected":false},"author":140,"featured_media":0,"parent":0,"menu_order":1,"comment_status":"closed","ping_status":"closed","template":"","meta":{"footnotes":""},"class_list":["post-1342","page","type-page","status-publish","hentry"],"yoast_head":"<!-- This site is optimized with the Yoast SEO plugin v26.5 - https:\/\/yoast.com\/wordpress\/plugins\/seo\/ -->\n<title>Kontakt - Spesialister p\u00e5 logistikk og frakt<\/title>\n<meta name=\"description\" content=\"Overseas Logistics har kontor p\u00e5 Gardemoen. Kontakt oss p\u00e5 post@olog.wpenginepowered.com for generelle henvendelser eller p\u00e5 telefon +47 67204100\" \/>\n<meta name=\"robots\" content=\"index, follow, max-snippet:-1, max-image-preview:large, max-video-preview:-1\" \/>\n<link rel=\"canonical\" href=\"https:\/\/olog.no\/en\/kontakt-oss\/\" \/>\n<meta property=\"og:locale\" content=\"en_US\" \/>\n<meta property=\"og:type\" content=\"article\" \/>\n<meta property=\"og:title\" content=\"Kontakt - Spesialister p\u00e5 logistikk og frakt\" \/>\n<meta property=\"og:description\" content=\"Overseas Logistics har kontor p\u00e5 Gardemoen. Kontakt oss p\u00e5 post@olog.wpenginepowered.com for generelle henvendelser eller p\u00e5 telefon +47 67204100\" \/>\n<meta property=\"og:url\" content=\"https:\/\/olog.no\/en\/kontakt-oss\/\" \/>\n<meta property=\"og:site_name\" content=\"Spesialister p\u00e5 logistikk og frakt\" \/>\n<meta property=\"article:modified_time\" content=\"2025-04-29T13:34:01+00:00\" \/>\n<meta property=\"og:image\" content=\"https:\/\/olog.no\/wp-content\/uploads\/elementor\/thumbs\/RING-OSS-scaled-r2gq92oovjnwmkhl1jvos5ib4ih6ja28onq77mu2ps.jpg\" \/>\n<meta name=\"twitter:card\" content=\"summary_large_image\" \/>\n<meta name=\"twitter:label1\" content=\"Est. reading time\" \/>\n\t<meta name=\"twitter:data1\" content=\"1 minute\" \/>\n<script type=\"application\/ld+json\" class=\"yoast-schema-graph\">{\"@context\":\"https:\/\/schema.org\",\"@graph\":[{\"@type\":\"WebPage\",\"@id\":\"https:\/\/olog.no\/kontakt-oss\/\",\"url\":\"https:\/\/olog.no\/kontakt-oss\/\",\"name\":\"Kontakt - Spesialister p\u00e5 logistikk og frakt\",\"isPartOf\":{\"@id\":\"https:\/\/olog.no\/#website\"},\"primaryImageOfPage\":{\"@id\":\"https:\/\/olog.no\/kontakt-oss\/#primaryimage\"},\"image\":{\"@id\":\"https:\/\/olog.no\/kontakt-oss\/#primaryimage\"},\"thumbnailUrl\":\"https:\/\/olog.no\/wp-content\/uploads\/elementor\/thumbs\/RING-OSS-scaled-r2gq92oovjnwmkhl1jvos5ib4ih6ja28onq77mu2ps.jpg\",\"datePublished\":\"2025-04-29T13:07:17+00:00\",\"dateModified\":\"2025-04-29T13:34:01+00:00\",\"description\":\"Overseas Logistics har kontor p\u00e5 Gardemoen. Kontakt oss p\u00e5 post@olog.wpenginepowered.com for generelle henvendelser eller p\u00e5 telefon +47 67204100\",\"inLanguage\":\"en-US\",\"potentialAction\":[{\"@type\":\"ReadAction\",\"target\":[\"https:\/\/olog.no\/kontakt-oss\/\"]}]},{\"@type\":\"ImageObject\",\"inLanguage\":\"en-US\",\"@id\":\"https:\/\/olog.no\/kontakt-oss\/#primaryimage\",\"url\":\"https:\/\/olog.no\/wp-content\/uploads\/elementor\/thumbs\/RING-OSS-scaled-r2gq92oovjnwmkhl1jvos5ib4ih6ja28onq77mu2ps.jpg\",\"contentUrl\":\"https:\/\/olog.no\/wp-content\/uploads\/elementor\/thumbs\/RING-OSS-scaled-r2gq92oovjnwmkhl1jvos5ib4ih6ja28onq77mu2ps.jpg\"},{\"@type\":\"WebSite\",\"@id\":\"https:\/\/olog.no\/#website\",\"url\":\"https:\/\/olog.no\/\",\"name\":\"Spesialister p\u00e5 logistikk og frakt\",\"description\":\"Internasjonalt spedisjonsselskap innen fly, sj\u00f8 og togfrakt i tillegg til fortollingstjenester med kontor p\u00e5 Gardermoen.\",\"publisher\":{\"@id\":\"https:\/\/olog.no\/#organization\"},\"potentialAction\":[{\"@type\":\"SearchAction\",\"target\":{\"@type\":\"EntryPoint\",\"urlTemplate\":\"https:\/\/olog.no\/?s={search_term_string}\"},\"query-input\":{\"@type\":\"PropertyValueSpecification\",\"valueRequired\":true,\"valueName\":\"search_term_string\"}}],\"inLanguage\":\"en-US\"},{\"@type\":\"Organization\",\"@id\":\"https:\/\/olog.no\/#organization\",\"name\":\"Spesialister p\u00e5 logistikk og frakt\",\"url\":\"https:\/\/olog.no\/\",\"logo\":{\"@type\":\"ImageObject\",\"inLanguage\":\"en-US\",\"@id\":\"https:\/\/olog.no\/#\/schema\/logo\/image\/\",\"url\":\"https:\/\/olog.no\/wp-content\/uploads\/2021\/03\/OLOG.png\",\"contentUrl\":\"https:\/\/olog.no\/wp-content\/uploads\/2021\/03\/OLOG.png\",\"width\":347,\"height\":122,\"caption\":\"Spesialister p\u00e5 logistikk og frakt\"},\"image\":{\"@id\":\"https:\/\/olog.no\/#\/schema\/logo\/image\/\"}}]}<\/script>\n<!-- \/ Yoast SEO plugin. -->","yoast_head_json":{"title":"Kontakt - Spesialister p\u00e5 logistikk og frakt","description":"Overseas Logistics har kontor p\u00e5 Gardemoen. Kontakt oss p\u00e5 post@olog.wpenginepowered.com for generelle henvendelser eller p\u00e5 telefon +47 67204100","robots":{"index":"index","follow":"follow","max-snippet":"max-snippet:-1","max-image-preview":"max-image-preview:large","max-video-preview":"max-video-preview:-1"},"canonical":"https:\/\/olog.no\/en\/kontakt-oss\/","og_locale":"en_US","og_type":"article","og_title":"Kontakt - Spesialister p\u00e5 logistikk og frakt","og_description":"Overseas Logistics har kontor p\u00e5 Gardemoen. Kontakt oss p\u00e5 post@olog.wpenginepowered.com for generelle henvendelser eller p\u00e5 telefon +47 67204100","og_url":"https:\/\/olog.no\/en\/kontakt-oss\/","og_site_name":"Spesialister p\u00e5 logistikk og frakt","article_modified_time":"2025-04-29T13:34:01+00:00","og_image":[{"url":"https:\/\/olog.no\/wp-content\/uploads\/elementor\/thumbs\/RING-OSS-scaled-r2gq92oovjnwmkhl1jvos5ib4ih6ja28onq77mu2ps.jpg","type":"","width":"","height":""}],"twitter_card":"summary_large_image","twitter_misc":{"Est. reading time":"1 minute"},"schema":{"@context":"https:\/\/schema.org","@graph":[{"@type":"WebPage","@id":"https:\/\/olog.no\/kontakt-oss\/","url":"https:\/\/olog.no\/kontakt-oss\/","name":"Kontakt - Spesialister p\u00e5 logistikk og frakt","isPartOf":{"@id":"https:\/\/olog.no\/#website"},"primaryImageOfPage":{"@id":"https:\/\/olog.no\/kontakt-oss\/#primaryimage"},"image":{"@id":"https:\/\/olog.no\/kontakt-oss\/#primaryimage"},"thumbnailUrl":"https:\/\/olog.no\/wp-content\/uploads\/elementor\/thumbs\/RING-OSS-scaled-r2gq92oovjnwmkhl1jvos5ib4ih6ja28onq77mu2ps.jpg","datePublished":"2025-04-29T13:07:17+00:00","dateModified":"2025-04-29T13:34:01+00:00","description":"Overseas Logistics har kontor p\u00e5 Gardemoen. Kontakt oss p\u00e5 post@olog.wpenginepowered.com for generelle henvendelser eller p\u00e5 telefon +47 67204100","inLanguage":"en-US","potentialAction":[{"@type":"ReadAction","target":["https:\/\/olog.no\/kontakt-oss\/"]}]},{"@type":"ImageObject","inLanguage":"en-US","@id":"https:\/\/olog.no\/kontakt-oss\/#primaryimage","url":"https:\/\/olog.no\/wp-content\/uploads\/elementor\/thumbs\/RING-OSS-scaled-r2gq92oovjnwmkhl1jvos5ib4ih6ja28onq77mu2ps.jpg","contentUrl":"https:\/\/olog.no\/wp-content\/uploads\/elementor\/thumbs\/RING-OSS-scaled-r2gq92oovjnwmkhl1jvos5ib4ih6ja28onq77mu2ps.jpg"},{"@type":"WebSite","@id":"https:\/\/olog.no\/#website","url":"https:\/\/olog.no\/","name":"Spesialister p\u00e5 logistikk og frakt","description":"Internasjonalt spedisjonsselskap innen fly, sj\u00f8 og togfrakt i tillegg til fortollingstjenester med kontor p\u00e5 Gardermoen.","publisher":{"@id":"https:\/\/olog.no\/#organization"},"potentialAction":[{"@type":"SearchAction","target":{"@type":"EntryPoint","urlTemplate":"https:\/\/olog.no\/?s={search_term_string}"},"query-input":{"@type":"PropertyValueSpecification","valueRequired":true,"valueName":"search_term_string"}}],"inLanguage":"en-US"},{"@type":"Organization","@id":"https:\/\/olog.no\/#organization","name":"Spesialister p\u00e5 logistikk og frakt","url":"https:\/\/olog.no\/","logo":{"@type":"ImageObject","inLanguage":"en-US","@id":"https:\/\/olog.no\/#\/schema\/logo\/image\/","url":"https:\/\/olog.no\/wp-content\/uploads\/2021\/03\/OLOG.png","contentUrl":"https:\/\/olog.no\/wp-content\/uploads\/2021\/03\/OLOG.png","width":347,"height":122,"caption":"Spesialister p\u00e5 logistikk og frakt"},"image":{"@id":"https:\/\/olog.no\/#\/schema\/logo\/image\/"}}]}},"_links":{"self":[{"href":"https:\/\/olog.no\/en\/wp-json\/wp\/v2\/pages\/1342","targetHints":{"allow":["GET"]}}],"collection":[{"href":"https:\/\/olog.no\/en\/wp-json\/wp\/v2\/pages"}],"about":[{"href":"https:\/\/olog.no\/en\/wp-json\/wp\/v2\/types\/page"}],"author":[{"embeddable":true,"href":"https:\/\/olog.no\/en\/wp-json\/wp\/v2\/users\/140"}],"replies":[{"embeddable":true,"href":"https:\/\/olog.no\/en\/wp-json\/wp\/v2\/comments?post=1342"}],"version-history":[{"count":0,"href":"https:\/\/olog.no\/en\/wp-json\/wp\/v2\/pages\/1342\/revisions"}],"wp:attachment":[{"href":"https:\/\/olog.no\/en\/wp-json\/wp\/v2\/media?parent=1342"}],"curies":[{"name":"wp","href":"https:\/\/api.w.org\/{rel}","templated":true}]}}