{"id":1442,"date":"2025-04-29T15:07:17","date_gmt":"2025-04-29T13:07:17","guid":{"rendered":"https:\/\/olog.no\/?page_id=1442"},"modified":"2025-04-29T15:22:33","modified_gmt":"2025-04-29T13:22:33","slug":"om-oss","status":"publish","type":"page","link":"https:\/\/olog.no\/en\/om-oss\/","title":{"rendered":"About us"},"content":{"rendered":"<div data-elementor-type=\"wp-page\" data-elementor-id=\"1442\" class=\"elementor elementor-1442\" data-elementor-settings=\"{&quot;ha_cmc_init_switcher&quot;:&quot;no&quot;}\" data-elementor-post-type=\"page\">\n\t\t\t\t\t\t<section class=\"elementor-section elementor-top-section elementor-element elementor-element-9be757e elementor-section-height-min-height elementor-section-boxed elementor-section-height-default elementor-section-items-middle\" data-id=\"9be757e\" data-element_type=\"section\" data-e-type=\"section\" data-settings=\"{&quot;background_background&quot;:&quot;classic&quot;,&quot;shape_divider_bottom&quot;:&quot;opacity-tilt&quot;,&quot;_ha_eqh_enable&quot;:false}\">\n\t\t\t\t\t<div class=\"elementor-shape elementor-shape-bottom\" aria-hidden=\"true\" data-negative=\"false\">\n\t\t\t<svg xmlns=\"http:\/\/www.w3.org\/2000\/svg\" viewbox=\"0 0 2600 131.1\" preserveaspectratio=\"none\">\n\t<path class=\"elementor-shape-fill\" d=\"M0 0L2600 0 2600 69.1 0 0z\"\/>\n\t<path class=\"elementor-shape-fill\" style=\"opacity:0.5\" d=\"M0 0L2600 0 2600 69.1 0 69.1z\"\/>\n\t<path class=\"elementor-shape-fill\" style=\"opacity:0.25\" d=\"M2600 0L0 0 0 130.1 2600 69.1z\"\/>\n<\/svg>\t\t<\/div>\n\t\t\t\t\t<div class=\"elementor-container elementor-column-gap-wide\">\n\t\t\t\t\t<div class=\"elementor-column elementor-col-100 elementor-top-column elementor-element elementor-element-ac71939\" data-id=\"ac71939\" data-element_type=\"column\" data-e-type=\"column\">\n\t\t\t<div class=\"elementor-widget-wrap elementor-element-populated\">\n\t\t\t\t\t\t<div class=\"elementor-element elementor-element-b5673d4 elementor-widget__width-inherit elementor-widget elementor-widget-heading\" data-id=\"b5673d4\" data-element_type=\"widget\" data-e-type=\"widget\" data-widget_type=\"heading.default\">\n\t\t\t\t<div class=\"elementor-widget-container\">\n\t\t\t\t\t<h1 class=\"elementor-heading-title elementor-size-default\">About us<\/h1>\t\t\t\t<\/div>\n\t\t\t\t<\/div>\n\t\t\t\t<div class=\"elementor-element elementor-element-68bf36b elementor-widget__width-initial elementor-widget-mobile__width-initial elementor-widget elementor-widget-text-editor\" data-id=\"68bf36b\" data-element_type=\"widget\" data-e-type=\"widget\" data-widget_type=\"text-editor.default\">\n\t\t\t\t<div class=\"elementor-widget-container\">\n\t\t\t\t\t\t\t\t\t<p>Overseas Logistics is an international freight forwarding company and your compass in the world of international trade.<\/p><p>From small shipments to large loads, we ensure that your goods reach their destination, every time.<\/p><p>Contact us today to start your journey towards hassle-free logistics!<\/p>\t\t\t\t\t\t\t\t<\/div>\n\t\t\t\t<\/div>\n\t\t\t\t\t<\/div>\n\t\t<\/div>\n\t\t\t\t\t<\/div>\n\t\t<\/section>\n\t\t\t\t<section class=\"elementor-section elementor-top-section elementor-element elementor-element-dc7bc08 elementor-section-boxed elementor-section-height-default elementor-section-height-default\" data-id=\"dc7bc08\" data-element_type=\"section\" data-e-type=\"section\" data-settings=\"{&quot;_ha_eqh_enable&quot;:false}\">\n\t\t\t\t\t\t<div class=\"elementor-container elementor-column-gap-default\">\n\t\t\t\t\t<div class=\"elementor-column elementor-col-100 elementor-top-column elementor-element elementor-element-66f4b60\" data-id=\"66f4b60\" data-element_type=\"column\" data-e-type=\"column\">\n\t\t\t<div class=\"elementor-widget-wrap elementor-element-populated\">\n\t\t\t\t\t\t<section class=\"elementor-section elementor-inner-section elementor-element elementor-element-b5801ec elementor-section-boxed elementor-section-height-default elementor-section-height-default\" data-id=\"b5801ec\" data-element_type=\"section\" data-e-type=\"section\" data-settings=\"{&quot;_ha_eqh_enable&quot;:false}\">\n\t\t\t\t\t\t<div class=\"elementor-container elementor-column-gap-default\">\n\t\t\t\t\t<div class=\"elementor-column elementor-col-100 elementor-inner-column elementor-element elementor-element-b4b04f8\" data-id=\"b4b04f8\" data-element_type=\"column\" data-e-type=\"column\">\n\t\t\t<div class=\"elementor-widget-wrap elementor-element-populated\">\n\t\t\t\t\t\t<div class=\"elementor-element elementor-element-a45c183 elementor-widget elementor-widget-text-editor\" data-id=\"a45c183\" data-element_type=\"widget\" data-e-type=\"widget\" data-widget_type=\"text-editor.default\">\n\t\t\t\t<div class=\"elementor-widget-container\">\n\t\t\t\t\t\t\t\t\t<p class=\"translation-block\" data-start=\"39\" data-end=\"397\">Overseas Logistics has roots dating back to 2004, when we started as Prime Cargo in Vestby, driven by Danish entrepreneurs.\nIn 2008, we expanded to Gardermoen, and five years later, the company transitioned to Norwegian ownership.\nTo strengthen our specialization, Prime Cargo and Overseas Logistics were split into two independent entities in 2021 \u2013 each with its own unique focus.<\/p><p class=\"\" data-start=\"399\" data-end=\"617\">Today, <strong data-start=\"408\" data-end=\"430\">Overseas Logistics<\/strong> your dedicated partner for air, sea and rail freight, as well as customs clearance services. <br \/>Although the name is new, the team is the same \u2013 with the same experience, expertise, and service you know.<br \/><br \/><\/p><p class=\"\" data-start=\"619\" data-end=\"947\">With <strong data-start=\"623\" data-end=\"670\">offices strategically located near Gardermoen,<\/strong>we have an optimal location for efficient logistics and quick handling of shipments. <br \/>If you are nearby, feel free to stop by for a chat over a cup of coffee \u2013 we\u2019d be happy to have an informal conversation about how we can assist you with your logistics solutions.<br \/><br \/><\/p><p class=\"\" data-start=\"949\" data-end=\"1287\">We prioritize quality and reliability, providing tailored solutions to meet your needs \u2013 whether you\u2019re running a small startup or a large, global business. With a strong network of partners around the world, we build bridges between markets and ensure seamless flow of goods, from sender to recipient.<br \/><br \/><\/p><p class=\"\" data-start=\"1289\" data-end=\"1417\"><strong data-start=\"1289\" data-end=\"1415\">At Overseas Logistics, logistics is about more than just transportation \u2013 it's about people, trust, and long-lasting relationships.<br \/><br \/><\/strong><\/p><p class=\"\" data-start=\"1419\" data-end=\"1489\">Get in touch with us today, or stop by for a pleasant chat!<\/p><p data-start=\"1419\" data-end=\"1489\">\u00a0<\/p>\t\t\t\t\t\t\t\t<\/div>\n\t\t\t\t<\/div>\n\t\t\t\t\t<\/div>\n\t\t<\/div>\n\t\t\t\t\t<\/div>\n\t\t<\/section>\n\t\t\t\t\t<\/div>\n\t\t<\/div>\n\t\t\t\t\t<\/div>\n\t\t<\/section>\n\t\t\t\t<\/div>","protected":false},"excerpt":{"rendered":"<p>Om oss Overseas Logistics er et internasjonalt spedisjonsselskap og ditt kompass i den internasjonale handelsverdenen. Fra sm\u00e5 forsendelser til store laster, vi s\u00f8rger for at dine varer n\u00e5r sitt m\u00e5l, hver gang. Kontakt oss i dag for \u00e5 starte din reise mot problemfri logistikk! Overseas Logistics har r\u00f8tter tilbake til 2004, da vi startet opp [&hellip;]<\/p>\n","protected":false},"author":140,"featured_media":0,"parent":0,"menu_order":1,"comment_status":"closed","ping_status":"closed","template":"","meta":{"footnotes":""},"class_list":["post-1442","page","type-page","status-publish","hentry"],"yoast_head":"<!-- This site is optimized with the Yoast SEO plugin v26.5 - https:\/\/yoast.com\/wordpress\/plugins\/seo\/ -->\n<title>Om oss - Spesialister p\u00e5 logistikk og frakt<\/title>\n<meta name=\"description\" content=\"Overseas logistics er et internasjonalt spedisjonsselskap innen fly, sj\u00f8 og togtransport i tillegg til fortollingstjenester.\" \/>\n<meta name=\"robots\" content=\"index, follow, max-snippet:-1, max-image-preview:large, max-video-preview:-1\" \/>\n<link rel=\"canonical\" href=\"https:\/\/olog.no\/en\/om-oss\/\" \/>\n<meta property=\"og:locale\" content=\"en_US\" \/>\n<meta property=\"og:type\" content=\"article\" \/>\n<meta property=\"og:title\" content=\"Om oss - Spesialister p\u00e5 logistikk og frakt\" \/>\n<meta property=\"og:description\" content=\"Overseas logistics er et internasjonalt spedisjonsselskap innen fly, sj\u00f8 og togtransport i tillegg til fortollingstjenester.\" \/>\n<meta property=\"og:url\" content=\"https:\/\/olog.no\/en\/om-oss\/\" \/>\n<meta property=\"og:site_name\" content=\"Spesialister p\u00e5 logistikk og frakt\" \/>\n<meta property=\"article:modified_time\" content=\"2025-04-29T13:22:33+00:00\" \/>\n<meta name=\"twitter:card\" content=\"summary_large_image\" \/>\n<meta name=\"twitter:label1\" content=\"Est. reading time\" \/>\n\t<meta name=\"twitter:data1\" content=\"2 minutes\" \/>\n<script type=\"application\/ld+json\" class=\"yoast-schema-graph\">{\"@context\":\"https:\/\/schema.org\",\"@graph\":[{\"@type\":\"WebPage\",\"@id\":\"https:\/\/olog.no\/om-oss\/\",\"url\":\"https:\/\/olog.no\/om-oss\/\",\"name\":\"Om oss - Spesialister p\u00e5 logistikk og frakt\",\"isPartOf\":{\"@id\":\"https:\/\/olog.no\/#website\"},\"datePublished\":\"2025-04-29T13:07:17+00:00\",\"dateModified\":\"2025-04-29T13:22:33+00:00\",\"description\":\"Overseas logistics er et internasjonalt spedisjonsselskap innen fly, sj\u00f8 og togtransport i tillegg til fortollingstjenester.\",\"inLanguage\":\"en-US\",\"potentialAction\":[{\"@type\":\"ReadAction\",\"target\":[\"https:\/\/olog.no\/om-oss\/\"]}]},{\"@type\":\"WebSite\",\"@id\":\"https:\/\/olog.no\/#website\",\"url\":\"https:\/\/olog.no\/\",\"name\":\"Spesialister p\u00e5 logistikk og frakt\",\"description\":\"Internasjonalt spedisjonsselskap innen fly, sj\u00f8 og togfrakt i tillegg til fortollingstjenester med kontor p\u00e5 Gardermoen.\",\"publisher\":{\"@id\":\"https:\/\/olog.no\/#organization\"},\"potentialAction\":[{\"@type\":\"SearchAction\",\"target\":{\"@type\":\"EntryPoint\",\"urlTemplate\":\"https:\/\/olog.no\/?s={search_term_string}\"},\"query-input\":{\"@type\":\"PropertyValueSpecification\",\"valueRequired\":true,\"valueName\":\"search_term_string\"}}],\"inLanguage\":\"en-US\"},{\"@type\":\"Organization\",\"@id\":\"https:\/\/olog.no\/#organization\",\"name\":\"Spesialister p\u00e5 logistikk og frakt\",\"url\":\"https:\/\/olog.no\/\",\"logo\":{\"@type\":\"ImageObject\",\"inLanguage\":\"en-US\",\"@id\":\"https:\/\/olog.no\/#\/schema\/logo\/image\/\",\"url\":\"https:\/\/olog.no\/wp-content\/uploads\/2021\/03\/OLOG.png\",\"contentUrl\":\"https:\/\/olog.no\/wp-content\/uploads\/2021\/03\/OLOG.png\",\"width\":347,\"height\":122,\"caption\":\"Spesialister p\u00e5 logistikk og frakt\"},\"image\":{\"@id\":\"https:\/\/olog.no\/#\/schema\/logo\/image\/\"}}]}<\/script>\n<!-- \/ Yoast SEO plugin. -->","yoast_head_json":{"title":"Om oss - Spesialister p\u00e5 logistikk og frakt","description":"Overseas logistics er et internasjonalt spedisjonsselskap innen fly, sj\u00f8 og togtransport i tillegg til fortollingstjenester.","robots":{"index":"index","follow":"follow","max-snippet":"max-snippet:-1","max-image-preview":"max-image-preview:large","max-video-preview":"max-video-preview:-1"},"canonical":"https:\/\/olog.no\/en\/om-oss\/","og_locale":"en_US","og_type":"article","og_title":"Om oss - Spesialister p\u00e5 logistikk og frakt","og_description":"Overseas logistics er et internasjonalt spedisjonsselskap innen fly, sj\u00f8 og togtransport i tillegg til fortollingstjenester.","og_url":"https:\/\/olog.no\/en\/om-oss\/","og_site_name":"Spesialister p\u00e5 logistikk og frakt","article_modified_time":"2025-04-29T13:22:33+00:00","twitter_card":"summary_large_image","twitter_misc":{"Est. reading time":"2 minutes"},"schema":{"@context":"https:\/\/schema.org","@graph":[{"@type":"WebPage","@id":"https:\/\/olog.no\/om-oss\/","url":"https:\/\/olog.no\/om-oss\/","name":"Om oss - Spesialister p\u00e5 logistikk og frakt","isPartOf":{"@id":"https:\/\/olog.no\/#website"},"datePublished":"2025-04-29T13:07:17+00:00","dateModified":"2025-04-29T13:22:33+00:00","description":"Overseas logistics er et internasjonalt spedisjonsselskap innen fly, sj\u00f8 og togtransport i tillegg til fortollingstjenester.","inLanguage":"en-US","potentialAction":[{"@type":"ReadAction","target":["https:\/\/olog.no\/om-oss\/"]}]},{"@type":"WebSite","@id":"https:\/\/olog.no\/#website","url":"https:\/\/olog.no\/","name":"Spesialister p\u00e5 logistikk og frakt","description":"Internasjonalt spedisjonsselskap innen fly, sj\u00f8 og togfrakt i tillegg til fortollingstjenester med kontor p\u00e5 Gardermoen.","publisher":{"@id":"https:\/\/olog.no\/#organization"},"potentialAction":[{"@type":"SearchAction","target":{"@type":"EntryPoint","urlTemplate":"https:\/\/olog.no\/?s={search_term_string}"},"query-input":{"@type":"PropertyValueSpecification","valueRequired":true,"valueName":"search_term_string"}}],"inLanguage":"en-US"},{"@type":"Organization","@id":"https:\/\/olog.no\/#organization","name":"Spesialister p\u00e5 logistikk og frakt","url":"https:\/\/olog.no\/","logo":{"@type":"ImageObject","inLanguage":"en-US","@id":"https:\/\/olog.no\/#\/schema\/logo\/image\/","url":"https:\/\/olog.no\/wp-content\/uploads\/2021\/03\/OLOG.png","contentUrl":"https:\/\/olog.no\/wp-content\/uploads\/2021\/03\/OLOG.png","width":347,"height":122,"caption":"Spesialister p\u00e5 logistikk og frakt"},"image":{"@id":"https:\/\/olog.no\/#\/schema\/logo\/image\/"}}]}},"_links":{"self":[{"href":"https:\/\/olog.no\/en\/wp-json\/wp\/v2\/pages\/1442","targetHints":{"allow":["GET"]}}],"collection":[{"href":"https:\/\/olog.no\/en\/wp-json\/wp\/v2\/pages"}],"about":[{"href":"https:\/\/olog.no\/en\/wp-json\/wp\/v2\/types\/page"}],"author":[{"embeddable":true,"href":"https:\/\/olog.no\/en\/wp-json\/wp\/v2\/users\/140"}],"replies":[{"embeddable":true,"href":"https:\/\/olog.no\/en\/wp-json\/wp\/v2\/comments?post=1442"}],"version-history":[{"count":0,"href":"https:\/\/olog.no\/en\/wp-json\/wp\/v2\/pages\/1442\/revisions"}],"wp:attachment":[{"href":"https:\/\/olog.no\/en\/wp-json\/wp\/v2\/media?parent=1442"}],"curies":[{"name":"wp","href":"https:\/\/api.w.org\/{rel}","templated":true}]}}