{"id":189,"date":"2025-04-29T15:12:08","date_gmt":"2025-04-29T13:12:08","guid":{"rendered":"https:\/\/olog.wpenginepowered.com\/?page_id=189"},"modified":"2025-04-29T15:12:08","modified_gmt":"2025-04-29T13:12:08","slug":"eksport","status":"publish","type":"page","link":"https:\/\/olog.no\/en\/eksport\/","title":{"rendered":"Exports"},"content":{"rendered":"<div data-elementor-type=\"wp-page\" data-elementor-id=\"189\" class=\"elementor elementor-189\" data-elementor-settings=\"{&quot;ha_cmc_init_switcher&quot;:&quot;no&quot;}\" data-elementor-post-type=\"page\">\n\t\t\t\t\t\t<section class=\"elementor-section elementor-top-section elementor-element elementor-element-9be757e elementor-section-boxed elementor-section-height-default elementor-section-height-default\" data-id=\"9be757e\" data-element_type=\"section\" data-e-type=\"section\" data-settings=\"{&quot;background_background&quot;:&quot;classic&quot;,&quot;_ha_eqh_enable&quot;:false}\">\n\t\t\t\t\t\t\t<div class=\"elementor-background-overlay\"><\/div>\n\t\t\t\t\t\t\t<div class=\"elementor-container elementor-column-gap-wide\">\n\t\t\t\t\t<div class=\"elementor-column elementor-col-50 elementor-top-column elementor-element elementor-element-ac71939\" data-id=\"ac71939\" data-element_type=\"column\" data-e-type=\"column\">\n\t\t\t<div class=\"elementor-widget-wrap elementor-element-populated\">\n\t\t\t\t\t\t<div class=\"elementor-element elementor-element-77c0964 elementor-align-left elementor-widget elementor-widget-breadcrumbs\" data-id=\"77c0964\" data-element_type=\"widget\" data-e-type=\"widget\" data-widget_type=\"breadcrumbs.default\">\n\t\t\t\t<div class=\"elementor-widget-container\">\n\t\t\t\t\t<p id=\"breadcrumbs\"><\/p>\t\t\t\t<\/div>\n\t\t\t\t<\/div>\n\t\t\t\t<div class=\"elementor-element elementor-element-b5673d4 elementor-widget elementor-widget-heading\" data-id=\"b5673d4\" data-element_type=\"widget\" data-e-type=\"widget\" data-widget_type=\"heading.default\">\n\t\t\t\t<div class=\"elementor-widget-container\">\n\t\t\t\t\t<h1 class=\"elementor-heading-title elementor-size-default\">Export from Norway<\/h1>\t\t\t\t<\/div>\n\t\t\t\t<\/div>\n\t\t\t\t<div class=\"elementor-element elementor-element-7ceb1fd elementor-widget-divider--view-line elementor-widget elementor-widget-divider\" data-id=\"7ceb1fd\" data-element_type=\"widget\" data-e-type=\"widget\" data-widget_type=\"divider.default\">\n\t\t\t\t<div class=\"elementor-widget-container\">\n\t\t\t\t\t\t\t<div class=\"elementor-divider\">\n\t\t\t<span class=\"elementor-divider-separator\">\n\t\t\t\t\t\t<\/span>\n\t\t<\/div>\n\t\t\t\t\t\t<\/div>\n\t\t\t\t<\/div>\n\t\t\t\t<div class=\"elementor-element elementor-element-68bf36b elementor-widget elementor-widget-text-editor\" data-id=\"68bf36b\" data-element_type=\"widget\" data-e-type=\"widget\" data-widget_type=\"text-editor.default\">\n\t\t\t\t<div class=\"elementor-widget-container\">\n\t\t\t\t\t\t\t\t\t<p>To trade goods from foreign suppliers is everyday for many, and for small businesses and startup companies, can transport of goods seem complicated. Buying and selling should at entering contract make a deal on which shipping requirements, Incoterms, that are applicable for the trade. This regulates which of the party is paying for the shipment costs, has responsibility and risk for the shipment or parts of it.\u00a0<\/p>\t\t\t\t\t\t\t\t<\/div>\n\t\t\t\t<\/div>\n\t\t\t\t\t<\/div>\n\t\t<\/div>\n\t\t\t\t<div class=\"elementor-column elementor-col-50 elementor-top-column elementor-element elementor-element-e1bfb84\" data-id=\"e1bfb84\" data-element_type=\"column\" data-e-type=\"column\">\n\t\t\t<div class=\"elementor-widget-wrap elementor-element-populated\">\n\t\t\t\t\t\t<div class=\"elementor-element elementor-element-0ed7f6b elementor-widget elementor-widget-image\" data-id=\"0ed7f6b\" data-element_type=\"widget\" data-e-type=\"widget\" data-widget_type=\"image.default\">\n\t\t\t\t<div class=\"elementor-widget-container\">\n\t\t\t\t\t\t\t\t\t\t\t\t\t\t\t<img decoding=\"async\" src=\"https:\/\/olog.no\/wp-content\/uploads\/elementor\/thumbs\/shutterstock_1315650116-scaled-qcslbc0rnpmw2kp5vgf74d152evp3plegxz7g4yp20.jpg\" title=\"shutterstock_1315650116\" alt=\"flyfrakt - Overseas Logistics\" loading=\"lazy\" \/>\t\t\t\t\t\t\t\t\t\t\t\t\t\t\t<\/div>\n\t\t\t\t<\/div>\n\t\t\t\t\t<\/div>\n\t\t<\/div>\n\t\t\t\t\t<\/div>\n\t\t<\/section>\n\t\t\t\t<section class=\"elementor-section elementor-top-section elementor-element elementor-element-b81db15 elementor-section-boxed elementor-section-height-default elementor-section-height-default\" data-id=\"b81db15\" data-element_type=\"section\" data-e-type=\"section\" data-settings=\"{&quot;_ha_eqh_enable&quot;:false}\">\n\t\t\t\t\t\t<div class=\"elementor-container elementor-column-gap-default\">\n\t\t\t\t\t<div class=\"elementor-column elementor-col-100 elementor-top-column elementor-element elementor-element-5c3fd7a\" data-id=\"5c3fd7a\" data-element_type=\"column\" data-e-type=\"column\">\n\t\t\t<div class=\"elementor-widget-wrap elementor-element-populated\">\n\t\t\t\t\t\t<div class=\"elementor-element elementor-element-2e71ca4 elementor-widget elementor-widget-text-editor\" data-id=\"2e71ca4\" data-element_type=\"widget\" data-e-type=\"widget\" data-widget_type=\"text-editor.default\">\n\t\t\t\t<div class=\"elementor-widget-container\">\n\t\t\t\t\t\t\t\t\t<p>Choice of transportmode is subject different factors such as freight cost, lead times and cargo volumes. With our vast network of reliable partners and agent, we are able to assist you Globally.<\/p>\t\t\t\t\t\t\t\t<\/div>\n\t\t\t\t<\/div>\n\t\t\t\t\t<\/div>\n\t\t<\/div>\n\t\t\t\t\t<\/div>\n\t\t<\/section>\n\t\t\t\t<section class=\"elementor-section elementor-top-section elementor-element elementor-element-dc7bc08 elementor-section-boxed elementor-section-height-default elementor-section-height-default\" data-id=\"dc7bc08\" data-element_type=\"section\" data-e-type=\"section\" data-settings=\"{&quot;_ha_eqh_enable&quot;:false}\">\n\t\t\t\t\t\t<div class=\"elementor-container elementor-column-gap-default\">\n\t\t\t\t\t<div class=\"elementor-column elementor-col-100 elementor-top-column elementor-element elementor-element-66f4b60\" data-id=\"66f4b60\" data-element_type=\"column\" data-e-type=\"column\">\n\t\t\t<div class=\"elementor-widget-wrap elementor-element-populated\">\n\t\t\t\t\t\t<div class=\"elementor-element elementor-element-58d108f elementor-widget elementor-widget-heading\" data-id=\"58d108f\" data-element_type=\"widget\" data-e-type=\"widget\" data-widget_type=\"heading.default\">\n\t\t\t\t<div class=\"elementor-widget-container\">\n\t\t\t\t\t<h2 class=\"elementor-heading-title elementor-size-default\">Our transport modes from Norway<\/h2>\t\t\t\t<\/div>\n\t\t\t\t<\/div>\n\t\t\t\t<div class=\"elementor-element elementor-element-8ba1df8 elementor-widget elementor-widget-text-editor\" data-id=\"8ba1df8\" data-element_type=\"widget\" data-e-type=\"widget\" data-widget_type=\"text-editor.default\">\n\t\t\t\t<div class=\"elementor-widget-container\">\n\t\t\t\t\t\t\t\t\t<p>Decisive criterias for choice of transport modes may be<\/p><p><strong>- Cargo weight and dimensions<br \/>&#8211;\u00a0<\/strong><strong>Lead times<br \/><\/strong><strong>- Freight cost<br \/><\/strong><strong>- Goodstype and value<\/strong><\/p>\t\t\t\t\t\t\t\t<\/div>\n\t\t\t\t<\/div>\n\t\t\t\t\t<\/div>\n\t\t<\/div>\n\t\t\t\t\t<\/div>\n\t\t<\/section>\n\t\t\t\t<section class=\"elementor-section elementor-top-section elementor-element elementor-element-40a6bc0 elementor-section-boxed elementor-section-height-default elementor-section-height-default\" data-id=\"40a6bc0\" data-element_type=\"section\" data-e-type=\"section\" data-settings=\"{&quot;_ha_eqh_enable&quot;:false}\">\n\t\t\t\t\t\t<div class=\"elementor-container elementor-column-gap-wide\">\n\t\t\t\t\t<div data-ha-element-link=\"{&quot;url&quot;:&quot;https:\\\/\\\/olog.wpenginepowered.com\\\/eksport\\\/sjofrakt-fra-norge\\\/&quot;,&quot;is_external&quot;:&quot;&quot;,&quot;nofollow&quot;:&quot;&quot;}\" style=\"cursor: pointer\" class=\"elementor-column elementor-col-33 elementor-top-column elementor-element elementor-element-3917854\" data-id=\"3917854\" data-element_type=\"column\" data-e-type=\"column\">\n\t\t\t<div class=\"elementor-widget-wrap elementor-element-populated\">\n\t\t\t\t\t\t<div class=\"elementor-element elementor-element-b4c50d7 elementor-position-top elementor-widget elementor-widget-image-box\" data-id=\"b4c50d7\" data-element_type=\"widget\" data-e-type=\"widget\" data-widget_type=\"image-box.default\">\n\t\t\t\t<div class=\"elementor-widget-container\">\n\t\t\t\t\t<div class=\"elementor-image-box-wrapper\"><figure class=\"elementor-image-box-img\"><img fetchpriority=\"high\" decoding=\"async\" width=\"768\" height=\"686\" src=\"https:\/\/olog.no\/wp-content\/uploads\/2021\/04\/boat-768x686.png\" class=\"attachment-medium_large size-medium_large wp-image-100\" alt=\"sj\u00f8frakt - Overseas Logistics\" srcset=\"https:\/\/olog.no\/wp-content\/uploads\/2021\/04\/boat-768x686.png 768w, https:\/\/olog.no\/wp-content\/uploads\/2021\/04\/boat-300x268.png 300w, https:\/\/olog.no\/wp-content\/uploads\/2021\/04\/boat.png 800w\" sizes=\"(max-width: 768px) 100vw, 768px\" \/><\/figure><div class=\"elementor-image-box-content\"><h3 class=\"elementor-image-box-title\">Oceanfreight from Norway<\/h3><p class=\"elementor-image-box-description\"> The Cost-Effective Shipping Solution<\/p><\/div><\/div>\t\t\t\t<\/div>\n\t\t\t\t<\/div>\n\t\t\t\t<div data-ha-element-link=\"{&quot;url&quot;:&quot;https:\\\/\\\/olog.wpenginepowered.com\\\/hjem\\\/import\\\/sjofrakt-fra-norge\\\/&quot;,&quot;is_external&quot;:&quot;&quot;,&quot;nofollow&quot;:&quot;&quot;}\" style=\"cursor: pointer\" class=\"elementor-element elementor-element-10fb505 elementor-align-center elementor-widget elementor-widget-button\" data-id=\"10fb505\" data-element_type=\"widget\" data-e-type=\"widget\" data-widget_type=\"button.default\">\n\t\t\t\t<div class=\"elementor-widget-container\">\n\t\t\t\t\t\t\t\t\t<div class=\"elementor-button-wrapper\">\n\t\t\t\t\t<a class=\"elementor-button elementor-button-link elementor-size-sm\" href=\"https:\/\/olog.wpenginepowered.com\/eksport\/sjofrakt-fra-norge\/\">\n\t\t\t\t\t\t<span class=\"elementor-button-content-wrapper\">\n\t\t\t\t\t\t\t\t\t<span class=\"elementor-button-text\">Read more<\/span>\n\t\t\t\t\t<\/span>\n\t\t\t\t\t<\/a>\n\t\t\t\t<\/div>\n\t\t\t\t\t\t\t\t<\/div>\n\t\t\t\t<\/div>\n\t\t\t\t\t<\/div>\n\t\t<\/div>\n\t\t\t\t<div data-ha-element-link=\"{&quot;url&quot;:&quot;https:\\\/\\\/olog.wpenginepowered.com\\\/hjem\\\/import\\\/fly-frakt\\\/&quot;,&quot;is_external&quot;:&quot;&quot;,&quot;nofollow&quot;:&quot;&quot;}\" style=\"cursor: pointer\" class=\"elementor-column elementor-col-33 elementor-top-column elementor-element elementor-element-4f0c3bb\" data-id=\"4f0c3bb\" data-element_type=\"column\" data-e-type=\"column\">\n\t\t\t<div class=\"elementor-widget-wrap elementor-element-populated\">\n\t\t\t\t\t\t<div data-ha-element-link=\"{&quot;url&quot;:&quot;https:\\\/\\\/olog.wpenginepowered.com\\\/hjem\\\/import\\\/fly-frakt\\\/&quot;,&quot;is_external&quot;:&quot;&quot;,&quot;nofollow&quot;:&quot;&quot;}\" style=\"cursor: pointer\" class=\"elementor-element elementor-element-5c135c4 elementor-position-top elementor-widget elementor-widget-image-box\" data-id=\"5c135c4\" data-element_type=\"widget\" data-e-type=\"widget\" data-widget_type=\"image-box.default\">\n\t\t\t\t<div class=\"elementor-widget-container\">\n\t\t\t\t\t<div class=\"elementor-image-box-wrapper\"><figure class=\"elementor-image-box-img\"><img decoding=\"async\" width=\"768\" height=\"686\" src=\"https:\/\/olog.no\/wp-content\/uploads\/2021\/04\/plane-1-768x686.png\" class=\"attachment-medium_large size-medium_large wp-image-170\" alt=\"flyfrakt - Overseas Logistics\" srcset=\"https:\/\/olog.no\/wp-content\/uploads\/2021\/04\/plane-1-768x686.png 768w, https:\/\/olog.no\/wp-content\/uploads\/2021\/04\/plane-1-300x268.png 300w, https:\/\/olog.no\/wp-content\/uploads\/2021\/04\/plane-1.png 800w\" sizes=\"(max-width: 768px) 100vw, 768px\" \/><\/figure><div class=\"elementor-image-box-content\"><h3 class=\"elementor-image-box-title\">Airfreight from Norway<\/h3><p class=\"elementor-image-box-description\">When in hurry\n<\/p><\/div><\/div>\t\t\t\t<\/div>\n\t\t\t\t<\/div>\n\t\t\t\t<div data-ha-element-link=\"{&quot;url&quot;:&quot;https:\\\/\\\/olog.wpenginepowered.com\\\/hjem\\\/import\\\/fly-frakt\\\/&quot;,&quot;is_external&quot;:&quot;&quot;,&quot;nofollow&quot;:&quot;&quot;}\" style=\"cursor: pointer\" class=\"elementor-element elementor-element-a691ab1 elementor-align-center elementor-widget elementor-widget-button\" data-id=\"a691ab1\" data-element_type=\"widget\" data-e-type=\"widget\" data-widget_type=\"button.default\">\n\t\t\t\t<div class=\"elementor-widget-container\">\n\t\t\t\t\t\t\t\t\t<div class=\"elementor-button-wrapper\">\n\t\t\t\t\t<a class=\"elementor-button elementor-button-link elementor-size-sm\" href=\"https:\/\/olog.wpenginepowered.com\/eksport\/fly-frakt\/\">\n\t\t\t\t\t\t<span class=\"elementor-button-content-wrapper\">\n\t\t\t\t\t\t\t\t\t<span class=\"elementor-button-text\">Read more<\/span>\n\t\t\t\t\t<\/span>\n\t\t\t\t\t<\/a>\n\t\t\t\t<\/div>\n\t\t\t\t\t\t\t\t<\/div>\n\t\t\t\t<\/div>\n\t\t\t\t\t<\/div>\n\t\t<\/div>\n\t\t\t\t<div class=\"elementor-column elementor-col-33 elementor-top-column elementor-element elementor-element-a52bb3d\" data-id=\"a52bb3d\" data-element_type=\"column\" data-e-type=\"column\">\n\t\t\t<div class=\"elementor-widget-wrap elementor-element-populated\">\n\t\t\t\t\t\t<div data-ha-element-link=\"{&quot;url&quot;:&quot;https:\\\/\\\/olog.wpenginepowered.com\\\/eksport\\\/tog-frakt\\\/&quot;,&quot;is_external&quot;:&quot;&quot;,&quot;nofollow&quot;:&quot;&quot;}\" style=\"cursor: pointer\" class=\"elementor-element elementor-element-8ac818c elementor-position-top elementor-widget elementor-widget-image-box\" data-id=\"8ac818c\" data-element_type=\"widget\" data-e-type=\"widget\" data-widget_type=\"image-box.default\">\n\t\t\t\t<div class=\"elementor-widget-container\">\n\t\t\t\t\t<div class=\"elementor-image-box-wrapper\"><figure class=\"elementor-image-box-img\"><img decoding=\"async\" width=\"768\" height=\"686\" src=\"https:\/\/olog.no\/wp-content\/uploads\/2021\/04\/tog-1-768x686.png\" class=\"attachment-medium_large size-medium_large wp-image-171\" alt=\"togfrakt - Overseas Logistics\" srcset=\"https:\/\/olog.no\/wp-content\/uploads\/2021\/04\/tog-1-768x686.png 768w, https:\/\/olog.no\/wp-content\/uploads\/2021\/04\/tog-1-300x268.png 300w, https:\/\/olog.no\/wp-content\/uploads\/2021\/04\/tog-1.png 800w\" sizes=\"(max-width: 768px) 100vw, 768px\" \/><\/figure><div class=\"elementor-image-box-content\"><h3 class=\"elementor-image-box-title\">Railfreight from Norway<\/h3><p class=\"elementor-image-box-description\">The enviromental alternative<\/p><\/div><\/div>\t\t\t\t<\/div>\n\t\t\t\t<\/div>\n\t\t\t\t<div data-ha-element-link=\"{&quot;url&quot;:&quot;https:\\\/\\\/olog.wpenginepowered.com\\\/hjem\\\/import\\\/tog-frakt\\\/&quot;,&quot;is_external&quot;:&quot;&quot;,&quot;nofollow&quot;:&quot;&quot;}\" style=\"cursor: pointer\" class=\"elementor-element elementor-element-9cde07a elementor-align-center elementor-widget elementor-widget-button\" data-id=\"9cde07a\" data-element_type=\"widget\" data-e-type=\"widget\" data-widget_type=\"button.default\">\n\t\t\t\t<div class=\"elementor-widget-container\">\n\t\t\t\t\t\t\t\t\t<div class=\"elementor-button-wrapper\">\n\t\t\t\t\t<a class=\"elementor-button elementor-button-link elementor-size-sm\" href=\"https:\/\/olog.wpenginepowered.com\/eksport\/tog-frakt\/\">\n\t\t\t\t\t\t<span class=\"elementor-button-content-wrapper\">\n\t\t\t\t\t\t\t\t\t<span class=\"elementor-button-text\">Read more<\/span>\n\t\t\t\t\t<\/span>\n\t\t\t\t\t<\/a>\n\t\t\t\t<\/div>\n\t\t\t\t\t\t\t\t<\/div>\n\t\t\t\t<\/div>\n\t\t\t\t\t<\/div>\n\t\t<\/div>\n\t\t\t\t\t<\/div>\n\t\t<\/section>\n\t\t\t\t<section class=\"elementor-section elementor-top-section elementor-element elementor-element-e05b303 elementor-section-boxed elementor-section-height-default elementor-section-height-default\" data-id=\"e05b303\" data-element_type=\"section\" data-e-type=\"section\" data-settings=\"{&quot;_ha_eqh_enable&quot;:false}\">\n\t\t\t\t\t\t<div class=\"elementor-container elementor-column-gap-wide\">\n\t\t\t\t\t\t<\/div>\n\t\t<\/section>\n\t\t\t\t<\/div>","protected":false},"excerpt":{"rendered":"<p>Frakt fra Norge \u2013 eksport \u00c5 handle varer fra utenlandske leverand\u00f8rer er hverdagen for mange, og for sm\u00e5 bedrifter og start-up selskaper kan transporten av varene virke komplisert.\u00a0Kj\u00f8per og selger b\u00f8r ved kontraktsinng\u00e5else avtale hvilket leveringsbetingelser, INCOTERMS, som er gjeldende for handelen. Dette regulerer hvilken av partene er betaler av fraktkostnadene, har ansvar og risiko [&hellip;]<\/p>\n","protected":false},"author":136,"featured_media":0,"parent":0,"menu_order":0,"comment_status":"closed","ping_status":"closed","template":"","meta":{"footnotes":""},"class_list":["post-189","page","type-page","status-publish","hentry"],"yoast_head":"<!-- This site is optimized with the Yoast SEO plugin v26.5 - https:\/\/yoast.com\/wordpress\/plugins\/seo\/ -->\n<title>Eksport - Spesialister p\u00e5 logistikk og frakt<\/title>\n<meta name=\"description\" content=\"Overseas Logistics bist\u00e5r til transport til over hele verden gjennom v\u00e5rt nettverk av agenter og samarbeidspartnere.\" \/>\n<meta name=\"robots\" content=\"index, follow, max-snippet:-1, max-image-preview:large, max-video-preview:-1\" \/>\n<link rel=\"canonical\" href=\"https:\/\/olog.no\/en\/eksport\/\" \/>\n<meta property=\"og:locale\" content=\"en_US\" \/>\n<meta property=\"og:type\" content=\"article\" \/>\n<meta property=\"og:title\" content=\"Eksport - Spesialister p\u00e5 logistikk og frakt\" \/>\n<meta property=\"og:description\" content=\"Overseas Logistics bist\u00e5r til transport til over hele verden gjennom v\u00e5rt nettverk av agenter og samarbeidspartnere.\" \/>\n<meta property=\"og:url\" content=\"https:\/\/olog.no\/en\/eksport\/\" \/>\n<meta property=\"og:site_name\" content=\"Spesialister p\u00e5 logistikk og frakt\" \/>\n<meta property=\"og:image\" content=\"https:\/\/olog.wpenginepowered.com\/wp-content\/uploads\/elementor\/thumbs\/shutterstock_1315650116-scaled-p4u5jx3j6h32xvdfmu3s0jly2tbbaf9zkaionx08d4.jpg\" \/>\n<meta name=\"twitter:card\" content=\"summary_large_image\" \/>\n<meta name=\"twitter:label1\" content=\"Est. reading time\" \/>\n\t<meta name=\"twitter:data1\" content=\"2 minutes\" \/>\n<script type=\"application\/ld+json\" class=\"yoast-schema-graph\">{\"@context\":\"https:\/\/schema.org\",\"@graph\":[{\"@type\":\"WebPage\",\"@id\":\"https:\/\/olog.no\/eksport\/\",\"url\":\"https:\/\/olog.no\/eksport\/\",\"name\":\"Eksport - Spesialister p\u00e5 logistikk og frakt\",\"isPartOf\":{\"@id\":\"https:\/\/olog.no\/#website\"},\"primaryImageOfPage\":{\"@id\":\"https:\/\/olog.no\/eksport\/#primaryimage\"},\"image\":{\"@id\":\"https:\/\/olog.no\/eksport\/#primaryimage\"},\"thumbnailUrl\":\"https:\/\/olog.wpenginepowered.com\/wp-content\/uploads\/elementor\/thumbs\/shutterstock_1315650116-scaled-p4u5jx3j6h32xvdfmu3s0jly2tbbaf9zkaionx08d4.jpg\",\"datePublished\":\"2025-04-29T13:12:08+00:00\",\"description\":\"Overseas Logistics bist\u00e5r til transport til over hele verden gjennom v\u00e5rt nettverk av agenter og samarbeidspartnere.\",\"inLanguage\":\"en-US\",\"potentialAction\":[{\"@type\":\"ReadAction\",\"target\":[\"https:\/\/olog.no\/eksport\/\"]}]},{\"@type\":\"ImageObject\",\"inLanguage\":\"en-US\",\"@id\":\"https:\/\/olog.no\/eksport\/#primaryimage\",\"url\":\"https:\/\/olog.wpenginepowered.com\/wp-content\/uploads\/elementor\/thumbs\/shutterstock_1315650116-scaled-p4u5jx3j6h32xvdfmu3s0jly2tbbaf9zkaionx08d4.jpg\",\"contentUrl\":\"https:\/\/olog.wpenginepowered.com\/wp-content\/uploads\/elementor\/thumbs\/shutterstock_1315650116-scaled-p4u5jx3j6h32xvdfmu3s0jly2tbbaf9zkaionx08d4.jpg\"},{\"@type\":\"WebSite\",\"@id\":\"https:\/\/olog.no\/#website\",\"url\":\"https:\/\/olog.no\/\",\"name\":\"Spesialister p\u00e5 logistikk og frakt\",\"description\":\"Internasjonalt spedisjonsselskap innen fly, sj\u00f8 og togfrakt i tillegg til fortollingstjenester med kontor p\u00e5 Gardermoen.\",\"publisher\":{\"@id\":\"https:\/\/olog.no\/#organization\"},\"potentialAction\":[{\"@type\":\"SearchAction\",\"target\":{\"@type\":\"EntryPoint\",\"urlTemplate\":\"https:\/\/olog.no\/?s={search_term_string}\"},\"query-input\":{\"@type\":\"PropertyValueSpecification\",\"valueRequired\":true,\"valueName\":\"search_term_string\"}}],\"inLanguage\":\"en-US\"},{\"@type\":\"Organization\",\"@id\":\"https:\/\/olog.no\/#organization\",\"name\":\"Spesialister p\u00e5 logistikk og frakt\",\"url\":\"https:\/\/olog.no\/\",\"logo\":{\"@type\":\"ImageObject\",\"inLanguage\":\"en-US\",\"@id\":\"https:\/\/olog.no\/#\/schema\/logo\/image\/\",\"url\":\"https:\/\/olog.no\/wp-content\/uploads\/2021\/03\/OLOG.png\",\"contentUrl\":\"https:\/\/olog.no\/wp-content\/uploads\/2021\/03\/OLOG.png\",\"width\":347,\"height\":122,\"caption\":\"Spesialister p\u00e5 logistikk og frakt\"},\"image\":{\"@id\":\"https:\/\/olog.no\/#\/schema\/logo\/image\/\"}}]}<\/script>\n<!-- \/ Yoast SEO plugin. -->","yoast_head_json":{"title":"Eksport - Spesialister p\u00e5 logistikk og frakt","description":"Overseas Logistics bist\u00e5r til transport til over hele verden gjennom v\u00e5rt nettverk av agenter og samarbeidspartnere.","robots":{"index":"index","follow":"follow","max-snippet":"max-snippet:-1","max-image-preview":"max-image-preview:large","max-video-preview":"max-video-preview:-1"},"canonical":"https:\/\/olog.no\/en\/eksport\/","og_locale":"en_US","og_type":"article","og_title":"Eksport - Spesialister p\u00e5 logistikk og frakt","og_description":"Overseas Logistics bist\u00e5r til transport til over hele verden gjennom v\u00e5rt nettverk av agenter og samarbeidspartnere.","og_url":"https:\/\/olog.no\/en\/eksport\/","og_site_name":"Spesialister p\u00e5 logistikk og frakt","og_image":[{"url":"https:\/\/olog.wpenginepowered.com\/wp-content\/uploads\/elementor\/thumbs\/shutterstock_1315650116-scaled-p4u5jx3j6h32xvdfmu3s0jly2tbbaf9zkaionx08d4.jpg","type":"","width":"","height":""}],"twitter_card":"summary_large_image","twitter_misc":{"Est. reading time":"2 minutes"},"schema":{"@context":"https:\/\/schema.org","@graph":[{"@type":"WebPage","@id":"https:\/\/olog.no\/eksport\/","url":"https:\/\/olog.no\/eksport\/","name":"Eksport - Spesialister p\u00e5 logistikk og frakt","isPartOf":{"@id":"https:\/\/olog.no\/#website"},"primaryImageOfPage":{"@id":"https:\/\/olog.no\/eksport\/#primaryimage"},"image":{"@id":"https:\/\/olog.no\/eksport\/#primaryimage"},"thumbnailUrl":"https:\/\/olog.wpenginepowered.com\/wp-content\/uploads\/elementor\/thumbs\/shutterstock_1315650116-scaled-p4u5jx3j6h32xvdfmu3s0jly2tbbaf9zkaionx08d4.jpg","datePublished":"2025-04-29T13:12:08+00:00","description":"Overseas Logistics bist\u00e5r til transport til over hele verden gjennom v\u00e5rt nettverk av agenter og samarbeidspartnere.","inLanguage":"en-US","potentialAction":[{"@type":"ReadAction","target":["https:\/\/olog.no\/eksport\/"]}]},{"@type":"ImageObject","inLanguage":"en-US","@id":"https:\/\/olog.no\/eksport\/#primaryimage","url":"https:\/\/olog.wpenginepowered.com\/wp-content\/uploads\/elementor\/thumbs\/shutterstock_1315650116-scaled-p4u5jx3j6h32xvdfmu3s0jly2tbbaf9zkaionx08d4.jpg","contentUrl":"https:\/\/olog.wpenginepowered.com\/wp-content\/uploads\/elementor\/thumbs\/shutterstock_1315650116-scaled-p4u5jx3j6h32xvdfmu3s0jly2tbbaf9zkaionx08d4.jpg"},{"@type":"WebSite","@id":"https:\/\/olog.no\/#website","url":"https:\/\/olog.no\/","name":"Spesialister p\u00e5 logistikk og frakt","description":"Internasjonalt spedisjonsselskap innen fly, sj\u00f8 og togfrakt i tillegg til fortollingstjenester med kontor p\u00e5 Gardermoen.","publisher":{"@id":"https:\/\/olog.no\/#organization"},"potentialAction":[{"@type":"SearchAction","target":{"@type":"EntryPoint","urlTemplate":"https:\/\/olog.no\/?s={search_term_string}"},"query-input":{"@type":"PropertyValueSpecification","valueRequired":true,"valueName":"search_term_string"}}],"inLanguage":"en-US"},{"@type":"Organization","@id":"https:\/\/olog.no\/#organization","name":"Spesialister p\u00e5 logistikk og frakt","url":"https:\/\/olog.no\/","logo":{"@type":"ImageObject","inLanguage":"en-US","@id":"https:\/\/olog.no\/#\/schema\/logo\/image\/","url":"https:\/\/olog.no\/wp-content\/uploads\/2021\/03\/OLOG.png","contentUrl":"https:\/\/olog.no\/wp-content\/uploads\/2021\/03\/OLOG.png","width":347,"height":122,"caption":"Spesialister p\u00e5 logistikk og frakt"},"image":{"@id":"https:\/\/olog.no\/#\/schema\/logo\/image\/"}}]}},"_links":{"self":[{"href":"https:\/\/olog.no\/en\/wp-json\/wp\/v2\/pages\/189","targetHints":{"allow":["GET"]}}],"collection":[{"href":"https:\/\/olog.no\/en\/wp-json\/wp\/v2\/pages"}],"about":[{"href":"https:\/\/olog.no\/en\/wp-json\/wp\/v2\/types\/page"}],"author":[{"embeddable":true,"href":"https:\/\/olog.no\/en\/wp-json\/wp\/v2\/users\/136"}],"replies":[{"embeddable":true,"href":"https:\/\/olog.no\/en\/wp-json\/wp\/v2\/comments?post=189"}],"version-history":[{"count":0,"href":"https:\/\/olog.no\/en\/wp-json\/wp\/v2\/pages\/189\/revisions"}],"wp:attachment":[{"href":"https:\/\/olog.no\/en\/wp-json\/wp\/v2\/media?parent=189"}],"curies":[{"name":"wp","href":"https:\/\/api.w.org\/{rel}","templated":true}]}}