{"id":191,"date":"2025-04-29T15:12:09","date_gmt":"2025-04-29T13:12:09","guid":{"rendered":"https:\/\/olog.wpenginepowered.com\/?page_id=191"},"modified":"2025-04-29T15:12:09","modified_gmt":"2025-04-29T13:12:09","slug":"fortolling-spedisjon","status":"publish","type":"page","link":"https:\/\/olog.no\/en\/fortolling-spedisjon\/","title":{"rendered":"Customs Brokerage &amp; Domestic Distribution"},"content":{"rendered":"<div data-elementor-type=\"wp-page\" data-elementor-id=\"191\" class=\"elementor elementor-191\" data-elementor-settings=\"{&quot;ha_cmc_init_switcher&quot;:&quot;no&quot;}\" data-elementor-post-type=\"page\">\n\t\t\t\t\t\t<section class=\"elementor-section elementor-top-section elementor-element elementor-element-9be757e elementor-section-boxed elementor-section-height-default elementor-section-height-default\" data-id=\"9be757e\" data-element_type=\"section\" data-e-type=\"section\" data-settings=\"{&quot;background_background&quot;:&quot;classic&quot;,&quot;_ha_eqh_enable&quot;:false}\">\n\t\t\t\t\t\t\t<div class=\"elementor-background-overlay\"><\/div>\n\t\t\t\t\t\t\t<div class=\"elementor-container elementor-column-gap-wide\">\n\t\t\t\t\t<div class=\"elementor-column elementor-col-50 elementor-top-column elementor-element elementor-element-ac71939\" data-id=\"ac71939\" data-element_type=\"column\" data-e-type=\"column\">\n\t\t\t<div class=\"elementor-widget-wrap elementor-element-populated\">\n\t\t\t\t\t\t<div class=\"elementor-element elementor-element-77c0964 elementor-align-left elementor-widget elementor-widget-breadcrumbs\" data-id=\"77c0964\" data-element_type=\"widget\" data-e-type=\"widget\" data-widget_type=\"breadcrumbs.default\">\n\t\t\t\t<div class=\"elementor-widget-container\">\n\t\t\t\t\t<p id=\"breadcrumbs\"><\/p>\t\t\t\t<\/div>\n\t\t\t\t<\/div>\n\t\t\t\t<div class=\"elementor-element elementor-element-b5673d4 elementor-widget elementor-widget-heading\" data-id=\"b5673d4\" data-element_type=\"widget\" data-e-type=\"widget\" data-widget_type=\"heading.default\">\n\t\t\t\t<div class=\"elementor-widget-container\">\n\t\t\t\t\t<h1 class=\"elementor-heading-title elementor-size-default\">Customs Brokerage &amp; Domestic Distribution<\/h1>\t\t\t\t<\/div>\n\t\t\t\t<\/div>\n\t\t\t\t<div class=\"elementor-element elementor-element-7ceb1fd elementor-widget-divider--view-line elementor-widget elementor-widget-divider\" data-id=\"7ceb1fd\" data-element_type=\"widget\" data-e-type=\"widget\" data-widget_type=\"divider.default\">\n\t\t\t\t<div class=\"elementor-widget-container\">\n\t\t\t\t\t\t\t<div class=\"elementor-divider\">\n\t\t\t<span class=\"elementor-divider-separator\">\n\t\t\t\t\t\t<\/span>\n\t\t<\/div>\n\t\t\t\t\t\t<\/div>\n\t\t\t\t<\/div>\n\t\t\t\t<div class=\"elementor-element elementor-element-68bf36b elementor-widget elementor-widget-text-editor\" data-id=\"68bf36b\" data-element_type=\"widget\" data-e-type=\"widget\" data-widget_type=\"text-editor.default\">\n\t\t\t\t<div class=\"elementor-widget-container\">\n\t\t\t\t\t\t\t\t\t<p>Overseas Logistics holds bonded warehouse at Oslo Airport and is electronically connected with Norwegian Customs via TVINN system. This gives us the opportunity to Customs clear all goods and shipments, both as Imports and Exports in an efficient way. Our location at Oslo Airport enables us to swiftly clear ATA-Carnets with Customs. Note, Norway is not a member of EU, all goods require Customs clearance regardless of value and Incoterms.<\/p>\t\t\t\t\t\t\t\t<\/div>\n\t\t\t\t<\/div>\n\t\t\t\t\t<\/div>\n\t\t<\/div>\n\t\t\t\t<div class=\"elementor-column elementor-col-50 elementor-top-column elementor-element elementor-element-e1bfb84\" data-id=\"e1bfb84\" data-element_type=\"column\" data-e-type=\"column\">\n\t\t\t<div class=\"elementor-widget-wrap elementor-element-populated\">\n\t\t\t\t\t\t<div class=\"elementor-element elementor-element-0ed7f6b elementor-widget elementor-widget-image\" data-id=\"0ed7f6b\" data-element_type=\"widget\" data-e-type=\"widget\" data-widget_type=\"image.default\">\n\t\t\t\t<div class=\"elementor-widget-container\">\n\t\t\t\t\t\t\t\t\t\t\t\t\t\t\t<img decoding=\"async\" src=\"https:\/\/olog.no\/wp-content\/uploads\/elementor\/thumbs\/havn-utenlogo2-qcslf0k0fcpggs181p2ig595lfmust5x64yc62k4rs.png\" title=\"havn-utenlogo2\" alt=\"Fortolling &amp; Spedisjon\" loading=\"lazy\" \/>\t\t\t\t\t\t\t\t\t\t\t\t\t\t\t<\/div>\n\t\t\t\t<\/div>\n\t\t\t\t\t<\/div>\n\t\t<\/div>\n\t\t\t\t\t<\/div>\n\t\t<\/section>\n\t\t\t\t<section class=\"elementor-section elementor-top-section elementor-element elementor-element-ed2972f elementor-section-boxed elementor-section-height-default elementor-section-height-default\" data-id=\"ed2972f\" data-element_type=\"section\" data-e-type=\"section\" data-settings=\"{&quot;_ha_eqh_enable&quot;:false}\">\n\t\t\t\t\t\t<div class=\"elementor-container elementor-column-gap-default\">\n\t\t\t\t\t<div class=\"elementor-column elementor-col-100 elementor-top-column elementor-element elementor-element-a54a1c0\" data-id=\"a54a1c0\" data-element_type=\"column\" data-e-type=\"column\">\n\t\t\t<div class=\"elementor-widget-wrap elementor-element-populated\">\n\t\t\t\t\t\t<div class=\"elementor-element elementor-element-a8f93af elementor-widget elementor-widget-text-editor\" data-id=\"a8f93af\" data-element_type=\"widget\" data-e-type=\"widget\" data-widget_type=\"text-editor.default\">\n\t\t\t\t<div class=\"elementor-widget-container\">\n\t\t\t\t\t\t\t\t\t<p><span data-ogsc=\"rgb(31, 73, 125)\">All goods imported or exported must be declared to the customs authorities. \nOur staff have many years of experience in customs clearance for imports and exports on behalf of our clients, \nand our operational systems are connected to the customs' TVINN system for electronic customs clearance. \nAll types of goods are classified in a harmonized global tariff system.<\/span><\/p>\t\t\t\t\t\t\t\t<\/div>\n\t\t\t\t<\/div>\n\t\t\t\t\t<\/div>\n\t\t<\/div>\n\t\t\t\t\t<\/div>\n\t\t<\/section>\n\t\t\t\t<section class=\"elementor-section elementor-top-section elementor-element elementor-element-40a6bc0 elementor-section-boxed elementor-section-height-default elementor-section-height-default\" data-id=\"40a6bc0\" data-element_type=\"section\" data-e-type=\"section\" data-settings=\"{&quot;_ha_eqh_enable&quot;:false}\">\n\t\t\t\t\t\t<div class=\"elementor-container elementor-column-gap-wide\">\n\t\t\t\t\t<div data-ha-element-link=\"{&quot;url&quot;:&quot;https:\\\/\\\/olog.wpenginepowered.com\\\/hjem\\\/import\\\/importfortolling\\\/&quot;,&quot;is_external&quot;:&quot;&quot;,&quot;nofollow&quot;:&quot;&quot;}\" style=\"cursor: pointer\" class=\"elementor-column elementor-col-50 elementor-top-column elementor-element elementor-element-3917854\" data-id=\"3917854\" data-element_type=\"column\" data-e-type=\"column\">\n\t\t\t<div class=\"elementor-widget-wrap elementor-element-populated\">\n\t\t\t\t\t\t<div class=\"elementor-element elementor-element-366c793 elementor-position-top elementor-widget elementor-widget-image-box\" data-id=\"366c793\" data-element_type=\"widget\" data-e-type=\"widget\" data-widget_type=\"image-box.default\">\n\t\t\t\t<div class=\"elementor-widget-container\">\n\t\t\t\t\t<div class=\"elementor-image-box-wrapper\"><figure class=\"elementor-image-box-img\"><a href=\"https:\/\/olog.wpenginepowered.com\/fortolling-spedisjon\/importfortolling\/\" tabindex=\"-1\"><img fetchpriority=\"high\" decoding=\"async\" width=\"768\" height=\"686\" src=\"https:\/\/olog.no\/wp-content\/uploads\/2021\/04\/land-1-768x686.png\" class=\"attachment-medium_large size-medium_large wp-image-169\" alt=\"distribusjon - Overseas Logistics\" srcset=\"https:\/\/olog.no\/wp-content\/uploads\/2021\/04\/land-1-768x686.png 768w, https:\/\/olog.no\/wp-content\/uploads\/2021\/04\/land-1-300x268.png 300w, https:\/\/olog.no\/wp-content\/uploads\/2021\/04\/land-1.png 800w\" sizes=\"(max-width: 768px) 100vw, 768px\" \/><\/a><\/figure><div class=\"elementor-image-box-content\"><h3 class=\"elementor-image-box-title\"><a href=\"https:\/\/olog.wpenginepowered.com\/fortolling-spedisjon\/importfortolling\/\">Import Customs Clearance<\/a><\/h3><p class=\"elementor-image-box-description\">Regardless of origin and value all goods must be Import cleared upon entering Norway<\/p><\/div><\/div>\t\t\t\t<\/div>\n\t\t\t\t<\/div>\n\t\t\t\t<div class=\"elementor-element elementor-element-10fb505 elementor-align-center elementor-widget elementor-widget-button\" data-id=\"10fb505\" data-element_type=\"widget\" data-e-type=\"widget\" data-widget_type=\"button.default\">\n\t\t\t\t<div class=\"elementor-widget-container\">\n\t\t\t\t\t\t\t\t\t<div class=\"elementor-button-wrapper\">\n\t\t\t\t\t<a class=\"elementor-button elementor-button-link elementor-size-sm\" href=\"https:\/\/olog.wpenginepowered.com\/fortolling-spedisjon\/importfortolling\/\">\n\t\t\t\t\t\t<span class=\"elementor-button-content-wrapper\">\n\t\t\t\t\t\t\t\t\t<span class=\"elementor-button-text\">Read more<\/span>\n\t\t\t\t\t<\/span>\n\t\t\t\t\t<\/a>\n\t\t\t\t<\/div>\n\t\t\t\t\t\t\t\t<\/div>\n\t\t\t\t<\/div>\n\t\t\t\t\t<\/div>\n\t\t<\/div>\n\t\t\t\t<div data-ha-element-link=\"{&quot;url&quot;:&quot;https:\\\/\\\/olog.wpenginepowered.com\\\/hjem\\\/import\\\/eksportfortolling\\\/&quot;,&quot;is_external&quot;:&quot;&quot;,&quot;nofollow&quot;:&quot;&quot;}\" style=\"cursor: pointer\" class=\"elementor-column elementor-col-50 elementor-top-column elementor-element elementor-element-4f0c3bb\" data-id=\"4f0c3bb\" data-element_type=\"column\" data-e-type=\"column\">\n\t\t\t<div class=\"elementor-widget-wrap elementor-element-populated\">\n\t\t\t\t\t\t<div class=\"elementor-element elementor-element-b4c50d7 elementor-position-top elementor-widget elementor-widget-image-box\" data-id=\"b4c50d7\" data-element_type=\"widget\" data-e-type=\"widget\" data-widget_type=\"image-box.default\">\n\t\t\t\t<div class=\"elementor-widget-container\">\n\t\t\t\t\t<div class=\"elementor-image-box-wrapper\"><figure class=\"elementor-image-box-img\"><a href=\"https:\/\/olog.wpenginepowered.com\/fortolling-spedisjon\/eksportfortolling\/\" tabindex=\"-1\"><img decoding=\"async\" width=\"768\" height=\"686\" src=\"https:\/\/olog.no\/wp-content\/uploads\/2021\/04\/boat-768x686.png\" class=\"attachment-medium_large size-medium_large wp-image-100\" alt=\"sj\u00f8frakt - Overseas Logistics\" srcset=\"https:\/\/olog.no\/wp-content\/uploads\/2021\/04\/boat-768x686.png 768w, https:\/\/olog.no\/wp-content\/uploads\/2021\/04\/boat-300x268.png 300w, https:\/\/olog.no\/wp-content\/uploads\/2021\/04\/boat.png 800w\" sizes=\"(max-width: 768px) 100vw, 768px\" \/><\/a><\/figure><div class=\"elementor-image-box-content\"><h3 class=\"elementor-image-box-title\"><a href=\"https:\/\/olog.wpenginepowered.com\/fortolling-spedisjon\/eksportfortolling\/\">Export Customs Clearance<\/a><\/h3><p class=\"elementor-image-box-description\">All goods must be Export cleared prior to departing Norway<\/p><\/div><\/div>\t\t\t\t<\/div>\n\t\t\t\t<\/div>\n\t\t\t\t<div class=\"elementor-element elementor-element-a691ab1 elementor-align-center elementor-widget elementor-widget-button\" data-id=\"a691ab1\" data-element_type=\"widget\" data-e-type=\"widget\" data-widget_type=\"button.default\">\n\t\t\t\t<div class=\"elementor-widget-container\">\n\t\t\t\t\t\t\t\t\t<div class=\"elementor-button-wrapper\">\n\t\t\t\t\t<a class=\"elementor-button elementor-button-link elementor-size-sm\" href=\"https:\/\/olog.wpenginepowered.com\/fortolling-spedisjon\/eksportfortolling\/\">\n\t\t\t\t\t\t<span class=\"elementor-button-content-wrapper\">\n\t\t\t\t\t\t\t\t\t<span class=\"elementor-button-text\">Read more<\/span>\n\t\t\t\t\t<\/span>\n\t\t\t\t\t<\/a>\n\t\t\t\t<\/div>\n\t\t\t\t\t\t\t\t<\/div>\n\t\t\t\t<\/div>\n\t\t\t\t\t<\/div>\n\t\t<\/div>\n\t\t\t\t\t<\/div>\n\t\t<\/section>\n\t\t\t\t<\/div>","protected":false},"excerpt":{"rendered":"<p>FORTOLLING OG SPEDISJON Ordet spedisjon er ett fremmedord alle har h\u00f8rt om, men ikke er like sikker p\u00e5 hva betyr. Spedisjon er \u00e5 organisere og gjennomf\u00f8re godstransport med tilh\u00f8rende dokumenth\u00e5ndtering og tollekspedering p\u00e5 vegne av andre andre mot godtgj\u00f8ring. Som en spedit\u00f8r tilbyr Overseas Logistics alle spedisjonstjenester. Hos oss kan du bestille transport av gods [&hellip;]<\/p>\n","protected":false},"author":136,"featured_media":0,"parent":0,"menu_order":0,"comment_status":"closed","ping_status":"closed","template":"","meta":{"footnotes":""},"class_list":["post-191","page","type-page","status-publish","hentry"],"yoast_head":"<!-- This site is optimized with the Yoast SEO plugin v26.5 - https:\/\/yoast.com\/wordpress\/plugins\/seo\/ -->\n<title>Fortolling &amp; Spedisjon - Spesialister p\u00e5 logistikk og frakt<\/title>\n<meta name=\"description\" content=\"Spedisjon er \u00e5 gjennomf\u00f8re godstransport p\u00e5 vegne av andre. Som en spedit\u00f8r tilbyr Overseas Logistics alle spedisjonstjenester.\" \/>\n<meta name=\"robots\" content=\"index, follow, max-snippet:-1, max-image-preview:large, max-video-preview:-1\" \/>\n<link rel=\"canonical\" href=\"https:\/\/olog.no\/en\/fortolling-spedisjon\/\" \/>\n<meta property=\"og:locale\" content=\"en_US\" \/>\n<meta property=\"og:type\" content=\"article\" \/>\n<meta property=\"og:title\" content=\"Fortolling &amp; Spedisjon - Spesialister p\u00e5 logistikk og frakt\" \/>\n<meta property=\"og:description\" content=\"Spedisjon er \u00e5 gjennomf\u00f8re godstransport p\u00e5 vegne av andre. Som en spedit\u00f8r tilbyr Overseas Logistics alle spedisjonstjenester.\" \/>\n<meta property=\"og:url\" content=\"https:\/\/olog.no\/en\/fortolling-spedisjon\/\" \/>\n<meta property=\"og:site_name\" content=\"Spesialister p\u00e5 logistikk og frakt\" \/>\n<meta property=\"og:image\" content=\"https:\/\/olog.wpenginepowered.com\/wp-content\/uploads\/elementor\/thumbs\/havn-utenlogo2-p8nbfeysipxxg2nqc8frqrb4askfgfznmvpq7acox4.png\" \/>\n<meta name=\"twitter:card\" content=\"summary_large_image\" \/>\n<meta name=\"twitter:label1\" content=\"Est. reading time\" \/>\n\t<meta name=\"twitter:data1\" content=\"2 minutes\" \/>\n<script type=\"application\/ld+json\" class=\"yoast-schema-graph\">{\"@context\":\"https:\/\/schema.org\",\"@graph\":[{\"@type\":\"WebPage\",\"@id\":\"https:\/\/olog.no\/fortolling-spedisjon\/\",\"url\":\"https:\/\/olog.no\/fortolling-spedisjon\/\",\"name\":\"Fortolling & Spedisjon - Spesialister p\u00e5 logistikk og frakt\",\"isPartOf\":{\"@id\":\"https:\/\/olog.no\/#website\"},\"primaryImageOfPage\":{\"@id\":\"https:\/\/olog.no\/fortolling-spedisjon\/#primaryimage\"},\"image\":{\"@id\":\"https:\/\/olog.no\/fortolling-spedisjon\/#primaryimage\"},\"thumbnailUrl\":\"https:\/\/olog.wpenginepowered.com\/wp-content\/uploads\/elementor\/thumbs\/havn-utenlogo2-p8nbfeysipxxg2nqc8frqrb4askfgfznmvpq7acox4.png\",\"datePublished\":\"2025-04-29T13:12:09+00:00\",\"description\":\"Spedisjon er \u00e5 gjennomf\u00f8re godstransport p\u00e5 vegne av andre. Som en spedit\u00f8r tilbyr Overseas Logistics alle spedisjonstjenester.\",\"inLanguage\":\"en-US\",\"potentialAction\":[{\"@type\":\"ReadAction\",\"target\":[\"https:\/\/olog.no\/fortolling-spedisjon\/\"]}]},{\"@type\":\"ImageObject\",\"inLanguage\":\"en-US\",\"@id\":\"https:\/\/olog.no\/fortolling-spedisjon\/#primaryimage\",\"url\":\"https:\/\/olog.wpenginepowered.com\/wp-content\/uploads\/elementor\/thumbs\/havn-utenlogo2-p8nbfeysipxxg2nqc8frqrb4askfgfznmvpq7acox4.png\",\"contentUrl\":\"https:\/\/olog.wpenginepowered.com\/wp-content\/uploads\/elementor\/thumbs\/havn-utenlogo2-p8nbfeysipxxg2nqc8frqrb4askfgfznmvpq7acox4.png\"},{\"@type\":\"WebSite\",\"@id\":\"https:\/\/olog.no\/#website\",\"url\":\"https:\/\/olog.no\/\",\"name\":\"Spesialister p\u00e5 logistikk og frakt\",\"description\":\"Internasjonalt spedisjonsselskap innen fly, sj\u00f8 og togfrakt i tillegg til fortollingstjenester med kontor p\u00e5 Gardermoen.\",\"publisher\":{\"@id\":\"https:\/\/olog.no\/#organization\"},\"potentialAction\":[{\"@type\":\"SearchAction\",\"target\":{\"@type\":\"EntryPoint\",\"urlTemplate\":\"https:\/\/olog.no\/?s={search_term_string}\"},\"query-input\":{\"@type\":\"PropertyValueSpecification\",\"valueRequired\":true,\"valueName\":\"search_term_string\"}}],\"inLanguage\":\"en-US\"},{\"@type\":\"Organization\",\"@id\":\"https:\/\/olog.no\/#organization\",\"name\":\"Spesialister p\u00e5 logistikk og frakt\",\"url\":\"https:\/\/olog.no\/\",\"logo\":{\"@type\":\"ImageObject\",\"inLanguage\":\"en-US\",\"@id\":\"https:\/\/olog.no\/#\/schema\/logo\/image\/\",\"url\":\"https:\/\/olog.no\/wp-content\/uploads\/2021\/03\/OLOG.png\",\"contentUrl\":\"https:\/\/olog.no\/wp-content\/uploads\/2021\/03\/OLOG.png\",\"width\":347,\"height\":122,\"caption\":\"Spesialister p\u00e5 logistikk og frakt\"},\"image\":{\"@id\":\"https:\/\/olog.no\/#\/schema\/logo\/image\/\"}}]}<\/script>\n<!-- \/ Yoast SEO plugin. -->","yoast_head_json":{"title":"Fortolling & Spedisjon - Spesialister p\u00e5 logistikk og frakt","description":"Spedisjon er \u00e5 gjennomf\u00f8re godstransport p\u00e5 vegne av andre. Som en spedit\u00f8r tilbyr Overseas Logistics alle spedisjonstjenester.","robots":{"index":"index","follow":"follow","max-snippet":"max-snippet:-1","max-image-preview":"max-image-preview:large","max-video-preview":"max-video-preview:-1"},"canonical":"https:\/\/olog.no\/en\/fortolling-spedisjon\/","og_locale":"en_US","og_type":"article","og_title":"Fortolling & Spedisjon - Spesialister p\u00e5 logistikk og frakt","og_description":"Spedisjon er \u00e5 gjennomf\u00f8re godstransport p\u00e5 vegne av andre. Som en spedit\u00f8r tilbyr Overseas Logistics alle spedisjonstjenester.","og_url":"https:\/\/olog.no\/en\/fortolling-spedisjon\/","og_site_name":"Spesialister p\u00e5 logistikk og frakt","og_image":[{"url":"https:\/\/olog.wpenginepowered.com\/wp-content\/uploads\/elementor\/thumbs\/havn-utenlogo2-p8nbfeysipxxg2nqc8frqrb4askfgfznmvpq7acox4.png","type":"","width":"","height":""}],"twitter_card":"summary_large_image","twitter_misc":{"Est. reading time":"2 minutes"},"schema":{"@context":"https:\/\/schema.org","@graph":[{"@type":"WebPage","@id":"https:\/\/olog.no\/fortolling-spedisjon\/","url":"https:\/\/olog.no\/fortolling-spedisjon\/","name":"Fortolling & Spedisjon - Spesialister p\u00e5 logistikk og frakt","isPartOf":{"@id":"https:\/\/olog.no\/#website"},"primaryImageOfPage":{"@id":"https:\/\/olog.no\/fortolling-spedisjon\/#primaryimage"},"image":{"@id":"https:\/\/olog.no\/fortolling-spedisjon\/#primaryimage"},"thumbnailUrl":"https:\/\/olog.wpenginepowered.com\/wp-content\/uploads\/elementor\/thumbs\/havn-utenlogo2-p8nbfeysipxxg2nqc8frqrb4askfgfznmvpq7acox4.png","datePublished":"2025-04-29T13:12:09+00:00","description":"Spedisjon er \u00e5 gjennomf\u00f8re godstransport p\u00e5 vegne av andre. Som en spedit\u00f8r tilbyr Overseas Logistics alle spedisjonstjenester.","inLanguage":"en-US","potentialAction":[{"@type":"ReadAction","target":["https:\/\/olog.no\/fortolling-spedisjon\/"]}]},{"@type":"ImageObject","inLanguage":"en-US","@id":"https:\/\/olog.no\/fortolling-spedisjon\/#primaryimage","url":"https:\/\/olog.wpenginepowered.com\/wp-content\/uploads\/elementor\/thumbs\/havn-utenlogo2-p8nbfeysipxxg2nqc8frqrb4askfgfznmvpq7acox4.png","contentUrl":"https:\/\/olog.wpenginepowered.com\/wp-content\/uploads\/elementor\/thumbs\/havn-utenlogo2-p8nbfeysipxxg2nqc8frqrb4askfgfznmvpq7acox4.png"},{"@type":"WebSite","@id":"https:\/\/olog.no\/#website","url":"https:\/\/olog.no\/","name":"Spesialister p\u00e5 logistikk og frakt","description":"Internasjonalt spedisjonsselskap innen fly, sj\u00f8 og togfrakt i tillegg til fortollingstjenester med kontor p\u00e5 Gardermoen.","publisher":{"@id":"https:\/\/olog.no\/#organization"},"potentialAction":[{"@type":"SearchAction","target":{"@type":"EntryPoint","urlTemplate":"https:\/\/olog.no\/?s={search_term_string}"},"query-input":{"@type":"PropertyValueSpecification","valueRequired":true,"valueName":"search_term_string"}}],"inLanguage":"en-US"},{"@type":"Organization","@id":"https:\/\/olog.no\/#organization","name":"Spesialister p\u00e5 logistikk og frakt","url":"https:\/\/olog.no\/","logo":{"@type":"ImageObject","inLanguage":"en-US","@id":"https:\/\/olog.no\/#\/schema\/logo\/image\/","url":"https:\/\/olog.no\/wp-content\/uploads\/2021\/03\/OLOG.png","contentUrl":"https:\/\/olog.no\/wp-content\/uploads\/2021\/03\/OLOG.png","width":347,"height":122,"caption":"Spesialister p\u00e5 logistikk og frakt"},"image":{"@id":"https:\/\/olog.no\/#\/schema\/logo\/image\/"}}]}},"_links":{"self":[{"href":"https:\/\/olog.no\/en\/wp-json\/wp\/v2\/pages\/191","targetHints":{"allow":["GET"]}}],"collection":[{"href":"https:\/\/olog.no\/en\/wp-json\/wp\/v2\/pages"}],"about":[{"href":"https:\/\/olog.no\/en\/wp-json\/wp\/v2\/types\/page"}],"author":[{"embeddable":true,"href":"https:\/\/olog.no\/en\/wp-json\/wp\/v2\/users\/136"}],"replies":[{"embeddable":true,"href":"https:\/\/olog.no\/en\/wp-json\/wp\/v2\/comments?post=191"}],"version-history":[{"count":0,"href":"https:\/\/olog.no\/en\/wp-json\/wp\/v2\/pages\/191\/revisions"}],"wp:attachment":[{"href":"https:\/\/olog.no\/en\/wp-json\/wp\/v2\/media?parent=191"}],"curies":[{"name":"wp","href":"https:\/\/api.w.org\/{rel}","templated":true}]}}