{"id":235,"date":"2025-04-29T15:12:09","date_gmt":"2025-04-29T13:12:09","guid":{"rendered":"https:\/\/olog.wpenginepowered.com\/?page_id=235"},"modified":"2025-04-29T15:12:09","modified_gmt":"2025-04-29T13:12:09","slug":"importfortolling","status":"publish","type":"page","link":"https:\/\/olog.no\/en\/fortolling-spedisjon\/importfortolling\/","title":{"rendered":"Import Customs Clearance"},"content":{"rendered":"<div data-elementor-type=\"wp-page\" data-elementor-id=\"235\" class=\"elementor elementor-235\" data-elementor-settings=\"{&quot;ha_cmc_init_switcher&quot;:&quot;no&quot;}\" data-elementor-post-type=\"page\">\n\t\t\t\t\t\t<section class=\"elementor-section elementor-top-section elementor-element elementor-element-9be757e elementor-section-boxed elementor-section-height-default elementor-section-height-default\" data-id=\"9be757e\" data-element_type=\"section\" data-e-type=\"section\" data-settings=\"{&quot;background_background&quot;:&quot;classic&quot;,&quot;_ha_eqh_enable&quot;:false}\">\n\t\t\t\t\t\t<div class=\"elementor-container elementor-column-gap-wide\">\n\t\t\t\t\t<div class=\"elementor-column elementor-col-50 elementor-top-column elementor-element elementor-element-ac71939\" data-id=\"ac71939\" data-element_type=\"column\" data-e-type=\"column\">\n\t\t\t<div class=\"elementor-widget-wrap elementor-element-populated\">\n\t\t\t\t\t\t<div class=\"elementor-element elementor-element-77c0964 elementor-align-left elementor-widget elementor-widget-breadcrumbs\" data-id=\"77c0964\" data-element_type=\"widget\" data-e-type=\"widget\" data-widget_type=\"breadcrumbs.default\">\n\t\t\t\t<div class=\"elementor-widget-container\">\n\t\t\t\t\t<p id=\"breadcrumbs\"><\/p>\t\t\t\t<\/div>\n\t\t\t\t<\/div>\n\t\t\t\t<div class=\"elementor-element elementor-element-b5673d4 elementor-widget elementor-widget-heading\" data-id=\"b5673d4\" data-element_type=\"widget\" data-e-type=\"widget\" data-widget_type=\"heading.default\">\n\t\t\t\t<div class=\"elementor-widget-container\">\n\t\t\t\t\t<h1 class=\"elementor-heading-title elementor-size-default\"><span style=\"color: inherit;font-family: inherit;font-size: inherit;font-style: inherit;font-weight: inherit;background-color: var( --e-global-color-primary )\">Import Customs Clearance<\/span><\/h1>\t\t\t\t<\/div>\n\t\t\t\t<\/div>\n\t\t\t\t<div class=\"elementor-element elementor-element-7ceb1fd elementor-widget-divider--view-line elementor-widget elementor-widget-divider\" data-id=\"7ceb1fd\" data-element_type=\"widget\" data-e-type=\"widget\" data-widget_type=\"divider.default\">\n\t\t\t\t<div class=\"elementor-widget-container\">\n\t\t\t\t\t\t\t<div class=\"elementor-divider\">\n\t\t\t<span class=\"elementor-divider-separator\">\n\t\t\t\t\t\t<\/span>\n\t\t<\/div>\n\t\t\t\t\t\t<\/div>\n\t\t\t\t<\/div>\n\t\t\t\t<div class=\"elementor-element elementor-element-68bf36b elementor-widget elementor-widget-text-editor\" data-id=\"68bf36b\" data-element_type=\"widget\" data-e-type=\"widget\" data-widget_type=\"text-editor.default\">\n\t\t\t\t<div class=\"elementor-widget-container\">\n\t\t\t\t\t\t\t\t\t<blockquote><div><div><div>Ved innf\u00f8ring av varer til Norge har man som import\u00f8r en meldeplikt til tolletaten, og tollekspedering er myndighetens m\u00e5te \u00e5 kreve inn innf\u00f8rselsavgifter, dette v\u00e6re seg toll, moms og s\u00e6ravgifter. Lavverdi grensen for avgiftsfritak ble fjernet 1\/4-2020, som betyr alle varer som importeres illegges innf\u00f8rselsavgifter fra f\u00f8rste krone. For privatpersoner eksisterer det fortsatt avgiftsfritak for gaver med verdi under kr.1000 sendt forutsatt varen (restriksjoner eller forbud kan forekomme \u2013 jmf.\u00a0<a href=\"http:\/\/www.toll.no\/\" target=\"_blank\" rel=\"noopener noreferrer\" data-auth=\"NotApplicable\" data-linkindex=\"6\" data-ogsc=\"rgb(149, 79, 114)\">www.toll.no<\/a>) er sendt fra privatperson bosatt i utlandet til privatperson bosatt i Norge.<\/div><\/div><\/div><\/blockquote>\t\t\t\t\t\t\t\t<\/div>\n\t\t\t\t<\/div>\n\t\t\t\t\t<\/div>\n\t\t<\/div>\n\t\t\t\t<div class=\"elementor-column elementor-col-50 elementor-top-column elementor-element elementor-element-e1bfb84\" data-id=\"e1bfb84\" data-element_type=\"column\" data-e-type=\"column\">\n\t\t\t<div class=\"elementor-widget-wrap elementor-element-populated\">\n\t\t\t\t\t\t<div class=\"elementor-element elementor-element-0ed7f6b elementor-widget elementor-widget-image\" data-id=\"0ed7f6b\" data-element_type=\"widget\" data-e-type=\"widget\" data-widget_type=\"image.default\">\n\t\t\t\t<div class=\"elementor-widget-container\">\n\t\t\t\t\t\t\t\t\t\t\t\t\t\t\t<img fetchpriority=\"high\" decoding=\"async\" width=\"800\" height=\"715\" src=\"https:\/\/olog.no\/wp-content\/uploads\/2021\/04\/plane-1.png\" class=\"attachment-large size-large wp-image-170\" alt=\"flyfrakt - Overseas Logistics\" srcset=\"https:\/\/olog.no\/wp-content\/uploads\/2021\/04\/plane-1.png 800w, https:\/\/olog.no\/wp-content\/uploads\/2021\/04\/plane-1-300x268.png 300w, https:\/\/olog.no\/wp-content\/uploads\/2021\/04\/plane-1-768x686.png 768w\" sizes=\"(max-width: 800px) 100vw, 800px\" \/>\t\t\t\t\t\t\t\t\t\t\t\t\t\t\t<\/div>\n\t\t\t\t<\/div>\n\t\t\t\t\t<\/div>\n\t\t<\/div>\n\t\t\t\t\t<\/div>\n\t\t<\/section>\n\t\t\t\t<section class=\"elementor-section elementor-top-section elementor-element elementor-element-6c26ff63 elementor-section-content-middle elementor-section-boxed elementor-section-height-default elementor-section-height-default\" data-id=\"6c26ff63\" data-element_type=\"section\" data-e-type=\"section\" data-settings=\"{&quot;_ha_eqh_enable&quot;:false}\">\n\t\t\t\t\t\t<div class=\"elementor-container elementor-column-gap-no\">\n\t\t\t\t\t<div class=\"elementor-column elementor-col-33 elementor-top-column elementor-element elementor-element-46663edc\" data-id=\"46663edc\" data-element_type=\"column\" data-e-type=\"column\">\n\t\t\t<div class=\"elementor-widget-wrap elementor-element-populated\">\n\t\t\t\t\t\t<div class=\"elementor-element elementor-element-606d54a elementor-widget elementor-widget-heading\" data-id=\"606d54a\" data-element_type=\"widget\" data-e-type=\"widget\" data-widget_type=\"heading.default\">\n\t\t\t\t<div class=\"elementor-widget-container\">\n\t\t\t\t\t<h2 class=\"elementor-heading-title elementor-size-default\">Toll<\/h2>\t\t\t\t<\/div>\n\t\t\t\t<\/div>\n\t\t\t\t<div class=\"elementor-element elementor-element-80d412b elementor-widget elementor-widget-text-editor\" data-id=\"80d412b\" data-element_type=\"widget\" data-e-type=\"widget\" data-widget_type=\"text-editor.default\">\n\t\t\t\t<div class=\"elementor-widget-container\">\n\t\t\t\t\t\t\t\t\tDe fleste varetyper er tollfrie, i det store og hele er kun tekstiler og n\u00e6ringsmidler tollbelagte varetyper. Toll kreves inn av tolletaten enten via kontantoppgj\u00f8r eller belastes tollkredittkonto hvis man har innvilget dette. Norge har frihandelsavtaler med en rekke land, som kan medf\u00f8re tollfritak eller redusert tollsats for varer omfattet av frihandelsavtalen med ett land. I hovedsak gjelder dette matvarer og tekstiler, for s\u00e5kalt preferansetollbehandling b\u00f8r det foreligge varesertifikat eller opprinnelseserkl\u00e6ring utstedt av eksport\u00f8r p\u00e5 tidspunktet tollbehandlingen finner sted.\n<div style=\"margin: 0px; padding: 0px; border: 0px; font-style: inherit; font-variant: inherit; font-weight: inherit; font-stretch: inherit; font-size: 12pt; line-height: inherit; font-family: Calibri, sans-serif; vertical-align: baseline; color: inherit;\"><span style=\"margin: 0px; padding: 0px; border: 0px; font: inherit; vertical-align: baseline; color: inherit;\">\u00a0<\/span><\/div>\n<div style=\"margin: 0px; padding: 0px; border: 0px; font-style: inherit; font-variant: inherit; font-weight: inherit; font-stretch: inherit; font-size: 12pt; line-height: inherit; font-family: Calibri, sans-serif; vertical-align: baseline; color: inherit;\">\n\n<span style=\"color: inherit; font-family: inherit; font-size: inherit; font-style: inherit; font-variant-ligatures: inherit; font-variant-caps: inherit; font-weight: inherit;\"><a href=\"https:\/\/www.toll.no\/no\/bedrift\/import\/tollfrihet\/to-typer-opprinnelsesbevis\/\">Redusert toll eller tollfritak<\/a><\/span>\n\n<\/div>\t\t\t\t\t\t\t\t<\/div>\n\t\t\t\t<\/div>\n\t\t\t\t\t<\/div>\n\t\t<\/div>\n\t\t\t\t<div class=\"elementor-column elementor-col-33 elementor-top-column elementor-element elementor-element-af00b1e\" data-id=\"af00b1e\" data-element_type=\"column\" data-e-type=\"column\">\n\t\t\t<div class=\"elementor-widget-wrap elementor-element-populated\">\n\t\t\t\t\t\t<div class=\"elementor-element elementor-element-7dd5457 elementor-widget elementor-widget-heading\" data-id=\"7dd5457\" data-element_type=\"widget\" data-e-type=\"widget\" data-widget_type=\"heading.default\">\n\t\t\t\t<div class=\"elementor-widget-container\">\n\t\t\t\t\t<h2 class=\"elementor-heading-title elementor-size-default\">Merverdiavgift<\/h2>\t\t\t\t<\/div>\n\t\t\t\t<\/div>\n\t\t\t\t<div class=\"elementor-element elementor-element-eedfe09 elementor-widget elementor-widget-text-editor\" data-id=\"eedfe09\" data-element_type=\"widget\" data-e-type=\"widget\" data-widget_type=\"text-editor.default\">\n\t\t\t\t<div class=\"elementor-widget-container\">\n\t\t\t\t\t\t\t\t\t<p>Er man registrert i merverdiavgiftsregisteret beregnes og innberettes innf\u00f8rselsmoms til Skatteetaten over skattemeldingen utfra stortingets satte satser for varetypene som innf\u00f8res. Dersom man ikke er registrert i MVA-registeret skal man betale innf\u00f8rselsmoms direkte til Tolletaten p\u00e5 innf\u00f8rselstidspunktet. Man skal v\u00e6re oppmerksom p\u00e5 fraktbel\u00f8p, eventuelle toll og s\u00e6ravgifter er med i beregningsgrunnlaget for merverdiavgift.<\/p>\t\t\t\t\t\t\t\t<\/div>\n\t\t\t\t<\/div>\n\t\t\t\t\t<\/div>\n\t\t<\/div>\n\t\t\t\t<div class=\"elementor-column elementor-col-33 elementor-top-column elementor-element elementor-element-6b7a4832\" data-id=\"6b7a4832\" data-element_type=\"column\" data-e-type=\"column\">\n\t\t\t<div class=\"elementor-widget-wrap elementor-element-populated\">\n\t\t\t\t\t\t<div class=\"elementor-element elementor-element-c83c9e6 elementor-widget elementor-widget-heading\" data-id=\"c83c9e6\" data-element_type=\"widget\" data-e-type=\"widget\" data-widget_type=\"heading.default\">\n\t\t\t\t<div class=\"elementor-widget-container\">\n\t\t\t\t\t<h2 class=\"elementor-heading-title elementor-size-default\">S\u00e6ravgifter<\/h2>\t\t\t\t<\/div>\n\t\t\t\t<\/div>\n\t\t\t\t<div class=\"elementor-element elementor-element-05a1445 elementor-widget elementor-widget-text-editor\" data-id=\"05a1445\" data-element_type=\"widget\" data-e-type=\"widget\" data-widget_type=\"text-editor.default\">\n\t\t\t\t<div class=\"elementor-widget-container\">\n\t\t\t\t\t\t\t\t\t<p>Noen varer er underlagt s\u00e6ravgifter ved import. Satsene fastsettes \u00e5rlig av stortinget og varierer med varetypen. Varetyper med s\u00e6ravgift er bl.a. typiske n\u00e6ringsmidler som matvarer, sjokolade og sukkervarer, alkoholholdig og alkoholfrie drikkevarer, tobakksvarer, drikkevareemballasje, sm\u00f8reoljer, mineraliske produkter.<\/p><p>En skal v\u00e6re obs p\u00e5 enkelte varer har forbud eller restriksjoner ved innf\u00f8rsel til Norge. Det er varetyper som er underlagt dokumentasjonkrav s\u00e5 vel som importtillatelser f\u00f8r varen kan importeres. Det er import\u00f8rens ansvar \u00e5 sette seg inn i regelverket f\u00f8r varene innf\u00f8res. Likeledes kan det eksistere krav om eksporttillatelse fra landet varene eksporteres i fra. Varer med restriksjoner kan v\u00e6re: n\u00e6ringsmidler, planter, fr\u00f8, dyr, truede dyre og plantearter, v\u00e5pen, ammunisjon og v\u00e5pendeler, antikiviteter og kulturminner, legemidler, alkohol, tobakk<\/p><p><a href=\"https:\/\/www.toll.no\/no\/bedrift\/import\/varer-med-restriksjoner\/\">Varer med restriksjoner<\/a><\/p>\t\t\t\t\t\t\t\t<\/div>\n\t\t\t\t<\/div>\n\t\t\t\t\t<\/div>\n\t\t<\/div>\n\t\t\t\t\t<\/div>\n\t\t<\/section>\n\t\t\t\t<\/div>","protected":false},"excerpt":{"rendered":"<p>Importfortolling Ved innf\u00f8ring av varer til Norge har man som import\u00f8r en meldeplikt til tolletaten, og tollekspedering er myndighetens m\u00e5te \u00e5 kreve inn innf\u00f8rselsavgifter, dette v\u00e6re seg toll, moms og s\u00e6ravgifter. Lavverdi grensen for avgiftsfritak ble fjernet 1\/4-2020, som betyr alle varer som importeres illegges innf\u00f8rselsavgifter fra f\u00f8rste krone. For privatpersoner eksisterer det fortsatt avgiftsfritak [&hellip;]<\/p>\n","protected":false},"author":136,"featured_media":0,"parent":191,"menu_order":0,"comment_status":"closed","ping_status":"closed","template":"","meta":{"footnotes":""},"class_list":["post-235","page","type-page","status-publish","hentry"],"yoast_head":"<!-- This site is optimized with the Yoast SEO plugin v26.5 - https:\/\/yoast.com\/wordpress\/plugins\/seo\/ -->\n<title>Importfortolling - Spesialister p\u00e5 logistikk og frakt<\/title>\n<meta name=\"description\" content=\"Ved innf\u00f8ring av varer til Norge har man som import\u00f8r en meldeplikt til tolletaten. Alle varer som importeres ilegges innf\u00f8rselsavgifter.\" \/>\n<meta name=\"robots\" content=\"index, follow, max-snippet:-1, max-image-preview:large, max-video-preview:-1\" \/>\n<link rel=\"canonical\" href=\"https:\/\/olog.no\/en\/fortolling-spedisjon\/importfortolling\/\" \/>\n<meta property=\"og:locale\" content=\"en_US\" \/>\n<meta property=\"og:type\" content=\"article\" \/>\n<meta property=\"og:title\" content=\"Importfortolling - Spesialister p\u00e5 logistikk og frakt\" \/>\n<meta property=\"og:description\" content=\"Ved innf\u00f8ring av varer til Norge har man som import\u00f8r en meldeplikt til tolletaten. Alle varer som importeres ilegges innf\u00f8rselsavgifter.\" \/>\n<meta property=\"og:url\" content=\"https:\/\/olog.no\/en\/fortolling-spedisjon\/importfortolling\/\" \/>\n<meta property=\"og:site_name\" content=\"Spesialister p\u00e5 logistikk og frakt\" \/>\n<meta property=\"og:image\" content=\"https:\/\/olog.wpenginepowered.com\/wp-content\/uploads\/2021\/04\/plane-1.png\" \/>\n<meta name=\"twitter:card\" content=\"summary_large_image\" \/>\n<meta name=\"twitter:label1\" content=\"Est. reading time\" \/>\n\t<meta name=\"twitter:data1\" content=\"2 minutes\" \/>\n<script type=\"application\/ld+json\" class=\"yoast-schema-graph\">{\"@context\":\"https:\/\/schema.org\",\"@graph\":[{\"@type\":\"WebPage\",\"@id\":\"https:\/\/olog.no\/fortolling-spedisjon\/importfortolling\/\",\"url\":\"https:\/\/olog.no\/fortolling-spedisjon\/importfortolling\/\",\"name\":\"Importfortolling - Spesialister p\u00e5 logistikk og frakt\",\"isPartOf\":{\"@id\":\"https:\/\/olog.no\/#website\"},\"primaryImageOfPage\":{\"@id\":\"https:\/\/olog.no\/fortolling-spedisjon\/importfortolling\/#primaryimage\"},\"image\":{\"@id\":\"https:\/\/olog.no\/fortolling-spedisjon\/importfortolling\/#primaryimage\"},\"thumbnailUrl\":\"https:\/\/olog.wpenginepowered.com\/wp-content\/uploads\/2021\/04\/plane-1.png\",\"datePublished\":\"2025-04-29T13:12:09+00:00\",\"description\":\"Ved innf\u00f8ring av varer til Norge har man som import\u00f8r en meldeplikt til tolletaten. Alle varer som importeres ilegges innf\u00f8rselsavgifter.\",\"breadcrumb\":{\"@id\":\"https:\/\/olog.no\/fortolling-spedisjon\/importfortolling\/#breadcrumb\"},\"inLanguage\":\"en-US\",\"potentialAction\":[{\"@type\":\"ReadAction\",\"target\":[\"https:\/\/olog.no\/fortolling-spedisjon\/importfortolling\/\"]}]},{\"@type\":\"ImageObject\",\"inLanguage\":\"en-US\",\"@id\":\"https:\/\/olog.no\/fortolling-spedisjon\/importfortolling\/#primaryimage\",\"url\":\"https:\/\/olog.wpenginepowered.com\/wp-content\/uploads\/2021\/04\/plane-1.png\",\"contentUrl\":\"https:\/\/olog.wpenginepowered.com\/wp-content\/uploads\/2021\/04\/plane-1.png\"},{\"@type\":\"BreadcrumbList\",\"@id\":\"https:\/\/olog.no\/fortolling-spedisjon\/importfortolling\/#breadcrumb\",\"itemListElement\":[{\"@type\":\"ListItem\",\"position\":1,\"name\":\"Fortolling &#038; Spedisjon\",\"item\":\"https:\/\/olog.no\/fortolling-spedisjon\/\"},{\"@type\":\"ListItem\",\"position\":2,\"name\":\"Importfortolling\"}]},{\"@type\":\"WebSite\",\"@id\":\"https:\/\/olog.no\/#website\",\"url\":\"https:\/\/olog.no\/\",\"name\":\"Spesialister p\u00e5 logistikk og frakt\",\"description\":\"Internasjonalt spedisjonsselskap innen fly, sj\u00f8 og togfrakt i tillegg til fortollingstjenester med kontor p\u00e5 Gardermoen.\",\"publisher\":{\"@id\":\"https:\/\/olog.no\/#organization\"},\"potentialAction\":[{\"@type\":\"SearchAction\",\"target\":{\"@type\":\"EntryPoint\",\"urlTemplate\":\"https:\/\/olog.no\/?s={search_term_string}\"},\"query-input\":{\"@type\":\"PropertyValueSpecification\",\"valueRequired\":true,\"valueName\":\"search_term_string\"}}],\"inLanguage\":\"en-US\"},{\"@type\":\"Organization\",\"@id\":\"https:\/\/olog.no\/#organization\",\"name\":\"Spesialister p\u00e5 logistikk og frakt\",\"url\":\"https:\/\/olog.no\/\",\"logo\":{\"@type\":\"ImageObject\",\"inLanguage\":\"en-US\",\"@id\":\"https:\/\/olog.no\/#\/schema\/logo\/image\/\",\"url\":\"https:\/\/olog.no\/wp-content\/uploads\/2021\/03\/OLOG.png\",\"contentUrl\":\"https:\/\/olog.no\/wp-content\/uploads\/2021\/03\/OLOG.png\",\"width\":347,\"height\":122,\"caption\":\"Spesialister p\u00e5 logistikk og frakt\"},\"image\":{\"@id\":\"https:\/\/olog.no\/#\/schema\/logo\/image\/\"}}]}<\/script>\n<!-- \/ Yoast SEO plugin. -->","yoast_head_json":{"title":"Importfortolling - Spesialister p\u00e5 logistikk og frakt","description":"Ved innf\u00f8ring av varer til Norge har man som import\u00f8r en meldeplikt til tolletaten. Alle varer som importeres ilegges innf\u00f8rselsavgifter.","robots":{"index":"index","follow":"follow","max-snippet":"max-snippet:-1","max-image-preview":"max-image-preview:large","max-video-preview":"max-video-preview:-1"},"canonical":"https:\/\/olog.no\/en\/fortolling-spedisjon\/importfortolling\/","og_locale":"en_US","og_type":"article","og_title":"Importfortolling - Spesialister p\u00e5 logistikk og frakt","og_description":"Ved innf\u00f8ring av varer til Norge har man som import\u00f8r en meldeplikt til tolletaten. Alle varer som importeres ilegges innf\u00f8rselsavgifter.","og_url":"https:\/\/olog.no\/en\/fortolling-spedisjon\/importfortolling\/","og_site_name":"Spesialister p\u00e5 logistikk og frakt","og_image":[{"url":"https:\/\/olog.wpenginepowered.com\/wp-content\/uploads\/2021\/04\/plane-1.png","type":"","width":"","height":""}],"twitter_card":"summary_large_image","twitter_misc":{"Est. reading time":"2 minutes"},"schema":{"@context":"https:\/\/schema.org","@graph":[{"@type":"WebPage","@id":"https:\/\/olog.no\/fortolling-spedisjon\/importfortolling\/","url":"https:\/\/olog.no\/fortolling-spedisjon\/importfortolling\/","name":"Importfortolling - Spesialister p\u00e5 logistikk og frakt","isPartOf":{"@id":"https:\/\/olog.no\/#website"},"primaryImageOfPage":{"@id":"https:\/\/olog.no\/fortolling-spedisjon\/importfortolling\/#primaryimage"},"image":{"@id":"https:\/\/olog.no\/fortolling-spedisjon\/importfortolling\/#primaryimage"},"thumbnailUrl":"https:\/\/olog.wpenginepowered.com\/wp-content\/uploads\/2021\/04\/plane-1.png","datePublished":"2025-04-29T13:12:09+00:00","description":"Ved innf\u00f8ring av varer til Norge har man som import\u00f8r en meldeplikt til tolletaten. Alle varer som importeres ilegges innf\u00f8rselsavgifter.","breadcrumb":{"@id":"https:\/\/olog.no\/fortolling-spedisjon\/importfortolling\/#breadcrumb"},"inLanguage":"en-US","potentialAction":[{"@type":"ReadAction","target":["https:\/\/olog.no\/fortolling-spedisjon\/importfortolling\/"]}]},{"@type":"ImageObject","inLanguage":"en-US","@id":"https:\/\/olog.no\/fortolling-spedisjon\/importfortolling\/#primaryimage","url":"https:\/\/olog.wpenginepowered.com\/wp-content\/uploads\/2021\/04\/plane-1.png","contentUrl":"https:\/\/olog.wpenginepowered.com\/wp-content\/uploads\/2021\/04\/plane-1.png"},{"@type":"BreadcrumbList","@id":"https:\/\/olog.no\/fortolling-spedisjon\/importfortolling\/#breadcrumb","itemListElement":[{"@type":"ListItem","position":1,"name":"Fortolling &#038; Spedisjon","item":"https:\/\/olog.no\/fortolling-spedisjon\/"},{"@type":"ListItem","position":2,"name":"Importfortolling"}]},{"@type":"WebSite","@id":"https:\/\/olog.no\/#website","url":"https:\/\/olog.no\/","name":"Spesialister p\u00e5 logistikk og frakt","description":"Internasjonalt spedisjonsselskap innen fly, sj\u00f8 og togfrakt i tillegg til fortollingstjenester med kontor p\u00e5 Gardermoen.","publisher":{"@id":"https:\/\/olog.no\/#organization"},"potentialAction":[{"@type":"SearchAction","target":{"@type":"EntryPoint","urlTemplate":"https:\/\/olog.no\/?s={search_term_string}"},"query-input":{"@type":"PropertyValueSpecification","valueRequired":true,"valueName":"search_term_string"}}],"inLanguage":"en-US"},{"@type":"Organization","@id":"https:\/\/olog.no\/#organization","name":"Spesialister p\u00e5 logistikk og frakt","url":"https:\/\/olog.no\/","logo":{"@type":"ImageObject","inLanguage":"en-US","@id":"https:\/\/olog.no\/#\/schema\/logo\/image\/","url":"https:\/\/olog.no\/wp-content\/uploads\/2021\/03\/OLOG.png","contentUrl":"https:\/\/olog.no\/wp-content\/uploads\/2021\/03\/OLOG.png","width":347,"height":122,"caption":"Spesialister p\u00e5 logistikk og frakt"},"image":{"@id":"https:\/\/olog.no\/#\/schema\/logo\/image\/"}}]}},"_links":{"self":[{"href":"https:\/\/olog.no\/en\/wp-json\/wp\/v2\/pages\/235","targetHints":{"allow":["GET"]}}],"collection":[{"href":"https:\/\/olog.no\/en\/wp-json\/wp\/v2\/pages"}],"about":[{"href":"https:\/\/olog.no\/en\/wp-json\/wp\/v2\/types\/page"}],"author":[{"embeddable":true,"href":"https:\/\/olog.no\/en\/wp-json\/wp\/v2\/users\/136"}],"replies":[{"embeddable":true,"href":"https:\/\/olog.no\/en\/wp-json\/wp\/v2\/comments?post=235"}],"version-history":[{"count":0,"href":"https:\/\/olog.no\/en\/wp-json\/wp\/v2\/pages\/235\/revisions"}],"up":[{"embeddable":true,"href":"https:\/\/olog.no\/en\/wp-json\/wp\/v2\/pages\/191"}],"wp:attachment":[{"href":"https:\/\/olog.no\/en\/wp-json\/wp\/v2\/media?parent=235"}],"curies":[{"name":"wp","href":"https:\/\/api.w.org\/{rel}","templated":true}]}}