{"id":245,"date":"2025-04-29T15:12:09","date_gmt":"2025-04-29T13:12:09","guid":{"rendered":"https:\/\/olog.wpenginepowered.com\/?page_id=245"},"modified":"2025-04-29T15:12:09","modified_gmt":"2025-04-29T13:12:09","slug":"eksportfortolling","status":"publish","type":"page","link":"https:\/\/olog.no\/en\/fortolling-spedisjon\/eksportfortolling\/","title":{"rendered":"Export Customs Clearance"},"content":{"rendered":"<div data-elementor-type=\"wp-page\" data-elementor-id=\"245\" class=\"elementor elementor-245\" data-elementor-settings=\"{&quot;ha_cmc_init_switcher&quot;:&quot;no&quot;}\" data-elementor-post-type=\"page\">\n\t\t\t\t\t\t<section class=\"elementor-section elementor-top-section elementor-element elementor-element-9be757e elementor-section-boxed elementor-section-height-default elementor-section-height-default\" data-id=\"9be757e\" data-element_type=\"section\" data-e-type=\"section\" data-settings=\"{&quot;background_background&quot;:&quot;classic&quot;,&quot;_ha_eqh_enable&quot;:false}\">\n\t\t\t\t\t\t<div class=\"elementor-container elementor-column-gap-wide\">\n\t\t\t\t\t<div class=\"elementor-column elementor-col-50 elementor-top-column elementor-element elementor-element-ac71939\" data-id=\"ac71939\" data-element_type=\"column\" data-e-type=\"column\">\n\t\t\t<div class=\"elementor-widget-wrap elementor-element-populated\">\n\t\t\t\t\t\t<div class=\"elementor-element elementor-element-77c0964 elementor-align-left elementor-widget elementor-widget-breadcrumbs\" data-id=\"77c0964\" data-element_type=\"widget\" data-e-type=\"widget\" data-widget_type=\"breadcrumbs.default\">\n\t\t\t\t<div class=\"elementor-widget-container\">\n\t\t\t\t\t<p id=\"breadcrumbs\"><\/p>\t\t\t\t<\/div>\n\t\t\t\t<\/div>\n\t\t\t\t<div class=\"elementor-element elementor-element-b5673d4 elementor-widget elementor-widget-heading\" data-id=\"b5673d4\" data-element_type=\"widget\" data-e-type=\"widget\" data-widget_type=\"heading.default\">\n\t\t\t\t<div class=\"elementor-widget-container\">\n\t\t\t\t\t<h1 class=\"elementor-heading-title elementor-size-default\"><span style=\"color: inherit;font-family: inherit;font-size: inherit;font-style: inherit;font-weight: inherit;background-color: var( --e-global-color-primary )\">Exportfortolling<\/span><\/h1>\t\t\t\t<\/div>\n\t\t\t\t<\/div>\n\t\t\t\t<div class=\"elementor-element elementor-element-7ceb1fd elementor-widget-divider--view-line elementor-widget elementor-widget-divider\" data-id=\"7ceb1fd\" data-element_type=\"widget\" data-e-type=\"widget\" data-widget_type=\"divider.default\">\n\t\t\t\t<div class=\"elementor-widget-container\">\n\t\t\t\t\t\t\t<div class=\"elementor-divider\">\n\t\t\t<span class=\"elementor-divider-separator\">\n\t\t\t\t\t\t<\/span>\n\t\t<\/div>\n\t\t\t\t\t\t<\/div>\n\t\t\t\t<\/div>\n\t\t\t\t<div class=\"elementor-element elementor-element-68bf36b elementor-widget elementor-widget-text-editor\" data-id=\"68bf36b\" data-element_type=\"widget\" data-e-type=\"widget\" data-widget_type=\"text-editor.default\">\n\t\t\t\t<div class=\"elementor-widget-container\">\n\t\t\t\t\t\t\t\t\t<p>Alle varer som sendes ut av Norge m\u00e5 eksportdeklareres. Prinsippene er de samme som ved import, dog er prosessen enklere og gj\u00f8res i Tollvesenets TVINN system. Det er kun er fisk og fiskeprodukter som omfattes av avgifter. Hva man skal v\u00e6re oppmerksom p\u00e5 som eksport\u00f8r er at visse varer krever eksporttillatelse f\u00f8r de kan sendes ut av Norge, de samme varene kan kreve transittillatelse for transport gjennom land til endelig mottakerland og importtillatelse i mottakerlandet. Det er derfor viktig at eksport\u00f8ren setter seg inn i regelverket f\u00f8r man utf\u00f8rer varer.<\/p><p><a href=\"https:\/\/www.toll.no\/no\/bedrift\/eksport\/varer-med-restriksjonar-ved-eksport\/\">Varer med restriksjoner ved eksport<\/a><\/p>\t\t\t\t\t\t\t\t<\/div>\n\t\t\t\t<\/div>\n\t\t\t\t\t<\/div>\n\t\t<\/div>\n\t\t\t\t<div class=\"elementor-column elementor-col-50 elementor-top-column elementor-element elementor-element-e1bfb84\" data-id=\"e1bfb84\" data-element_type=\"column\" data-e-type=\"column\">\n\t\t\t<div class=\"elementor-widget-wrap elementor-element-populated\">\n\t\t\t\t\t\t<div class=\"elementor-element elementor-element-0ed7f6b elementor-widget elementor-widget-image\" data-id=\"0ed7f6b\" data-element_type=\"widget\" data-e-type=\"widget\" data-widget_type=\"image.default\">\n\t\t\t\t<div class=\"elementor-widget-container\">\n\t\t\t\t\t\t\t\t\t\t\t\t\t\t\t<img fetchpriority=\"high\" decoding=\"async\" width=\"800\" height=\"715\" src=\"https:\/\/olog.no\/wp-content\/uploads\/2021\/04\/plane-1.png\" class=\"attachment-large size-large wp-image-170\" alt=\"flyfrakt - Overseas Logistics\" srcset=\"https:\/\/olog.no\/wp-content\/uploads\/2021\/04\/plane-1.png 800w, https:\/\/olog.no\/wp-content\/uploads\/2021\/04\/plane-1-300x268.png 300w, https:\/\/olog.no\/wp-content\/uploads\/2021\/04\/plane-1-768x686.png 768w\" sizes=\"(max-width: 800px) 100vw, 800px\" \/>\t\t\t\t\t\t\t\t\t\t\t\t\t\t\t<\/div>\n\t\t\t\t<\/div>\n\t\t\t\t\t<\/div>\n\t\t<\/div>\n\t\t\t\t\t<\/div>\n\t\t<\/section>\n\t\t\t\t<section class=\"elementor-section elementor-top-section elementor-element elementor-element-6c26ff63 elementor-section-content-middle elementor-section-boxed elementor-section-height-default elementor-section-height-default\" data-id=\"6c26ff63\" data-element_type=\"section\" data-e-type=\"section\" data-settings=\"{&quot;_ha_eqh_enable&quot;:false}\">\n\t\t\t\t\t\t<div class=\"elementor-container elementor-column-gap-no\">\n\t\t\t\t\t<div class=\"elementor-column elementor-col-100 elementor-top-column elementor-element elementor-element-af00b1e\" data-id=\"af00b1e\" data-element_type=\"column\" data-e-type=\"column\">\n\t\t\t<div class=\"elementor-widget-wrap elementor-element-populated\">\n\t\t\t\t\t\t<div class=\"elementor-element elementor-element-eedfe09 elementor-widget elementor-widget-text-editor\" data-id=\"eedfe09\" data-element_type=\"widget\" data-e-type=\"widget\" data-widget_type=\"text-editor.default\">\n\t\t\t\t<div class=\"elementor-widget-container\">\n\t\t\t\t\t\t\t\t\tMottaker kan f\u00e5 tollfritak eller redusert toll om landet omfattes av frihandelsavtale med Norge. Eksport\u00f8r m\u00e5 da utstede varesertifikat eller opprinnelseserkl\u00e6ring for varene, dokumentet m\u00e5 s\u00e5ledes attesteres av Tollvesenet eller handelskammeret\t\t\t\t\t\t\t\t<\/div>\n\t\t\t\t<\/div>\n\t\t\t\t\t<\/div>\n\t\t<\/div>\n\t\t\t\t\t<\/div>\n\t\t<\/section>\n\t\t\t\t<\/div>","protected":false},"excerpt":{"rendered":"<p>Exportfortolling Alle varer som sendes ut av Norge m\u00e5 eksportdeklareres. Prinsippene er de samme som ved import, dog er prosessen enklere og gj\u00f8res i Tollvesenets TVINN system. Det er kun er fisk og fiskeprodukter som omfattes av avgifter. Hva man skal v\u00e6re oppmerksom p\u00e5 som eksport\u00f8r er at visse varer krever eksporttillatelse f\u00f8r de kan [&hellip;]<\/p>\n","protected":false},"author":136,"featured_media":0,"parent":191,"menu_order":0,"comment_status":"closed","ping_status":"closed","template":"","meta":{"footnotes":""},"class_list":["post-245","page","type-page","status-publish","hentry"],"yoast_head":"<!-- This site is optimized with the Yoast SEO plugin v26.5 - https:\/\/yoast.com\/wordpress\/plugins\/seo\/ -->\n<title>Eksportfortolling - Spesialister p\u00e5 logistikk og frakt<\/title>\n<meta name=\"description\" content=\"Alle varer som sendes ut av Norge m\u00e5 eksportdeklareres. Visse varer krever eksporttillatelse f\u00f8r de kan sendes ut av Norge.\" \/>\n<meta name=\"robots\" content=\"index, follow, max-snippet:-1, max-image-preview:large, max-video-preview:-1\" \/>\n<link rel=\"canonical\" href=\"https:\/\/olog.no\/en\/fortolling-spedisjon\/eksportfortolling\/\" \/>\n<meta property=\"og:locale\" content=\"en_US\" \/>\n<meta property=\"og:type\" content=\"article\" \/>\n<meta property=\"og:title\" content=\"Eksportfortolling - Spesialister p\u00e5 logistikk og frakt\" \/>\n<meta property=\"og:description\" content=\"Alle varer som sendes ut av Norge m\u00e5 eksportdeklareres. Visse varer krever eksporttillatelse f\u00f8r de kan sendes ut av Norge.\" \/>\n<meta property=\"og:url\" content=\"https:\/\/olog.no\/en\/fortolling-spedisjon\/eksportfortolling\/\" \/>\n<meta property=\"og:site_name\" content=\"Spesialister p\u00e5 logistikk og frakt\" \/>\n<meta property=\"og:image\" content=\"https:\/\/olog.wpenginepowered.com\/wp-content\/uploads\/2021\/04\/plane-1.png\" \/>\n<meta name=\"twitter:card\" content=\"summary_large_image\" \/>\n<meta name=\"twitter:label1\" content=\"Est. reading time\" \/>\n\t<meta name=\"twitter:data1\" content=\"1 minute\" \/>\n<script type=\"application\/ld+json\" class=\"yoast-schema-graph\">{\"@context\":\"https:\/\/schema.org\",\"@graph\":[{\"@type\":\"WebPage\",\"@id\":\"https:\/\/olog.no\/fortolling-spedisjon\/eksportfortolling\/\",\"url\":\"https:\/\/olog.no\/fortolling-spedisjon\/eksportfortolling\/\",\"name\":\"Eksportfortolling - Spesialister p\u00e5 logistikk og frakt\",\"isPartOf\":{\"@id\":\"https:\/\/olog.no\/#website\"},\"primaryImageOfPage\":{\"@id\":\"https:\/\/olog.no\/fortolling-spedisjon\/eksportfortolling\/#primaryimage\"},\"image\":{\"@id\":\"https:\/\/olog.no\/fortolling-spedisjon\/eksportfortolling\/#primaryimage\"},\"thumbnailUrl\":\"https:\/\/olog.wpenginepowered.com\/wp-content\/uploads\/2021\/04\/plane-1.png\",\"datePublished\":\"2025-04-29T13:12:09+00:00\",\"description\":\"Alle varer som sendes ut av Norge m\u00e5 eksportdeklareres. Visse varer krever eksporttillatelse f\u00f8r de kan sendes ut av Norge.\",\"breadcrumb\":{\"@id\":\"https:\/\/olog.no\/fortolling-spedisjon\/eksportfortolling\/#breadcrumb\"},\"inLanguage\":\"en-US\",\"potentialAction\":[{\"@type\":\"ReadAction\",\"target\":[\"https:\/\/olog.no\/fortolling-spedisjon\/eksportfortolling\/\"]}]},{\"@type\":\"ImageObject\",\"inLanguage\":\"en-US\",\"@id\":\"https:\/\/olog.no\/fortolling-spedisjon\/eksportfortolling\/#primaryimage\",\"url\":\"https:\/\/olog.wpenginepowered.com\/wp-content\/uploads\/2021\/04\/plane-1.png\",\"contentUrl\":\"https:\/\/olog.wpenginepowered.com\/wp-content\/uploads\/2021\/04\/plane-1.png\"},{\"@type\":\"BreadcrumbList\",\"@id\":\"https:\/\/olog.no\/fortolling-spedisjon\/eksportfortolling\/#breadcrumb\",\"itemListElement\":[{\"@type\":\"ListItem\",\"position\":1,\"name\":\"Fortolling &#038; Spedisjon\",\"item\":\"https:\/\/olog.no\/fortolling-spedisjon\/\"},{\"@type\":\"ListItem\",\"position\":2,\"name\":\"Eksportfortolling\"}]},{\"@type\":\"WebSite\",\"@id\":\"https:\/\/olog.no\/#website\",\"url\":\"https:\/\/olog.no\/\",\"name\":\"Spesialister p\u00e5 logistikk og frakt\",\"description\":\"Internasjonalt spedisjonsselskap innen fly, sj\u00f8 og togfrakt i tillegg til fortollingstjenester med kontor p\u00e5 Gardermoen.\",\"publisher\":{\"@id\":\"https:\/\/olog.no\/#organization\"},\"potentialAction\":[{\"@type\":\"SearchAction\",\"target\":{\"@type\":\"EntryPoint\",\"urlTemplate\":\"https:\/\/olog.no\/?s={search_term_string}\"},\"query-input\":{\"@type\":\"PropertyValueSpecification\",\"valueRequired\":true,\"valueName\":\"search_term_string\"}}],\"inLanguage\":\"en-US\"},{\"@type\":\"Organization\",\"@id\":\"https:\/\/olog.no\/#organization\",\"name\":\"Spesialister p\u00e5 logistikk og frakt\",\"url\":\"https:\/\/olog.no\/\",\"logo\":{\"@type\":\"ImageObject\",\"inLanguage\":\"en-US\",\"@id\":\"https:\/\/olog.no\/#\/schema\/logo\/image\/\",\"url\":\"https:\/\/olog.no\/wp-content\/uploads\/2021\/03\/OLOG.png\",\"contentUrl\":\"https:\/\/olog.no\/wp-content\/uploads\/2021\/03\/OLOG.png\",\"width\":347,\"height\":122,\"caption\":\"Spesialister p\u00e5 logistikk og frakt\"},\"image\":{\"@id\":\"https:\/\/olog.no\/#\/schema\/logo\/image\/\"}}]}<\/script>\n<!-- \/ Yoast SEO plugin. -->","yoast_head_json":{"title":"Eksportfortolling - Spesialister p\u00e5 logistikk og frakt","description":"Alle varer som sendes ut av Norge m\u00e5 eksportdeklareres. Visse varer krever eksporttillatelse f\u00f8r de kan sendes ut av Norge.","robots":{"index":"index","follow":"follow","max-snippet":"max-snippet:-1","max-image-preview":"max-image-preview:large","max-video-preview":"max-video-preview:-1"},"canonical":"https:\/\/olog.no\/en\/fortolling-spedisjon\/eksportfortolling\/","og_locale":"en_US","og_type":"article","og_title":"Eksportfortolling - Spesialister p\u00e5 logistikk og frakt","og_description":"Alle varer som sendes ut av Norge m\u00e5 eksportdeklareres. Visse varer krever eksporttillatelse f\u00f8r de kan sendes ut av Norge.","og_url":"https:\/\/olog.no\/en\/fortolling-spedisjon\/eksportfortolling\/","og_site_name":"Spesialister p\u00e5 logistikk og frakt","og_image":[{"url":"https:\/\/olog.wpenginepowered.com\/wp-content\/uploads\/2021\/04\/plane-1.png","type":"","width":"","height":""}],"twitter_card":"summary_large_image","twitter_misc":{"Est. reading time":"1 minute"},"schema":{"@context":"https:\/\/schema.org","@graph":[{"@type":"WebPage","@id":"https:\/\/olog.no\/fortolling-spedisjon\/eksportfortolling\/","url":"https:\/\/olog.no\/fortolling-spedisjon\/eksportfortolling\/","name":"Eksportfortolling - Spesialister p\u00e5 logistikk og frakt","isPartOf":{"@id":"https:\/\/olog.no\/#website"},"primaryImageOfPage":{"@id":"https:\/\/olog.no\/fortolling-spedisjon\/eksportfortolling\/#primaryimage"},"image":{"@id":"https:\/\/olog.no\/fortolling-spedisjon\/eksportfortolling\/#primaryimage"},"thumbnailUrl":"https:\/\/olog.wpenginepowered.com\/wp-content\/uploads\/2021\/04\/plane-1.png","datePublished":"2025-04-29T13:12:09+00:00","description":"Alle varer som sendes ut av Norge m\u00e5 eksportdeklareres. Visse varer krever eksporttillatelse f\u00f8r de kan sendes ut av Norge.","breadcrumb":{"@id":"https:\/\/olog.no\/fortolling-spedisjon\/eksportfortolling\/#breadcrumb"},"inLanguage":"en-US","potentialAction":[{"@type":"ReadAction","target":["https:\/\/olog.no\/fortolling-spedisjon\/eksportfortolling\/"]}]},{"@type":"ImageObject","inLanguage":"en-US","@id":"https:\/\/olog.no\/fortolling-spedisjon\/eksportfortolling\/#primaryimage","url":"https:\/\/olog.wpenginepowered.com\/wp-content\/uploads\/2021\/04\/plane-1.png","contentUrl":"https:\/\/olog.wpenginepowered.com\/wp-content\/uploads\/2021\/04\/plane-1.png"},{"@type":"BreadcrumbList","@id":"https:\/\/olog.no\/fortolling-spedisjon\/eksportfortolling\/#breadcrumb","itemListElement":[{"@type":"ListItem","position":1,"name":"Fortolling &#038; Spedisjon","item":"https:\/\/olog.no\/fortolling-spedisjon\/"},{"@type":"ListItem","position":2,"name":"Eksportfortolling"}]},{"@type":"WebSite","@id":"https:\/\/olog.no\/#website","url":"https:\/\/olog.no\/","name":"Spesialister p\u00e5 logistikk og frakt","description":"Internasjonalt spedisjonsselskap innen fly, sj\u00f8 og togfrakt i tillegg til fortollingstjenester med kontor p\u00e5 Gardermoen.","publisher":{"@id":"https:\/\/olog.no\/#organization"},"potentialAction":[{"@type":"SearchAction","target":{"@type":"EntryPoint","urlTemplate":"https:\/\/olog.no\/?s={search_term_string}"},"query-input":{"@type":"PropertyValueSpecification","valueRequired":true,"valueName":"search_term_string"}}],"inLanguage":"en-US"},{"@type":"Organization","@id":"https:\/\/olog.no\/#organization","name":"Spesialister p\u00e5 logistikk og frakt","url":"https:\/\/olog.no\/","logo":{"@type":"ImageObject","inLanguage":"en-US","@id":"https:\/\/olog.no\/#\/schema\/logo\/image\/","url":"https:\/\/olog.no\/wp-content\/uploads\/2021\/03\/OLOG.png","contentUrl":"https:\/\/olog.no\/wp-content\/uploads\/2021\/03\/OLOG.png","width":347,"height":122,"caption":"Spesialister p\u00e5 logistikk og frakt"},"image":{"@id":"https:\/\/olog.no\/#\/schema\/logo\/image\/"}}]}},"_links":{"self":[{"href":"https:\/\/olog.no\/en\/wp-json\/wp\/v2\/pages\/245","targetHints":{"allow":["GET"]}}],"collection":[{"href":"https:\/\/olog.no\/en\/wp-json\/wp\/v2\/pages"}],"about":[{"href":"https:\/\/olog.no\/en\/wp-json\/wp\/v2\/types\/page"}],"author":[{"embeddable":true,"href":"https:\/\/olog.no\/en\/wp-json\/wp\/v2\/users\/136"}],"replies":[{"embeddable":true,"href":"https:\/\/olog.no\/en\/wp-json\/wp\/v2\/comments?post=245"}],"version-history":[{"count":0,"href":"https:\/\/olog.no\/en\/wp-json\/wp\/v2\/pages\/245\/revisions"}],"up":[{"embeddable":true,"href":"https:\/\/olog.no\/en\/wp-json\/wp\/v2\/pages\/191"}],"wp:attachment":[{"href":"https:\/\/olog.no\/en\/wp-json\/wp\/v2\/media?parent=245"}],"curies":[{"name":"wp","href":"https:\/\/api.w.org\/{rel}","templated":true}]}}