{"id":303,"date":"2025-04-29T15:12:09","date_gmt":"2025-04-29T13:12:09","guid":{"rendered":"https:\/\/olog.wpenginepowered.com\/?page_id=303"},"modified":"2025-04-29T15:12:09","modified_gmt":"2025-04-29T13:12:09","slug":"sjofrakt-til-norge","status":"publish","type":"page","link":"https:\/\/olog.no\/en\/import\/sjofrakt-til-norge\/","title":{"rendered":"Oceanfreight to Norway"},"content":{"rendered":"<div data-elementor-type=\"wp-page\" data-elementor-id=\"303\" class=\"elementor elementor-303\" data-elementor-settings=\"{&quot;ha_cmc_init_switcher&quot;:&quot;no&quot;}\" data-elementor-post-type=\"page\">\n\t\t\t\t\t\t<section class=\"elementor-section elementor-top-section elementor-element elementor-element-9be757e elementor-section-boxed elementor-section-height-default elementor-section-height-default\" data-id=\"9be757e\" data-element_type=\"section\" data-e-type=\"section\" data-settings=\"{&quot;background_background&quot;:&quot;classic&quot;,&quot;_ha_eqh_enable&quot;:false}\">\n\t\t\t\t\t\t<div class=\"elementor-container elementor-column-gap-wide\">\n\t\t\t\t\t<div class=\"elementor-column elementor-col-50 elementor-top-column elementor-element elementor-element-ac71939\" data-id=\"ac71939\" data-element_type=\"column\" data-e-type=\"column\">\n\t\t\t<div class=\"elementor-widget-wrap elementor-element-populated\">\n\t\t\t\t\t\t<div class=\"elementor-element elementor-element-77c0964 elementor-align-left elementor-widget elementor-widget-breadcrumbs\" data-id=\"77c0964\" data-element_type=\"widget\" data-e-type=\"widget\" data-widget_type=\"breadcrumbs.default\">\n\t\t\t\t<div class=\"elementor-widget-container\">\n\t\t\t\t\t<p id=\"breadcrumbs\"><\/p>\t\t\t\t<\/div>\n\t\t\t\t<\/div>\n\t\t\t\t<div class=\"elementor-element elementor-element-b5673d4 elementor-widget elementor-widget-heading\" data-id=\"b5673d4\" data-element_type=\"widget\" data-e-type=\"widget\" data-widget_type=\"heading.default\">\n\t\t\t\t<div class=\"elementor-widget-container\">\n\t\t\t\t\t<h1 class=\"elementor-heading-title elementor-size-default\">Oceanfreight<\/h1>\t\t\t\t<\/div>\n\t\t\t\t<\/div>\n\t\t\t\t<div class=\"elementor-element elementor-element-7ceb1fd elementor-widget-divider--view-line elementor-widget elementor-widget-divider\" data-id=\"7ceb1fd\" data-element_type=\"widget\" data-e-type=\"widget\" data-widget_type=\"divider.default\">\n\t\t\t\t<div class=\"elementor-widget-container\">\n\t\t\t\t\t\t\t<div class=\"elementor-divider\">\n\t\t\t<span class=\"elementor-divider-separator\">\n\t\t\t\t\t\t<\/span>\n\t\t<\/div>\n\t\t\t\t\t\t<\/div>\n\t\t\t\t<\/div>\n\t\t\t\t<div class=\"elementor-element elementor-element-68bf36b elementor-widget elementor-widget-text-editor\" data-id=\"68bf36b\" data-element_type=\"widget\" data-e-type=\"widget\" data-widget_type=\"text-editor.default\">\n\t\t\t\t<div class=\"elementor-widget-container\">\n\t\t\t\t\t\t\t\t\t<p>For bigger volumes oceanfreight is the most economical way to transport goods. Goods are loaded in 20 or 40 foot containers onboard huge containerships. Standard services are FCL (Full Container Load) and LCL (Less than Container Load), which service depends on your goods volume. Goods packaging is important to withstand sailing over rough oceans.<\/p>\n<p>NB: Vi anbefaler p\u00e5 det sterkeste at vareier har en transportforsikring, dette er vareeiers ansvar. Da er man forsikret ogs\u00e5 om det er ett uhell med skipet varene er lastet p\u00e5 og skipseier benytter seg av sin rett \u00e5 benytte seg av felleshavari. Ved felleshavari er vareeiere forpliktet \u00e5 ta sin del av kostnadene med \u00e5 redde skipet. Om \u00f8nskelig kan vi formidle engangs&nbsp; transportforsikring for din sending via v\u00e5rt forsikringsselskap.<\/p>\t\t\t\t\t\t\t\t<\/div>\n\t\t\t\t<\/div>\n\t\t\t\t\t<\/div>\n\t\t<\/div>\n\t\t\t\t<div class=\"elementor-column elementor-col-50 elementor-top-column elementor-element elementor-element-e1bfb84\" data-id=\"e1bfb84\" data-element_type=\"column\" data-e-type=\"column\">\n\t\t\t<div class=\"elementor-widget-wrap elementor-element-populated\">\n\t\t\t\t\t\t<div class=\"elementor-element elementor-element-0ed7f6b elementor-widget elementor-widget-image\" data-id=\"0ed7f6b\" data-element_type=\"widget\" data-e-type=\"widget\" data-widget_type=\"image.default\">\n\t\t\t\t<div class=\"elementor-widget-container\">\n\t\t\t\t\t\t\t\t\t\t\t\t\t\t\t<img decoding=\"async\" src=\"https:\/\/olog.no\/wp-content\/uploads\/elementor\/thumbs\/sjofrakt_01_3.3.2-qcslfaw8ij2h3axmp66hncz7czbhlpclol50e72us8.png\" title=\"sj\u00f8frakt_01_3.3.2\" alt=\"Sj\u00f8frakt - Overseas Logistics\" loading=\"lazy\" \/>\t\t\t\t\t\t\t\t\t\t\t\t\t\t\t<\/div>\n\t\t\t\t<\/div>\n\t\t\t\t\t<\/div>\n\t\t<\/div>\n\t\t\t\t\t<\/div>\n\t\t<\/section>\n\t\t\t\t<section class=\"elementor-section elementor-top-section elementor-element elementor-element-dc7bc08 elementor-section-boxed elementor-section-height-default elementor-section-height-default\" data-id=\"dc7bc08\" data-element_type=\"section\" data-e-type=\"section\" data-settings=\"{&quot;_ha_eqh_enable&quot;:false}\">\n\t\t\t\t\t\t<div class=\"elementor-container elementor-column-gap-default\">\n\t\t\t\t\t<div class=\"elementor-column elementor-col-100 elementor-top-column elementor-element elementor-element-66f4b60\" data-id=\"66f4b60\" data-element_type=\"column\" data-e-type=\"column\">\n\t\t\t<div class=\"elementor-widget-wrap elementor-element-populated\">\n\t\t\t\t\t\t<section class=\"elementor-section elementor-inner-section elementor-element elementor-element-b5801ec elementor-section-boxed elementor-section-height-default elementor-section-height-default\" data-id=\"b5801ec\" data-element_type=\"section\" data-e-type=\"section\" data-settings=\"{&quot;_ha_eqh_enable&quot;:false}\">\n\t\t\t\t\t\t<div class=\"elementor-container elementor-column-gap-default\">\n\t\t\t\t\t<div class=\"elementor-column elementor-col-100 elementor-inner-column elementor-element elementor-element-b4b04f8\" data-id=\"b4b04f8\" data-element_type=\"column\" data-e-type=\"column\">\n\t\t\t<div class=\"elementor-widget-wrap elementor-element-populated\">\n\t\t\t\t\t\t<div class=\"elementor-element elementor-element-a45c183 elementor-widget elementor-widget-text-editor\" data-id=\"a45c183\" data-element_type=\"widget\" data-e-type=\"widget\" data-widget_type=\"text-editor.default\">\n\t\t\t\t<div class=\"elementor-widget-container\">\n\t\t\t\t\t\t\t\t\t<p><strong>Typical transittimes port-port:<br \/><\/strong>- From China and Far East 6-7 weeks<br \/>- From US West Coast 4-6 weeks<br \/>- From US East Coast 2-3 weeks<br \/><br \/><span style=\"color: var( --e-global-color-text ); font-family: var( --e-global-typography-text-font-family ), Sans-serif; font-size: 1rem;\"><strong>Oceanfreight is suitable for:<\/strong><br \/><\/span><span style=\"color: var( --e-global-color-text ); font-family: var( --e-global-typography-text-font-family ), Sans-serif; font-size: 1rem;\">- For lowest freightcost possible<br \/><\/span><span style=\"color: var( --e-global-color-text ); font-family: var( --e-global-typography-text-font-family ), Sans-serif; font-size: 1rem;\">- Well planned regular orders<br \/><\/span>- Bigger loads and volumes<br \/>- Heavy and high dense cargo<\/p>\t\t\t\t\t\t\t\t<\/div>\n\t\t\t\t<\/div>\n\t\t\t\t\t<\/div>\n\t\t<\/div>\n\t\t\t\t\t<\/div>\n\t\t<\/section>\n\t\t\t\t\t<\/div>\n\t\t<\/div>\n\t\t\t\t\t<\/div>\n\t\t<\/section>\n\t\t\t\t<section class=\"elementor-section elementor-top-section elementor-element elementor-element-6c26ff63 elementor-section-content-middle elementor-section-boxed elementor-section-height-default elementor-section-height-default\" data-id=\"6c26ff63\" data-element_type=\"section\" data-e-type=\"section\" data-settings=\"{&quot;_ha_eqh_enable&quot;:false}\">\n\t\t\t\t\t\t<div class=\"elementor-container elementor-column-gap-no\">\n\t\t\t\t\t<div class=\"elementor-column elementor-col-50 elementor-top-column elementor-element elementor-element-46663edc\" data-id=\"46663edc\" data-element_type=\"column\" data-e-type=\"column\">\n\t\t\t<div class=\"elementor-widget-wrap elementor-element-populated\">\n\t\t\t\t\t\t<div class=\"elementor-element elementor-element-2cb061e elementor-widget elementor-widget-heading\" data-id=\"2cb061e\" data-element_type=\"widget\" data-e-type=\"widget\" data-widget_type=\"heading.default\">\n\t\t\t\t<div class=\"elementor-widget-container\">\n\t\t\t\t\t<h2 class=\"elementor-heading-title elementor-size-default\">FCL: Full container<\/h2>\t\t\t\t<\/div>\n\t\t\t\t<\/div>\n\t\t\t\t<div class=\"elementor-element elementor-element-a8fe4b3 elementor-widget elementor-widget-text-editor\" data-id=\"a8fe4b3\" data-element_type=\"widget\" data-e-type=\"widget\" data-widget_type=\"text-editor.default\">\n\t\t\t\t<div class=\"elementor-widget-container\">\n\t\t\t\t\t\t\t\t\t<p>Full containers (FCL) contains goods for one single customer only. FCL is appropriate and most economical for big volumes and goods characteristics is not loadable together with other types of goods. FCL is offered from most Norwegian ports, and arrival as well as delivery of container can be arranged to consignee's nearest port.<\/p>\t\t\t\t\t\t\t\t<\/div>\n\t\t\t\t<\/div>\n\t\t\t\t\t<\/div>\n\t\t<\/div>\n\t\t\t\t<div class=\"elementor-column elementor-col-50 elementor-top-column elementor-element elementor-element-af00b1e\" data-id=\"af00b1e\" data-element_type=\"column\" data-e-type=\"column\">\n\t\t\t<div class=\"elementor-widget-wrap elementor-element-populated\">\n\t\t\t\t\t\t<div class=\"elementor-element elementor-element-606d54a elementor-widget elementor-widget-heading\" data-id=\"606d54a\" data-element_type=\"widget\" data-e-type=\"widget\" data-widget_type=\"heading.default\">\n\t\t\t\t<div class=\"elementor-widget-container\">\n\t\t\t\t\t<h2 class=\"elementor-heading-title elementor-size-default\">LCL: General Cargo<\/h2>\t\t\t\t<\/div>\n\t\t\t\t<\/div>\n\t\t\t\t<div class=\"elementor-element elementor-element-80d412b elementor-widget elementor-widget-text-editor\" data-id=\"80d412b\" data-element_type=\"widget\" data-e-type=\"widget\" data-widget_type=\"text-editor.default\">\n\t\t\t\t<div class=\"elementor-widget-container\">\n\t\t\t\t\t\t\t\t\t<p>With LCL service goods are loaded in consolidated containers with cargo to multiple consignees, and each party pays for their demanded space in container. LCL is a solution when shipper do not have enough volume to fill or justify freightcost for FCL.<\/p>\t\t\t\t\t\t\t\t<\/div>\n\t\t\t\t<\/div>\n\t\t\t\t\t<\/div>\n\t\t<\/div>\n\t\t\t\t\t<\/div>\n\t\t<\/section>\n\t\t\t\t<\/div>","protected":false},"excerpt":{"rendered":"<p>Sj\u00f8frakt Har man st\u00f8rre partier og planlagt innkj\u00f8pene sine godt er sj\u00f8veien er den mest \u00f8konomiske m\u00e5ten \u00e5 transportere varene sine p\u00e5. Transport p\u00e5 sj\u00f8en foreg\u00e5r ved at varene lastes i standard sj\u00f8containere i st\u00f8rrelsene 20 eller 40fot ombord store containerskip. Innen sj\u00f8frakt er det gjerne to standard tjenester som tilbys FCL (Full Container Load) [&hellip;]<\/p>\n","protected":false},"author":136,"featured_media":0,"parent":87,"menu_order":1,"comment_status":"closed","ping_status":"closed","template":"","meta":{"footnotes":""},"class_list":["post-303","page","type-page","status-publish","hentry"],"yoast_head":"<!-- This site is optimized with the Yoast SEO plugin v26.5 - https:\/\/yoast.com\/wordpress\/plugins\/seo\/ -->\n<title>Sj\u00f8frakt til Norge - Spesialister p\u00e5 logistikk og frakt<\/title>\n<meta name=\"description\" content=\"Sj\u00f8transport er den mest \u00f8konomiske m\u00e5ten \u00e5 frakte varene sine p\u00e5 dersom man har st\u00f8rre partier og har planlagt innkj\u00f8pene sine godt\" \/>\n<meta name=\"robots\" content=\"index, follow, max-snippet:-1, max-image-preview:large, max-video-preview:-1\" \/>\n<link rel=\"canonical\" href=\"https:\/\/olog.no\/en\/import\/sjofrakt-til-norge\/\" \/>\n<meta property=\"og:locale\" content=\"en_US\" \/>\n<meta property=\"og:type\" content=\"article\" \/>\n<meta property=\"og:title\" content=\"Sj\u00f8frakt til Norge - Spesialister p\u00e5 logistikk og frakt\" \/>\n<meta property=\"og:description\" content=\"Sj\u00f8transport er den mest \u00f8konomiske m\u00e5ten \u00e5 frakte varene sine p\u00e5 dersom man har st\u00f8rre partier og har planlagt innkj\u00f8pene sine godt\" \/>\n<meta property=\"og:url\" content=\"https:\/\/olog.no\/en\/import\/sjofrakt-til-norge\/\" \/>\n<meta property=\"og:site_name\" content=\"Spesialister p\u00e5 logistikk og frakt\" \/>\n<meta property=\"og:image\" content=\"https:\/\/olog.wpenginepowered.com\/wp-content\/uploads\/elementor\/thumbs\/sjofrakt_01_3.3.2-p8nbft2dd8g3d1eodr697y30fvqj44l9huiccipu8o.png\" \/>\n<meta name=\"twitter:card\" content=\"summary_large_image\" \/>\n<meta name=\"twitter:label1\" content=\"Est. reading time\" \/>\n\t<meta name=\"twitter:data1\" content=\"2 minutes\" \/>\n<script type=\"application\/ld+json\" class=\"yoast-schema-graph\">{\"@context\":\"https:\/\/schema.org\",\"@graph\":[{\"@type\":\"WebPage\",\"@id\":\"https:\/\/olog.no\/import\/sjofrakt-til-norge\/\",\"url\":\"https:\/\/olog.no\/import\/sjofrakt-til-norge\/\",\"name\":\"Sj\u00f8frakt til Norge - Spesialister p\u00e5 logistikk og frakt\",\"isPartOf\":{\"@id\":\"https:\/\/olog.no\/#website\"},\"primaryImageOfPage\":{\"@id\":\"https:\/\/olog.no\/import\/sjofrakt-til-norge\/#primaryimage\"},\"image\":{\"@id\":\"https:\/\/olog.no\/import\/sjofrakt-til-norge\/#primaryimage\"},\"thumbnailUrl\":\"https:\/\/olog.wpenginepowered.com\/wp-content\/uploads\/elementor\/thumbs\/sjofrakt_01_3.3.2-p8nbft2dd8g3d1eodr697y30fvqj44l9huiccipu8o.png\",\"datePublished\":\"2025-04-29T13:12:09+00:00\",\"description\":\"Sj\u00f8transport er den mest \u00f8konomiske m\u00e5ten \u00e5 frakte varene sine p\u00e5 dersom man har st\u00f8rre partier og har planlagt innkj\u00f8pene sine godt\",\"breadcrumb\":{\"@id\":\"https:\/\/olog.no\/import\/sjofrakt-til-norge\/#breadcrumb\"},\"inLanguage\":\"en-US\",\"potentialAction\":[{\"@type\":\"ReadAction\",\"target\":[\"https:\/\/olog.no\/import\/sjofrakt-til-norge\/\"]}]},{\"@type\":\"ImageObject\",\"inLanguage\":\"en-US\",\"@id\":\"https:\/\/olog.no\/import\/sjofrakt-til-norge\/#primaryimage\",\"url\":\"https:\/\/olog.wpenginepowered.com\/wp-content\/uploads\/elementor\/thumbs\/sjofrakt_01_3.3.2-p8nbft2dd8g3d1eodr697y30fvqj44l9huiccipu8o.png\",\"contentUrl\":\"https:\/\/olog.wpenginepowered.com\/wp-content\/uploads\/elementor\/thumbs\/sjofrakt_01_3.3.2-p8nbft2dd8g3d1eodr697y30fvqj44l9huiccipu8o.png\"},{\"@type\":\"BreadcrumbList\",\"@id\":\"https:\/\/olog.no\/import\/sjofrakt-til-norge\/#breadcrumb\",\"itemListElement\":[{\"@type\":\"ListItem\",\"position\":1,\"name\":\"Import\",\"item\":\"https:\/\/olog.no\/import\/\"},{\"@type\":\"ListItem\",\"position\":2,\"name\":\"Sj\u00f8frakt til Norge\"}]},{\"@type\":\"WebSite\",\"@id\":\"https:\/\/olog.no\/#website\",\"url\":\"https:\/\/olog.no\/\",\"name\":\"Spesialister p\u00e5 logistikk og frakt\",\"description\":\"Internasjonalt spedisjonsselskap innen fly, sj\u00f8 og togfrakt i tillegg til fortollingstjenester med kontor p\u00e5 Gardermoen.\",\"publisher\":{\"@id\":\"https:\/\/olog.no\/#organization\"},\"potentialAction\":[{\"@type\":\"SearchAction\",\"target\":{\"@type\":\"EntryPoint\",\"urlTemplate\":\"https:\/\/olog.no\/?s={search_term_string}\"},\"query-input\":{\"@type\":\"PropertyValueSpecification\",\"valueRequired\":true,\"valueName\":\"search_term_string\"}}],\"inLanguage\":\"en-US\"},{\"@type\":\"Organization\",\"@id\":\"https:\/\/olog.no\/#organization\",\"name\":\"Spesialister p\u00e5 logistikk og frakt\",\"url\":\"https:\/\/olog.no\/\",\"logo\":{\"@type\":\"ImageObject\",\"inLanguage\":\"en-US\",\"@id\":\"https:\/\/olog.no\/#\/schema\/logo\/image\/\",\"url\":\"https:\/\/olog.no\/wp-content\/uploads\/2021\/03\/OLOG.png\",\"contentUrl\":\"https:\/\/olog.no\/wp-content\/uploads\/2021\/03\/OLOG.png\",\"width\":347,\"height\":122,\"caption\":\"Spesialister p\u00e5 logistikk og frakt\"},\"image\":{\"@id\":\"https:\/\/olog.no\/#\/schema\/logo\/image\/\"}}]}<\/script>\n<!-- \/ Yoast SEO plugin. -->","yoast_head_json":{"title":"Sj\u00f8frakt til Norge - Spesialister p\u00e5 logistikk og frakt","description":"Sj\u00f8transport er den mest \u00f8konomiske m\u00e5ten \u00e5 frakte varene sine p\u00e5 dersom man har st\u00f8rre partier og har planlagt innkj\u00f8pene sine godt","robots":{"index":"index","follow":"follow","max-snippet":"max-snippet:-1","max-image-preview":"max-image-preview:large","max-video-preview":"max-video-preview:-1"},"canonical":"https:\/\/olog.no\/en\/import\/sjofrakt-til-norge\/","og_locale":"en_US","og_type":"article","og_title":"Sj\u00f8frakt til Norge - Spesialister p\u00e5 logistikk og frakt","og_description":"Sj\u00f8transport er den mest \u00f8konomiske m\u00e5ten \u00e5 frakte varene sine p\u00e5 dersom man har st\u00f8rre partier og har planlagt innkj\u00f8pene sine godt","og_url":"https:\/\/olog.no\/en\/import\/sjofrakt-til-norge\/","og_site_name":"Spesialister p\u00e5 logistikk og frakt","og_image":[{"url":"https:\/\/olog.wpenginepowered.com\/wp-content\/uploads\/elementor\/thumbs\/sjofrakt_01_3.3.2-p8nbft2dd8g3d1eodr697y30fvqj44l9huiccipu8o.png","type":"","width":"","height":""}],"twitter_card":"summary_large_image","twitter_misc":{"Est. reading time":"2 minutes"},"schema":{"@context":"https:\/\/schema.org","@graph":[{"@type":"WebPage","@id":"https:\/\/olog.no\/import\/sjofrakt-til-norge\/","url":"https:\/\/olog.no\/import\/sjofrakt-til-norge\/","name":"Sj\u00f8frakt til Norge - Spesialister p\u00e5 logistikk og frakt","isPartOf":{"@id":"https:\/\/olog.no\/#website"},"primaryImageOfPage":{"@id":"https:\/\/olog.no\/import\/sjofrakt-til-norge\/#primaryimage"},"image":{"@id":"https:\/\/olog.no\/import\/sjofrakt-til-norge\/#primaryimage"},"thumbnailUrl":"https:\/\/olog.wpenginepowered.com\/wp-content\/uploads\/elementor\/thumbs\/sjofrakt_01_3.3.2-p8nbft2dd8g3d1eodr697y30fvqj44l9huiccipu8o.png","datePublished":"2025-04-29T13:12:09+00:00","description":"Sj\u00f8transport er den mest \u00f8konomiske m\u00e5ten \u00e5 frakte varene sine p\u00e5 dersom man har st\u00f8rre partier og har planlagt innkj\u00f8pene sine godt","breadcrumb":{"@id":"https:\/\/olog.no\/import\/sjofrakt-til-norge\/#breadcrumb"},"inLanguage":"en-US","potentialAction":[{"@type":"ReadAction","target":["https:\/\/olog.no\/import\/sjofrakt-til-norge\/"]}]},{"@type":"ImageObject","inLanguage":"en-US","@id":"https:\/\/olog.no\/import\/sjofrakt-til-norge\/#primaryimage","url":"https:\/\/olog.wpenginepowered.com\/wp-content\/uploads\/elementor\/thumbs\/sjofrakt_01_3.3.2-p8nbft2dd8g3d1eodr697y30fvqj44l9huiccipu8o.png","contentUrl":"https:\/\/olog.wpenginepowered.com\/wp-content\/uploads\/elementor\/thumbs\/sjofrakt_01_3.3.2-p8nbft2dd8g3d1eodr697y30fvqj44l9huiccipu8o.png"},{"@type":"BreadcrumbList","@id":"https:\/\/olog.no\/import\/sjofrakt-til-norge\/#breadcrumb","itemListElement":[{"@type":"ListItem","position":1,"name":"Import","item":"https:\/\/olog.no\/import\/"},{"@type":"ListItem","position":2,"name":"Sj\u00f8frakt til Norge"}]},{"@type":"WebSite","@id":"https:\/\/olog.no\/#website","url":"https:\/\/olog.no\/","name":"Spesialister p\u00e5 logistikk og frakt","description":"Internasjonalt spedisjonsselskap innen fly, sj\u00f8 og togfrakt i tillegg til fortollingstjenester med kontor p\u00e5 Gardermoen.","publisher":{"@id":"https:\/\/olog.no\/#organization"},"potentialAction":[{"@type":"SearchAction","target":{"@type":"EntryPoint","urlTemplate":"https:\/\/olog.no\/?s={search_term_string}"},"query-input":{"@type":"PropertyValueSpecification","valueRequired":true,"valueName":"search_term_string"}}],"inLanguage":"en-US"},{"@type":"Organization","@id":"https:\/\/olog.no\/#organization","name":"Spesialister p\u00e5 logistikk og frakt","url":"https:\/\/olog.no\/","logo":{"@type":"ImageObject","inLanguage":"en-US","@id":"https:\/\/olog.no\/#\/schema\/logo\/image\/","url":"https:\/\/olog.no\/wp-content\/uploads\/2021\/03\/OLOG.png","contentUrl":"https:\/\/olog.no\/wp-content\/uploads\/2021\/03\/OLOG.png","width":347,"height":122,"caption":"Spesialister p\u00e5 logistikk og frakt"},"image":{"@id":"https:\/\/olog.no\/#\/schema\/logo\/image\/"}}]}},"_links":{"self":[{"href":"https:\/\/olog.no\/en\/wp-json\/wp\/v2\/pages\/303","targetHints":{"allow":["GET"]}}],"collection":[{"href":"https:\/\/olog.no\/en\/wp-json\/wp\/v2\/pages"}],"about":[{"href":"https:\/\/olog.no\/en\/wp-json\/wp\/v2\/types\/page"}],"author":[{"embeddable":true,"href":"https:\/\/olog.no\/en\/wp-json\/wp\/v2\/users\/136"}],"replies":[{"embeddable":true,"href":"https:\/\/olog.no\/en\/wp-json\/wp\/v2\/comments?post=303"}],"version-history":[{"count":0,"href":"https:\/\/olog.no\/en\/wp-json\/wp\/v2\/pages\/303\/revisions"}],"up":[{"embeddable":true,"href":"https:\/\/olog.no\/en\/wp-json\/wp\/v2\/pages\/87"}],"wp:attachment":[{"href":"https:\/\/olog.no\/en\/wp-json\/wp\/v2\/media?parent=303"}],"curies":[{"name":"wp","href":"https:\/\/api.w.org\/{rel}","templated":true}]}}