{"id":308,"date":"2025-04-29T15:12:09","date_gmt":"2025-04-29T13:12:09","guid":{"rendered":"https:\/\/olog.wpenginepowered.com\/?page_id=308"},"modified":"2025-04-29T15:12:09","modified_gmt":"2025-04-29T13:12:09","slug":"tog-til-norge","status":"publish","type":"page","link":"https:\/\/olog.no\/en\/import\/tog-til-norge\/","title":{"rendered":"Railfreight to Norway"},"content":{"rendered":"<div data-elementor-type=\"wp-page\" data-elementor-id=\"308\" class=\"elementor elementor-308\" data-elementor-settings=\"{&quot;ha_cmc_init_switcher&quot;:&quot;no&quot;}\" data-elementor-post-type=\"page\">\n\t\t\t\t\t\t<section class=\"elementor-section elementor-top-section elementor-element elementor-element-9be757e elementor-section-boxed elementor-section-height-default elementor-section-height-default\" data-id=\"9be757e\" data-element_type=\"section\" data-e-type=\"section\" data-settings=\"{&quot;background_background&quot;:&quot;classic&quot;,&quot;_ha_eqh_enable&quot;:false}\">\n\t\t\t\t\t\t<div class=\"elementor-container elementor-column-gap-wide\">\n\t\t\t\t\t<div class=\"elementor-column elementor-col-50 elementor-top-column elementor-element elementor-element-ac71939\" data-id=\"ac71939\" data-element_type=\"column\" data-e-type=\"column\">\n\t\t\t<div class=\"elementor-widget-wrap elementor-element-populated\">\n\t\t\t\t\t\t<div class=\"elementor-element elementor-element-77c0964 elementor-align-left elementor-widget elementor-widget-breadcrumbs\" data-id=\"77c0964\" data-element_type=\"widget\" data-e-type=\"widget\" data-widget_type=\"breadcrumbs.default\">\n\t\t\t\t<div class=\"elementor-widget-container\">\n\t\t\t\t\t<p id=\"breadcrumbs\"><\/p>\t\t\t\t<\/div>\n\t\t\t\t<\/div>\n\t\t\t\t<div class=\"elementor-element elementor-element-b5673d4 elementor-widget elementor-widget-heading\" data-id=\"b5673d4\" data-element_type=\"widget\" data-e-type=\"widget\" data-widget_type=\"heading.default\">\n\t\t\t\t<div class=\"elementor-widget-container\">\n\t\t\t\t\t<h1 class=\"elementor-heading-title elementor-size-default\">Railfreight to Norway<\/h1>\t\t\t\t<\/div>\n\t\t\t\t<\/div>\n\t\t\t\t<div class=\"elementor-element elementor-element-7ceb1fd elementor-widget-divider--view-line elementor-widget elementor-widget-divider\" data-id=\"7ceb1fd\" data-element_type=\"widget\" data-e-type=\"widget\" data-widget_type=\"divider.default\">\n\t\t\t\t<div class=\"elementor-widget-container\">\n\t\t\t\t\t\t\t<div class=\"elementor-divider\">\n\t\t\t<span class=\"elementor-divider-separator\">\n\t\t\t\t\t\t<\/span>\n\t\t<\/div>\n\t\t\t\t\t\t<\/div>\n\t\t\t\t<\/div>\n\t\t\t\t<div class=\"elementor-element elementor-element-68bf36b elementor-widget elementor-widget-text-editor\" data-id=\"68bf36b\" data-element_type=\"widget\" data-e-type=\"widget\" data-widget_type=\"text-editor.default\">\n\t\t\t\t<div class=\"elementor-widget-container\">\n\t\t\t\t\t\t\t\t\t<p>Railfreight from the Far East has long been a somewhat forgotten transport mode, but had a sharp upswing during 2020 and the Corona's challenges with lack of capacity and rapidly rising rates at sea and air freight. Transporting goods by rail from China is placed somewhere between seafreight and airfreight. Significantly faster than seafreight and significantly cheaper than airfreight, railfreight is good alternative for larger volumes such as LCL\/general cargo or FCL\/full containers. Overseas Logistics has offered our customers railfreight from China since 2017 and has gained good experience with the railway as a freight alternative. Railfreight is more climate friendly and quite similar to seafreight since the goods are loaded in containers, the routing is of course different and on arrival in Europe the containers are transhipped in Germany or Poland with delivery directly to the customer or to a terminal near Oslo for distribution.<\/p>\t\t\t\t\t\t\t\t<\/div>\n\t\t\t\t<\/div>\n\t\t\t\t\t<\/div>\n\t\t<\/div>\n\t\t\t\t<div class=\"elementor-column elementor-col-50 elementor-top-column elementor-element elementor-element-e1bfb84\" data-id=\"e1bfb84\" data-element_type=\"column\" data-e-type=\"column\">\n\t\t\t<div class=\"elementor-widget-wrap elementor-element-populated\">\n\t\t\t\t\t\t<div class=\"elementor-element elementor-element-0ed7f6b elementor-widget elementor-widget-image\" data-id=\"0ed7f6b\" data-element_type=\"widget\" data-e-type=\"widget\" data-widget_type=\"image.default\">\n\t\t\t\t<div class=\"elementor-widget-container\">\n\t\t\t\t\t\t\t\t\t\t\t\t\t\t\t<img decoding=\"async\" src=\"https:\/\/olog.no\/wp-content\/uploads\/elementor\/thumbs\/train_1.5.1-qcsles3gpucqn3oxqy1y9hpzh9w5br9yy03asnuq8o.png\" title=\"train_1.5.1\" alt=\"Overseas Logistics -Togfrakt til Norge\" loading=\"lazy\" \/>\t\t\t\t\t\t\t\t\t\t\t\t\t\t\t<\/div>\n\t\t\t\t<\/div>\n\t\t\t\t\t<\/div>\n\t\t<\/div>\n\t\t\t\t\t<\/div>\n\t\t<\/section>\n\t\t\t\t<section class=\"elementor-section elementor-top-section elementor-element elementor-element-dc7bc08 elementor-section-boxed elementor-section-height-default elementor-section-height-default\" data-id=\"dc7bc08\" data-element_type=\"section\" data-e-type=\"section\" data-settings=\"{&quot;_ha_eqh_enable&quot;:false}\">\n\t\t\t\t\t\t<div class=\"elementor-container elementor-column-gap-default\">\n\t\t\t\t\t<div class=\"elementor-column elementor-col-100 elementor-top-column elementor-element elementor-element-66f4b60\" data-id=\"66f4b60\" data-element_type=\"column\" data-e-type=\"column\">\n\t\t\t<div class=\"elementor-widget-wrap elementor-element-populated\">\n\t\t\t\t\t\t<section class=\"elementor-section elementor-inner-section elementor-element elementor-element-b5801ec elementor-section-boxed elementor-section-height-default elementor-section-height-default\" data-id=\"b5801ec\" data-element_type=\"section\" data-e-type=\"section\" data-settings=\"{&quot;_ha_eqh_enable&quot;:false}\">\n\t\t\t\t\t\t<div class=\"elementor-container elementor-column-gap-default\">\n\t\t\t\t\t<div class=\"elementor-column elementor-col-100 elementor-inner-column elementor-element elementor-element-b4b04f8\" data-id=\"b4b04f8\" data-element_type=\"column\" data-e-type=\"column\">\n\t\t\t<div class=\"elementor-widget-wrap elementor-element-populated\">\n\t\t\t\t\t\t<div class=\"elementor-element elementor-element-a45c183 elementor-widget elementor-widget-text-editor\" data-id=\"a45c183\" data-element_type=\"widget\" data-e-type=\"widget\" data-widget_type=\"text-editor.default\">\n\t\t\t\t<div class=\"elementor-widget-container\">\n\t\t\t\t\t\t\t\t\t<p><strong>Railfreight is suitable for:<\/strong><\/p><p>- High value goods shipped in large volumes<br \/>- Goods arriving your market sooner<br \/>- Regular shipments with shorter lead times<br \/>- Reduction of your local inventory<br \/>- Shorter lead times without increasing carbon footprint<\/p><p><strong>Typical lead times station-station:<\/strong><\/p><p>- from China 16-19 days<\/p>\t\t\t\t\t\t\t\t<\/div>\n\t\t\t\t<\/div>\n\t\t\t\t\t<\/div>\n\t\t<\/div>\n\t\t\t\t\t<\/div>\n\t\t<\/section>\n\t\t\t\t\t<\/div>\n\t\t<\/div>\n\t\t\t\t\t<\/div>\n\t\t<\/section>\n\t\t\t\t<section class=\"elementor-section elementor-top-section elementor-element elementor-element-6c26ff63 elementor-section-content-middle elementor-section-boxed elementor-section-height-default elementor-section-height-default\" data-id=\"6c26ff63\" data-element_type=\"section\" data-e-type=\"section\" data-settings=\"{&quot;_ha_eqh_enable&quot;:false}\">\n\t\t\t\t\t\t<div class=\"elementor-container elementor-column-gap-no\">\n\t\t\t\t\t<div class=\"elementor-column elementor-col-50 elementor-top-column elementor-element elementor-element-46663edc\" data-id=\"46663edc\" data-element_type=\"column\" data-e-type=\"column\">\n\t\t\t<div class=\"elementor-widget-wrap elementor-element-populated\">\n\t\t\t\t\t\t<div class=\"elementor-element elementor-element-2cb061e elementor-widget elementor-widget-heading\" data-id=\"2cb061e\" data-element_type=\"widget\" data-e-type=\"widget\" data-widget_type=\"heading.default\">\n\t\t\t\t<div class=\"elementor-widget-container\">\n\t\t\t\t\t<h2 class=\"elementor-heading-title elementor-size-default\">FCL: Full container<\/h2>\t\t\t\t<\/div>\n\t\t\t\t<\/div>\n\t\t\t\t<div class=\"elementor-element elementor-element-a8fe4b3 elementor-widget elementor-widget-text-editor\" data-id=\"a8fe4b3\" data-element_type=\"widget\" data-e-type=\"widget\" data-widget_type=\"text-editor.default\">\n\t\t\t\t<div class=\"elementor-widget-container\">\n\t\t\t\t\t\t\t\t\t<p>Full containers (FCL) contains goods for one single customer only. FCL is appropriate and most economical for big volumes and goods characteristics is not loadable together with other types of goods. After Import clearance container can be delivered direct to customer for unloading.<\/p>\t\t\t\t\t\t\t\t<\/div>\n\t\t\t\t<\/div>\n\t\t\t\t\t<\/div>\n\t\t<\/div>\n\t\t\t\t<div class=\"elementor-column elementor-col-50 elementor-top-column elementor-element elementor-element-af00b1e\" data-id=\"af00b1e\" data-element_type=\"column\" data-e-type=\"column\">\n\t\t\t<div class=\"elementor-widget-wrap elementor-element-populated\">\n\t\t\t\t\t\t<div class=\"elementor-element elementor-element-b856b95 elementor-widget elementor-widget-heading\" data-id=\"b856b95\" data-element_type=\"widget\" data-e-type=\"widget\" data-widget_type=\"heading.default\">\n\t\t\t\t<div class=\"elementor-widget-container\">\n\t\t\t\t\t<h2 class=\"elementor-heading-title elementor-size-default\">LCL: General Cargo<\/h2>\t\t\t\t<\/div>\n\t\t\t\t<\/div>\n\t\t\t\t<div class=\"elementor-element elementor-element-80d412b elementor-widget elementor-widget-text-editor\" data-id=\"80d412b\" data-element_type=\"widget\" data-e-type=\"widget\" data-widget_type=\"text-editor.default\">\n\t\t\t\t<div class=\"elementor-widget-container\">\n\t\t\t\t\t\t\t\t\t<p>With LCL service goods are loaded in consolidated containers with cargo to multiple consignees, and each party pays for their demanded space in container. LCL is a solution when shipper do not have enough volume to fill or justify freightcost for FCL.<\/p>\t\t\t\t\t\t\t\t<\/div>\n\t\t\t\t<\/div>\n\t\t\t\t\t<\/div>\n\t\t<\/div>\n\t\t\t\t\t<\/div>\n\t\t<\/section>\n\t\t\t\t<\/div>","protected":false},"excerpt":{"rendered":"<p>Togfrakt til Norge Togfrakt fra fjerne \u00d8sten er lenge v\u00e6rt en litt glemt fraktmetode av varer, men fikk ett voldsomt oppsving i l\u00f8pet av 2020 og Coronaens utfordringer med kapasitetsmangel og raskt stigende rater p\u00e5 sj\u00f8 og flyfrakt. \u00c5 frakte varer p\u00e5 jernbane fra Kina plasseres seg ett sted mellom sj\u00f8frakt og flyfrakt. Betydelig raskere [&hellip;]<\/p>\n","protected":false},"author":136,"featured_media":0,"parent":87,"menu_order":0,"comment_status":"closed","ping_status":"closed","template":"","meta":{"footnotes":""},"class_list":["post-308","page","type-page","status-publish","hentry"],"yoast_head":"<!-- This site is optimized with the Yoast SEO plugin v26.5 - https:\/\/yoast.com\/wordpress\/plugins\/seo\/ -->\n<title>Togfrakt til Norge - Spesialister p\u00e5 logistikk og frakt<\/title>\n<meta name=\"description\" content=\"Togfrakt er betydelig raskere enn sj\u00f8frakt og billigere enn flytransport. Togfrakt passer utmerket for litt st\u00f8rre partier som LCL og FCL.\" \/>\n<meta name=\"robots\" content=\"index, follow, max-snippet:-1, max-image-preview:large, max-video-preview:-1\" \/>\n<link rel=\"canonical\" href=\"https:\/\/olog.no\/en\/import\/tog-til-norge\/\" \/>\n<meta property=\"og:locale\" content=\"en_US\" \/>\n<meta property=\"og:type\" content=\"article\" \/>\n<meta property=\"og:title\" content=\"Togfrakt til Norge - Spesialister p\u00e5 logistikk og frakt\" \/>\n<meta property=\"og:description\" content=\"Togfrakt er betydelig raskere enn sj\u00f8frakt og billigere enn flytransport. Togfrakt passer utmerket for litt st\u00f8rre partier som LCL og FCL.\" \/>\n<meta property=\"og:url\" content=\"https:\/\/olog.no\/en\/import\/tog-til-norge\/\" \/>\n<meta property=\"og:site_name\" content=\"Spesialister p\u00e5 logistikk og frakt\" \/>\n<meta property=\"og:image\" content=\"https:\/\/olog.wpenginepowered.com\/wp-content\/uploads\/elementor\/thumbs\/train_1.5.1-p8neu8jlje1lklkkh6bwhjvdvmamovmnbti3mz6tso.png\" \/>\n<meta name=\"twitter:card\" content=\"summary_large_image\" \/>\n<meta name=\"twitter:label1\" content=\"Est. reading time\" \/>\n\t<meta name=\"twitter:data1\" content=\"2 minutes\" \/>\n<script type=\"application\/ld+json\" class=\"yoast-schema-graph\">{\"@context\":\"https:\/\/schema.org\",\"@graph\":[{\"@type\":\"WebPage\",\"@id\":\"https:\/\/olog.no\/import\/tog-til-norge\/\",\"url\":\"https:\/\/olog.no\/import\/tog-til-norge\/\",\"name\":\"Togfrakt til Norge - Spesialister p\u00e5 logistikk og frakt\",\"isPartOf\":{\"@id\":\"https:\/\/olog.no\/#website\"},\"primaryImageOfPage\":{\"@id\":\"https:\/\/olog.no\/import\/tog-til-norge\/#primaryimage\"},\"image\":{\"@id\":\"https:\/\/olog.no\/import\/tog-til-norge\/#primaryimage\"},\"thumbnailUrl\":\"https:\/\/olog.wpenginepowered.com\/wp-content\/uploads\/elementor\/thumbs\/train_1.5.1-p8neu8jlje1lklkkh6bwhjvdvmamovmnbti3mz6tso.png\",\"datePublished\":\"2025-04-29T13:12:09+00:00\",\"description\":\"Togfrakt er betydelig raskere enn sj\u00f8frakt og billigere enn flytransport. Togfrakt passer utmerket for litt st\u00f8rre partier som LCL og FCL.\",\"breadcrumb\":{\"@id\":\"https:\/\/olog.no\/import\/tog-til-norge\/#breadcrumb\"},\"inLanguage\":\"en-US\",\"potentialAction\":[{\"@type\":\"ReadAction\",\"target\":[\"https:\/\/olog.no\/import\/tog-til-norge\/\"]}]},{\"@type\":\"ImageObject\",\"inLanguage\":\"en-US\",\"@id\":\"https:\/\/olog.no\/import\/tog-til-norge\/#primaryimage\",\"url\":\"https:\/\/olog.wpenginepowered.com\/wp-content\/uploads\/elementor\/thumbs\/train_1.5.1-p8neu8jlje1lklkkh6bwhjvdvmamovmnbti3mz6tso.png\",\"contentUrl\":\"https:\/\/olog.wpenginepowered.com\/wp-content\/uploads\/elementor\/thumbs\/train_1.5.1-p8neu8jlje1lklkkh6bwhjvdvmamovmnbti3mz6tso.png\"},{\"@type\":\"BreadcrumbList\",\"@id\":\"https:\/\/olog.no\/import\/tog-til-norge\/#breadcrumb\",\"itemListElement\":[{\"@type\":\"ListItem\",\"position\":1,\"name\":\"Import\",\"item\":\"https:\/\/olog.no\/import\/\"},{\"@type\":\"ListItem\",\"position\":2,\"name\":\"Togfrakt til Norge\"}]},{\"@type\":\"WebSite\",\"@id\":\"https:\/\/olog.no\/#website\",\"url\":\"https:\/\/olog.no\/\",\"name\":\"Spesialister p\u00e5 logistikk og frakt\",\"description\":\"Internasjonalt spedisjonsselskap innen fly, sj\u00f8 og togfrakt i tillegg til fortollingstjenester med kontor p\u00e5 Gardermoen.\",\"publisher\":{\"@id\":\"https:\/\/olog.no\/#organization\"},\"potentialAction\":[{\"@type\":\"SearchAction\",\"target\":{\"@type\":\"EntryPoint\",\"urlTemplate\":\"https:\/\/olog.no\/?s={search_term_string}\"},\"query-input\":{\"@type\":\"PropertyValueSpecification\",\"valueRequired\":true,\"valueName\":\"search_term_string\"}}],\"inLanguage\":\"en-US\"},{\"@type\":\"Organization\",\"@id\":\"https:\/\/olog.no\/#organization\",\"name\":\"Spesialister p\u00e5 logistikk og frakt\",\"url\":\"https:\/\/olog.no\/\",\"logo\":{\"@type\":\"ImageObject\",\"inLanguage\":\"en-US\",\"@id\":\"https:\/\/olog.no\/#\/schema\/logo\/image\/\",\"url\":\"https:\/\/olog.no\/wp-content\/uploads\/2021\/03\/OLOG.png\",\"contentUrl\":\"https:\/\/olog.no\/wp-content\/uploads\/2021\/03\/OLOG.png\",\"width\":347,\"height\":122,\"caption\":\"Spesialister p\u00e5 logistikk og frakt\"},\"image\":{\"@id\":\"https:\/\/olog.no\/#\/schema\/logo\/image\/\"}}]}<\/script>\n<!-- \/ Yoast SEO plugin. -->","yoast_head_json":{"title":"Togfrakt til Norge - Spesialister p\u00e5 logistikk og frakt","description":"Togfrakt er betydelig raskere enn sj\u00f8frakt og billigere enn flytransport. Togfrakt passer utmerket for litt st\u00f8rre partier som LCL og FCL.","robots":{"index":"index","follow":"follow","max-snippet":"max-snippet:-1","max-image-preview":"max-image-preview:large","max-video-preview":"max-video-preview:-1"},"canonical":"https:\/\/olog.no\/en\/import\/tog-til-norge\/","og_locale":"en_US","og_type":"article","og_title":"Togfrakt til Norge - Spesialister p\u00e5 logistikk og frakt","og_description":"Togfrakt er betydelig raskere enn sj\u00f8frakt og billigere enn flytransport. Togfrakt passer utmerket for litt st\u00f8rre partier som LCL og FCL.","og_url":"https:\/\/olog.no\/en\/import\/tog-til-norge\/","og_site_name":"Spesialister p\u00e5 logistikk og frakt","og_image":[{"url":"https:\/\/olog.wpenginepowered.com\/wp-content\/uploads\/elementor\/thumbs\/train_1.5.1-p8neu8jlje1lklkkh6bwhjvdvmamovmnbti3mz6tso.png","type":"","width":"","height":""}],"twitter_card":"summary_large_image","twitter_misc":{"Est. reading time":"2 minutes"},"schema":{"@context":"https:\/\/schema.org","@graph":[{"@type":"WebPage","@id":"https:\/\/olog.no\/import\/tog-til-norge\/","url":"https:\/\/olog.no\/import\/tog-til-norge\/","name":"Togfrakt til Norge - Spesialister p\u00e5 logistikk og frakt","isPartOf":{"@id":"https:\/\/olog.no\/#website"},"primaryImageOfPage":{"@id":"https:\/\/olog.no\/import\/tog-til-norge\/#primaryimage"},"image":{"@id":"https:\/\/olog.no\/import\/tog-til-norge\/#primaryimage"},"thumbnailUrl":"https:\/\/olog.wpenginepowered.com\/wp-content\/uploads\/elementor\/thumbs\/train_1.5.1-p8neu8jlje1lklkkh6bwhjvdvmamovmnbti3mz6tso.png","datePublished":"2025-04-29T13:12:09+00:00","description":"Togfrakt er betydelig raskere enn sj\u00f8frakt og billigere enn flytransport. Togfrakt passer utmerket for litt st\u00f8rre partier som LCL og FCL.","breadcrumb":{"@id":"https:\/\/olog.no\/import\/tog-til-norge\/#breadcrumb"},"inLanguage":"en-US","potentialAction":[{"@type":"ReadAction","target":["https:\/\/olog.no\/import\/tog-til-norge\/"]}]},{"@type":"ImageObject","inLanguage":"en-US","@id":"https:\/\/olog.no\/import\/tog-til-norge\/#primaryimage","url":"https:\/\/olog.wpenginepowered.com\/wp-content\/uploads\/elementor\/thumbs\/train_1.5.1-p8neu8jlje1lklkkh6bwhjvdvmamovmnbti3mz6tso.png","contentUrl":"https:\/\/olog.wpenginepowered.com\/wp-content\/uploads\/elementor\/thumbs\/train_1.5.1-p8neu8jlje1lklkkh6bwhjvdvmamovmnbti3mz6tso.png"},{"@type":"BreadcrumbList","@id":"https:\/\/olog.no\/import\/tog-til-norge\/#breadcrumb","itemListElement":[{"@type":"ListItem","position":1,"name":"Import","item":"https:\/\/olog.no\/import\/"},{"@type":"ListItem","position":2,"name":"Togfrakt til Norge"}]},{"@type":"WebSite","@id":"https:\/\/olog.no\/#website","url":"https:\/\/olog.no\/","name":"Spesialister p\u00e5 logistikk og frakt","description":"Internasjonalt spedisjonsselskap innen fly, sj\u00f8 og togfrakt i tillegg til fortollingstjenester med kontor p\u00e5 Gardermoen.","publisher":{"@id":"https:\/\/olog.no\/#organization"},"potentialAction":[{"@type":"SearchAction","target":{"@type":"EntryPoint","urlTemplate":"https:\/\/olog.no\/?s={search_term_string}"},"query-input":{"@type":"PropertyValueSpecification","valueRequired":true,"valueName":"search_term_string"}}],"inLanguage":"en-US"},{"@type":"Organization","@id":"https:\/\/olog.no\/#organization","name":"Spesialister p\u00e5 logistikk og frakt","url":"https:\/\/olog.no\/","logo":{"@type":"ImageObject","inLanguage":"en-US","@id":"https:\/\/olog.no\/#\/schema\/logo\/image\/","url":"https:\/\/olog.no\/wp-content\/uploads\/2021\/03\/OLOG.png","contentUrl":"https:\/\/olog.no\/wp-content\/uploads\/2021\/03\/OLOG.png","width":347,"height":122,"caption":"Spesialister p\u00e5 logistikk og frakt"},"image":{"@id":"https:\/\/olog.no\/#\/schema\/logo\/image\/"}}]}},"_links":{"self":[{"href":"https:\/\/olog.no\/en\/wp-json\/wp\/v2\/pages\/308","targetHints":{"allow":["GET"]}}],"collection":[{"href":"https:\/\/olog.no\/en\/wp-json\/wp\/v2\/pages"}],"about":[{"href":"https:\/\/olog.no\/en\/wp-json\/wp\/v2\/types\/page"}],"author":[{"embeddable":true,"href":"https:\/\/olog.no\/en\/wp-json\/wp\/v2\/users\/136"}],"replies":[{"embeddable":true,"href":"https:\/\/olog.no\/en\/wp-json\/wp\/v2\/comments?post=308"}],"version-history":[{"count":0,"href":"https:\/\/olog.no\/en\/wp-json\/wp\/v2\/pages\/308\/revisions"}],"up":[{"embeddable":true,"href":"https:\/\/olog.no\/en\/wp-json\/wp\/v2\/pages\/87"}],"wp:attachment":[{"href":"https:\/\/olog.no\/en\/wp-json\/wp\/v2\/media?parent=308"}],"curies":[{"name":"wp","href":"https:\/\/api.w.org\/{rel}","templated":true}]}}